{"id":2368,"date":"2019-09-30T11:11:56","date_gmt":"2019-09-30T11:11:56","guid":{"rendered":"http:\/\/www.ginlac2019.cz.uvirt84.active24.cz\/uber-uns\/"},"modified":"2021-08-20T14:57:26","modified_gmt":"2021-08-20T14:57:26","slug":"uber-uns","status":"publish","type":"page","link":"https:\/\/www.ginlac.eu\/de\/uber-uns\/","title":{"rendered":"\u00dcber uns"},"content":{"rendered":"\t\t<div data-elementor-type=\"wp-page\" data-elementor-id=\"2368\" class=\"elementor elementor-2368 elementor-2084\">\n\t\t\t\t\t\t<div class=\"elementor-inner\">\n\t\t\t\t<div class=\"elementor-section-wrap\">\n\t\t\t\t\t\t\t\t\t<section class=\"elementor-section elementor-top-section elementor-element elementor-element-e37a3f5 elementor-section-boxed elementor-section-height-default elementor-section-height-default\" data-id=\"e37a3f5\" data-element_type=\"section\">\n\t\t\t\t\t\t<div class=\"elementor-container elementor-column-gap-default\">\n\t\t\t\t\t\t\t<div class=\"elementor-row\">\n\t\t\t\t\t<div class=\"elementor-column elementor-col-100 elementor-top-column elementor-element elementor-element-a31b305\" data-id=\"a31b305\" data-element_type=\"column\">\n\t\t\t<div class=\"elementor-column-wrap elementor-element-populated\">\n\t\t\t\t\t\t\t<div class=\"elementor-widget-wrap\">\n\t\t\t\t\t\t<div class=\"elementor-element elementor-element-f6c3956 elementor-widget elementor-widget-heading\" data-id=\"f6c3956\" data-element_type=\"widget\" data-widget_type=\"heading.default\">\n\t\t\t\t<div class=\"elementor-widget-container\">\n\t\t\t<h1 class=\"elementor-heading-title elementor-size-xl\">\u00dcber uns<\/h1>\t\t<\/div>\n\t\t\t\t<\/div>\n\t\t\t\t<div class=\"elementor-element elementor-element-bf7d0fd elementor-widget-divider--view-line elementor-widget elementor-widget-divider\" data-id=\"bf7d0fd\" data-element_type=\"widget\" data-widget_type=\"divider.default\">\n\t\t\t\t<div class=\"elementor-widget-container\">\n\t\t\t\t\t<div class=\"elementor-divider\">\n\t\t\t<span class=\"elementor-divider-separator\">\n\t\t\t\t\t\t<\/span>\n\t\t<\/div>\n\t\t\t\t<\/div>\n\t\t\t\t<\/div>\n\t\t\t\t\t\t<\/div>\n\t\t\t\t\t<\/div>\n\t\t<\/div>\n\t\t\t\t\t\t\t\t<\/div>\n\t\t\t\t\t<\/div>\n\t\t<\/section>\n\t\t\t\t<section class=\"elementor-section elementor-top-section elementor-element elementor-element-2864486 elementor-section-boxed elementor-section-height-default elementor-section-height-default\" data-id=\"2864486\" data-element_type=\"section\">\n\t\t\t\t\t\t<div class=\"elementor-container elementor-column-gap-default\">\n\t\t\t\t\t\t\t<div class=\"elementor-row\">\n\t\t\t\t\t<div class=\"elementor-column elementor-col-50 elementor-top-column elementor-element elementor-element-0af329d\" data-id=\"0af329d\" data-element_type=\"column\">\n\t\t\t<div class=\"elementor-column-wrap elementor-element-populated\">\n\t\t\t\t\t\t\t<div class=\"elementor-widget-wrap\">\n\t\t\t\t\t\t<div class=\"elementor-element elementor-element-7e8ff40 elementor-widget elementor-widget-text-editor\" data-id=\"7e8ff40\" data-element_type=\"widget\" data-widget_type=\"text-editor.default\">\n\t\t\t\t<div class=\"elementor-widget-container\">\n\t\t\t\t\t\t\t\t<div class=\"elementor-text-editor elementor-clearfix\">\n\t\t\t\t<p>Die Firma GINLAC befasst sich schon seit <strong>\u00fcber 27 Jahren<\/strong> mit der Verarbeitung von Ginseng und geh\u00f6rt in S\u00fcdkorea zu den <strong>bedeutenden Herstellern mit einer breiten Produktpalette<\/strong>, die das Qualit\u00e4tsmarkenzeichen <strong>Korea INSAM tragen<\/strong>. Dieses Markenzeichen d\u00fcrfen nur diejenigen koreanischer Hersteller benutzen, die ausschlie\u00dflich garantiert echten koreanischen Ginseng (Panax Ginseng) von zertifizierten Z\u00fcchtern verarbeiten und bei der Verarbeitung der Wurzeln die strengen Verfahren und Normen einhalten.<\/p>\n\t\t\t\t\t<\/div>\n\t\t\t\t\t\t<\/div>\n\t\t\t\t<\/div>\n\t\t\t\t<div class=\"elementor-element elementor-element-48a3467 elementor-widget elementor-widget-text-editor\" data-id=\"48a3467\" data-element_type=\"widget\" data-widget_type=\"text-editor.default\">\n\t\t\t\t<div class=\"elementor-widget-container\">\n\t\t\t\t\t\t\t\t<div class=\"elementor-text-editor elementor-clearfix\">\n\t\t\t\t<p>Der Gr\u00fcnder und Pr\u00e4sident der Firma, Herr Kim Sung Bok, legt vor allem Wert auf die Qualit\u00e4t und die Verarbeitung von nur erstklassigem Ginseng gepr\u00fcfter Z\u00fcchter mit \u00f6kologischer Landwirtschaft. Das Labor der Firma GINLAC inkl. der Produktionseinrichtungen des Mutterwerks KUAN Industrial Co.Ltd sind mit den modernsten Ger\u00e4ten ausgestattet, welche die Einhaltung der h\u00f6chsten Verarbeitungsstandards garantieren.<\/p>\n<p>Das staatliche Gesundheitsamt erteile der Firma GINLAC ein Qualit\u00e4tszertifikat und gleichzeitig tragen alle Produkte das Siegel des Health Functional Food Verbandes, was ein Zeichen h\u00f6chster Qualit\u00e4t f\u00fcr Nahrungserg\u00e4nzungsmittel auf dem s\u00fcdkoreanischen Markt ist. Au\u00dferdem besch\u00e4ftigt sich die Firma GINLAC mit der Entwicklung neuer Technologien und ist Inhaber mehrerer Patente. Das wichtigste dieser ist das Patent zur Fermentation der Extrakte des roten Ginseng. Dank dieser einmaligen Technologie kann unser Organismus eine maximale Menge an Ginsenosiden (Aktivstoffen) aufnehmen, die der menschliche K\u00f6rper ansonsten teilweise ohne Nutzung ausscheidet.<\/p>\n\t\t\t\t\t<\/div>\n\t\t\t\t\t\t<\/div>\n\t\t\t\t<\/div>\n\t\t\t\t<div class=\"elementor-element elementor-element-8219daa elementor-widget elementor-widget-text-editor\" data-id=\"8219daa\" data-element_type=\"widget\" data-widget_type=\"text-editor.default\">\n\t\t\t\t<div class=\"elementor-widget-container\">\n\t\t\t\t\t\t\t\t<div class=\"elementor-text-editor elementor-clearfix\">\n\t\t\t\t<p>Die Firma GINLAC exportiert ihre Produkte in die USA, nach Kanada, Japan, Hong Kong, Singapur, in einige s\u00fcdamerikanische Staaten, nach China, Russland, Australien, Neuseeland und seit dem Jahre 2015 dank des Unternehmens KGI auch nach Europa. Das Unternehmen KGI (Korean Ginseng Import) ist exklusiver Importeur der Firma GINLAC f\u00fcr Europa mit Sitz in Prag, Tschechische Republik.<\/p>\n\t\t\t\t\t<\/div>\n\t\t\t\t\t\t<\/div>\n\t\t\t\t<\/div>\n\t\t\t\t\t\t<\/div>\n\t\t\t\t\t<\/div>\n\t\t<\/div>\n\t\t\t\t<div class=\"elementor-column elementor-col-50 elementor-top-column elementor-element elementor-element-48d2a0e\" data-id=\"48d2a0e\" data-element_type=\"column\">\n\t\t\t<div class=\"elementor-column-wrap elementor-element-populated\">\n\t\t\t\t\t\t\t<div class=\"elementor-widget-wrap\">\n\t\t\t\t\t\t<div class=\"elementor-element elementor-element-901b6b0 elementor-widget elementor-widget-image\" data-id=\"901b6b0\" data-element_type=\"widget\" data-widget_type=\"image.default\">\n\t\t\t\t<div class=\"elementor-widget-container\">\n\t\t\t\t\t\t\t\t<div class=\"elementor-image\">\n\t\t\t\t\t\t\t\t\t\t\t\t<img loading=\"lazy\" decoding=\"async\" width=\"180\" height=\"177\" src=\"https:\/\/www.ginlac.eu\/wp-content\/uploads\/certifications-insam-logo.png\" class=\"attachment-large size-large\" alt=\"\" \/>\t\t\t\t\t\t\t\t\t\t\t\t\t\t<\/div>\n\t\t\t\t\t\t<\/div>\n\t\t\t\t<\/div>\n\t\t\t\t\t\t<\/div>\n\t\t\t\t\t<\/div>\n\t\t<\/div>\n\t\t\t\t\t\t\t\t<\/div>\n\t\t\t\t\t<\/div>\n\t\t<\/section>\n\t\t\t\t<section class=\"elementor-section elementor-top-section elementor-element elementor-element-92cb8c7 elementor-section-full_width elementor-section-height-default elementor-section-height-default\" data-id=\"92cb8c7\" data-element_type=\"section\">\n\t\t\t\t\t\t<div class=\"elementor-container elementor-column-gap-no\">\n\t\t\t\t\t\t\t<div class=\"elementor-row\">\n\t\t\t\t\t<div class=\"elementor-column elementor-col-100 elementor-top-column elementor-element elementor-element-59f2f0d\" data-id=\"59f2f0d\" data-element_type=\"column\">\n\t\t\t<div class=\"elementor-column-wrap elementor-element-populated\">\n\t\t\t\t\t\t\t<div class=\"elementor-widget-wrap\">\n\t\t\t\t\t\t<div class=\"elementor-element elementor-element-04e6339 elementor-widget elementor-widget-template\" data-id=\"04e6339\" data-element_type=\"widget\" data-widget_type=\"template.default\">\n\t\t\t\t<div class=\"elementor-widget-container\">\n\t\t\t\t\t<div class=\"elementor-template\">\n\t\t\t\t\t<div data-elementor-type=\"section\" data-elementor-id=\"2450\" class=\"elementor elementor-2450 elementor-2046\">\n\t\t\t\t\t<div class=\"elementor-section-wrap\">\n\t\t\t\t\t\t\t\t<section class=\"elementor-section elementor-top-section elementor-element elementor-element-1437aeb elementor-section-height-min-height elementor-section-boxed elementor-section-height-default elementor-section-items-middle\" data-id=\"1437aeb\" data-element_type=\"section\" data-settings=\"{&quot;background_background&quot;:&quot;classic&quot;}\">\n\t\t\t\t\t\t\t<div class=\"elementor-background-overlay\"><\/div>\n\t\t\t\t\t\t\t<div class=\"elementor-container elementor-column-gap-default\">\n\t\t\t\t\t\t\t<div class=\"elementor-row\">\n\t\t\t\t\t<div class=\"elementor-column elementor-col-100 elementor-top-column elementor-element elementor-element-5387ab33\" data-id=\"5387ab33\" data-element_type=\"column\">\n\t\t\t<div class=\"elementor-column-wrap elementor-element-populated\">\n\t\t\t\t\t\t\t<div class=\"elementor-widget-wrap\">\n\t\t\t\t\t\t<div class=\"elementor-element elementor-element-2fd8bc35 elementor-widget elementor-widget-heading\" data-id=\"2fd8bc35\" data-element_type=\"widget\" data-widget_type=\"heading.default\">\n\t\t\t\t<div class=\"elementor-widget-container\">\n\t\t\t<h2 class=\"elementor-heading-title elementor-size-xl\">Bleiben Sie in Kontakt<\/h2>\t\t<\/div>\n\t\t\t\t<\/div>\n\t\t\t\t<div class=\"elementor-element elementor-element-3263f7d3 elementor-widget elementor-widget-text-editor\" data-id=\"3263f7d3\" data-element_type=\"widget\" data-widget_type=\"text-editor.default\">\n\t\t\t\t<div class=\"elementor-widget-container\">\n\t\t\t\t\t\t\t\t<div class=\"elementor-text-editor elementor-clearfix\">\n\t\t\t\t<p>Registriere dich f\u00fcr unseren Newsletter<\/p>\n\t\t\t\t\t<\/div>\n\t\t\t\t\t\t<\/div>\n\t\t\t\t<\/div>\n\t\t\t\t<div class=\"elementor-element elementor-element-6edd71b4 elementor-button-align-stretch elementor-widget elementor-widget-form\" data-id=\"6edd71b4\" data-element_type=\"widget\" data-settings=\"{&quot;button_width&quot;:&quot;25&quot;,&quot;step_next_label&quot;:&quot;Next&quot;,&quot;step_previous_label&quot;:&quot;Previous&quot;,&quot;step_type&quot;:&quot;number_text&quot;,&quot;step_icon_shape&quot;:&quot;circle&quot;}\" data-widget_type=\"form.default\">\n\t\t\t\t<div class=\"elementor-widget-container\">\n\t\t\t\t\t<form class=\"elementor-form\" method=\"post\" name=\"New Form\">\n\t\t\t<input type=\"hidden\" name=\"post_id\" value=\"2450\"\/>\n\t\t\t<input type=\"hidden\" name=\"form_id\" value=\"6edd71b4\"\/>\n\t\t\t<input type=\"hidden\" name=\"referer_title\" value=\"GINLAC &#8211; Korean Ginseng\" \/>\n\n\t\t\t\n\t\t\t<div class=\"elementor-form-fields-wrapper elementor-labels-\">\n\t\t\t\t\t\t\t\t<div class=\"elementor-field-type-email elementor-field-group elementor-column elementor-field-group-email elementor-col-75 elementor-field-required\">\n\t\t\t\t\t\t\t\t\t\t\t\t<label for=\"form-field-email\" class=\"elementor-field-label elementor-screen-only\">\n\t\t\t\t\t\t\t\tE-Mailadresse\t\t\t\t\t\t\t<\/label>\n\t\t\t\t\t\t\t\t\t\t\t\t\t\t<input size=\"1\" type=\"email\" name=\"form_fields[email]\" id=\"form-field-email\" class=\"elementor-field elementor-size-sm  elementor-field-textual\" placeholder=\"Geben sie ihre E-Mailadresse ein\" required=\"required\" aria-required=\"true\">\n\t\t\t\t\t\t\t\t\t\t\t<\/div>\n\t\t\t\t\t\t\t\t<div class=\"elementor-field-group elementor-column elementor-field-type-submit elementor-col-25 e-form__buttons\">\n\t\t\t\t\t<button type=\"submit\" class=\"elementor-button elementor-size-sm\">\n\t\t\t\t\t\t<span >\n\t\t\t\t\t\t\t\t\t\t\t\t\t\t\t<span class=\"elementor-align-icon-right elementor-button-icon\">\n\t\t\t\t\t\t\t\t\t<i aria-hidden=\"true\" class=\"fas fa-arrow-right\"><\/i>\t\t\t\t\t\t\t\t\t\t\t\t\t\t\t\t\t<\/span>\n\t\t\t\t\t\t\t\t\t\t\t\t\t\t\t\t\t\t\t\t\t\t<span class=\"elementor-button-text\">Anmelden<\/span>\n\t\t\t\t\t\t\t\t\t\t\t\t\t<\/span>\n\t\t\t\t\t<\/button>\n\t\t\t\t<\/div>\n\t\t\t<\/div>\n\t\t<\/form>\n\t\t\t\t<\/div>\n\t\t\t\t<\/div>\n\t\t\t\t<div class=\"elementor-element elementor-element-26a623f0 elementor-widget elementor-widget-text-editor\" data-id=\"26a623f0\" data-element_type=\"widget\" data-widget_type=\"text-editor.default\">\n\t\t\t\t<div class=\"elementor-widget-container\">\n\t\t\t\t\t\t\t\t<div class=\"elementor-text-editor elementor-clearfix\">\n\t\t\t\t<p>Keine Sorge, Sie k\u00f6nnen sich jederzeit abmelden.<\/p>\n\t\t\t\t\t<\/div>\n\t\t\t\t\t\t<\/div>\n\t\t\t\t<\/div>\n\t\t\t\t\t\t<\/div>\n\t\t\t\t\t<\/div>\n\t\t<\/div>\n\t\t\t\t\t\t\t\t<\/div>\n\t\t\t\t\t<\/div>\n\t\t<\/section>\n\t\t\t\t\t\t\t<\/div>\n\t\t\t\t<\/div>\n\t\t\t\t<\/div>\n\t\t\t\t<\/div>\n\t\t\t\t<\/div>\n\t\t\t\t<div class=\"elementor-element elementor-element-5ce7da0 elementor-widget elementor-widget-counter\" data-id=\"5ce7da0\" data-element_type=\"widget\" data-widget_type=\"counter.default\">\n\t\t\t\t<div class=\"elementor-widget-container\">\n\t\t\t\t\t<div class=\"elementor-counter\">\n\t\t\t<div class=\"elementor-counter-number-wrapper\">\n\t\t\t\t<span class=\"elementor-counter-number-prefix\"><\/span>\n\t\t\t\t<span class=\"elementor-counter-number\" data-duration=\"2000\" data-to-value=\"100\" data-from-value=\"0\" data-delimiter=\",\">0<\/span>\n\t\t\t\t<span class=\"elementor-counter-number-suffix\"> %<\/span>\n\t\t\t<\/div>\n\t\t\t\t\t\t\t<div class=\"elementor-counter-title\">pure extrakt<\/div>\n\t\t\t\t\t<\/div>\n\t\t\t\t<\/div>\n\t\t\t\t<\/div>\n\t\t\t\t\t\t<\/div>\n\t\t\t\t\t<\/div>\n\t\t<\/div>\n\t\t\t\t\t\t\t\t<\/div>\n\t\t\t\t\t<\/div>\n\t\t<\/section>\n\t\t\t\t\t\t\t\t\t<\/div>\n\t\t\t<\/div>\n\t\t\t\t\t<\/div>\n\t\t","protected":false},"excerpt":{"rendered":"<p>\u00dcber uns Die Firma GINLAC befasst sich schon seit \u00fcber 27 Jahren mit der Verarbeitung von Ginseng und geh\u00f6rt in S\u00fcdkorea zu den bedeutenden Herstellern mit einer breiten Produktpalette, die das Qualit\u00e4tsmarkenzeichen Korea INSAM tragen. Dieses Markenzeichen d\u00fcrfen nur diejenigen koreanischer Hersteller benutzen, die ausschlie\u00dflich garantiert echten koreanischen Ginseng (Panax Ginseng) von zertifizierten Z\u00fcchtern verarbeiten [&hellip;]<\/p>\n","protected":false},"author":1,"featured_media":0,"parent":0,"menu_order":0,"comment_status":"closed","ping_status":"closed","template":"elementor_header_footer","meta":{"footnotes":""},"class_list":["post-2368","page","type-page","status-publish","hentry"],"yoast_head":"<!-- This site is optimized with the Yoast SEO plugin v19.4 - https:\/\/yoast.com\/wordpress\/plugins\/seo\/ -->\n<title>\u00dcber uns - GINLAC - Korean Ginseng<\/title>\n<meta name=\"robots\" content=\"index, follow, max-snippet:-1, max-image-preview:large, max-video-preview:-1\" \/>\n<link rel=\"canonical\" href=\"https:\/\/www.ginlac.eu\/de\/uber-uns\/\" \/>\n<meta property=\"og:locale\" content=\"de_DE\" \/>\n<meta property=\"og:type\" content=\"article\" \/>\n<meta property=\"og:title\" content=\"\u00dcber uns - GINLAC - Korean Ginseng\" \/>\n<meta property=\"og:description\" content=\"\u00dcber uns Die Firma GINLAC befasst sich schon seit \u00fcber 27 Jahren mit der Verarbeitung von Ginseng und geh\u00f6rt in S\u00fcdkorea zu den bedeutenden Herstellern mit einer breiten Produktpalette, die das Qualit\u00e4tsmarkenzeichen Korea INSAM tragen. Dieses Markenzeichen d\u00fcrfen nur diejenigen koreanischer Hersteller benutzen, die ausschlie\u00dflich garantiert echten koreanischen Ginseng (Panax Ginseng) von zertifizierten Z\u00fcchtern verarbeiten [&hellip;]\" \/>\n<meta property=\"og:url\" content=\"https:\/\/www.ginlac.eu\/de\/uber-uns\/\" \/>\n<meta property=\"og:site_name\" content=\"GINLAC - Korean Ginseng\" \/>\n<meta property=\"article:modified_time\" content=\"2021-08-20T14:57:26+00:00\" \/>\n<meta property=\"og:image\" content=\"https:\/\/www.ginlac.eu\/wp-content\/uploads\/certifications-insam-logo.png\" \/>\n<meta name=\"twitter:card\" content=\"summary_large_image\" \/>\n<meta name=\"twitter:label1\" content=\"Gesch\u00e4tzte Lesezeit\" \/>\n\t<meta name=\"twitter:data1\" content=\"1\u00a0Minute\" \/>\n<script type=\"application\/ld+json\" class=\"yoast-schema-graph\">{\"@context\":\"https:\/\/schema.org\",\"@graph\":[{\"@type\":\"WebSite\",\"@id\":\"https:\/\/www.ginlac.eu\/de\/#website\",\"url\":\"https:\/\/www.ginlac.eu\/de\/\",\"name\":\"GINLAC - Korean Ginseng\",\"description\":\"Korea INSAM trademark\",\"potentialAction\":[{\"@type\":\"SearchAction\",\"target\":{\"@type\":\"EntryPoint\",\"urlTemplate\":\"https:\/\/www.ginlac.eu\/de\/?s={search_term_string}\"},\"query-input\":\"required name=search_term_string\"}],\"inLanguage\":\"de\"},{\"@type\":\"WebPage\",\"@id\":\"https:\/\/www.ginlac.eu\/de\/uber-uns\/\",\"url\":\"https:\/\/www.ginlac.eu\/de\/uber-uns\/\",\"name\":\"\u00dcber uns - GINLAC - Korean Ginseng\",\"isPartOf\":{\"@id\":\"https:\/\/www.ginlac.eu\/de\/#website\"},\"datePublished\":\"2019-09-30T11:11:56+00:00\",\"dateModified\":\"2021-08-20T14:57:26+00:00\",\"breadcrumb\":{\"@id\":\"https:\/\/www.ginlac.eu\/de\/uber-uns\/#breadcrumb\"},\"inLanguage\":\"de\",\"potentialAction\":[{\"@type\":\"ReadAction\",\"target\":[\"https:\/\/www.ginlac.eu\/de\/uber-uns\/\"]}]},{\"@type\":\"BreadcrumbList\",\"@id\":\"https:\/\/www.ginlac.eu\/de\/uber-uns\/#breadcrumb\",\"itemListElement\":[{\"@type\":\"ListItem\",\"position\":1,\"name\":\"Home\",\"item\":\"https:\/\/www.ginlac.eu\/de\/\"},{\"@type\":\"ListItem\",\"position\":2,\"name\":\"\u00dcber uns\"}]}]}<\/script>\n<!-- \/ Yoast SEO plugin. -->","yoast_head_json":{"title":"\u00dcber uns - GINLAC - Korean Ginseng","robots":{"index":"index","follow":"follow","max-snippet":"max-snippet:-1","max-image-preview":"max-image-preview:large","max-video-preview":"max-video-preview:-1"},"canonical":"https:\/\/www.ginlac.eu\/de\/uber-uns\/","og_locale":"de_DE","og_type":"article","og_title":"\u00dcber uns - GINLAC - Korean Ginseng","og_description":"\u00dcber uns Die Firma GINLAC befasst sich schon seit \u00fcber 27 Jahren mit der Verarbeitung von Ginseng und geh\u00f6rt in S\u00fcdkorea zu den bedeutenden Herstellern mit einer breiten Produktpalette, die das Qualit\u00e4tsmarkenzeichen Korea INSAM tragen. Dieses Markenzeichen d\u00fcrfen nur diejenigen koreanischer Hersteller benutzen, die ausschlie\u00dflich garantiert echten koreanischen Ginseng (Panax Ginseng) von zertifizierten Z\u00fcchtern verarbeiten [&hellip;]","og_url":"https:\/\/www.ginlac.eu\/de\/uber-uns\/","og_site_name":"GINLAC - Korean Ginseng","article_modified_time":"2021-08-20T14:57:26+00:00","og_image":[{"url":"https:\/\/www.ginlac.eu\/wp-content\/uploads\/certifications-insam-logo.png"}],"twitter_card":"summary_large_image","twitter_misc":{"Gesch\u00e4tzte Lesezeit":"1\u00a0Minute"},"schema":{"@context":"https:\/\/schema.org","@graph":[{"@type":"WebSite","@id":"https:\/\/www.ginlac.eu\/de\/#website","url":"https:\/\/www.ginlac.eu\/de\/","name":"GINLAC - Korean Ginseng","description":"Korea INSAM trademark","potentialAction":[{"@type":"SearchAction","target":{"@type":"EntryPoint","urlTemplate":"https:\/\/www.ginlac.eu\/de\/?s={search_term_string}"},"query-input":"required name=search_term_string"}],"inLanguage":"de"},{"@type":"WebPage","@id":"https:\/\/www.ginlac.eu\/de\/uber-uns\/","url":"https:\/\/www.ginlac.eu\/de\/uber-uns\/","name":"\u00dcber uns - GINLAC - Korean Ginseng","isPartOf":{"@id":"https:\/\/www.ginlac.eu\/de\/#website"},"datePublished":"2019-09-30T11:11:56+00:00","dateModified":"2021-08-20T14:57:26+00:00","breadcrumb":{"@id":"https:\/\/www.ginlac.eu\/de\/uber-uns\/#breadcrumb"},"inLanguage":"de","potentialAction":[{"@type":"ReadAction","target":["https:\/\/www.ginlac.eu\/de\/uber-uns\/"]}]},{"@type":"BreadcrumbList","@id":"https:\/\/www.ginlac.eu\/de\/uber-uns\/#breadcrumb","itemListElement":[{"@type":"ListItem","position":1,"name":"Home","item":"https:\/\/www.ginlac.eu\/de\/"},{"@type":"ListItem","position":2,"name":"\u00dcber uns"}]}]}},"_links":{"self":[{"href":"https:\/\/www.ginlac.eu\/de\/wp-json\/wp\/v2\/pages\/2368"}],"collection":[{"href":"https:\/\/www.ginlac.eu\/de\/wp-json\/wp\/v2\/pages"}],"about":[{"href":"https:\/\/www.ginlac.eu\/de\/wp-json\/wp\/v2\/types\/page"}],"author":[{"embeddable":true,"href":"https:\/\/www.ginlac.eu\/de\/wp-json\/wp\/v2\/users\/1"}],"replies":[{"embeddable":true,"href":"https:\/\/www.ginlac.eu\/de\/wp-json\/wp\/v2\/comments?post=2368"}],"version-history":[{"count":4,"href":"https:\/\/www.ginlac.eu\/de\/wp-json\/wp\/v2\/pages\/2368\/revisions"}],"predecessor-version":[{"id":3272,"href":"https:\/\/www.ginlac.eu\/de\/wp-json\/wp\/v2\/pages\/2368\/revisions\/3272"}],"wp:attachment":[{"href":"https:\/\/www.ginlac.eu\/de\/wp-json\/wp\/v2\/media?parent=2368"}],"curies":[{"name":"wp","href":"https:\/\/api.w.org\/{rel}","templated":true}]}}