{"id":2392,"date":"2019-09-16T21:05:55","date_gmt":"2019-09-16T21:05:55","guid":{"rendered":"http:\/\/www.ginlac2019.cz.uvirt84.active24.cz\/product\/fermentierter-extrakt-gold\/"},"modified":"2023-11-12T12:12:52","modified_gmt":"2023-11-12T12:12:52","slug":"fermentierter-extrakt-gold","status":"publish","type":"product","link":"https:\/\/www.ginlac.eu\/de\/produkt\/fermentierter-extrakt-gold\/","title":{"rendered":"Fermentiertes Extrakt GOLD"},"content":{"rendered":"","protected":false},"excerpt":{"rendered":"<p><strong>Ginsengextrakte<\/strong><\/p>\n<p>Ginsengextrakte sind die wirksamsten Produkte aus Ginseng. Es handelt sich immer um einen 100%-igen Extrakt aus den Wurzeln des roten koreanischen Ginseng. Aus 100 kg Ginsengwurzeln werden durch Kondensation nur etwa 60 kg dieses hochwirksamen konzentrierten Stoffs gewonnen. Manche Extrakte k\u00f6nnen um einen bestimmten fermentierten Anteil bereichert werden. Dank der Fermetation ist unser Organismus in der Lage, eine maximale Menge an Ginsenosiden (Aktivstoffe) besser und schneller aufzunehmen, die ansonsten ohne Nutzung ausgeschieden werden.<\/p>\n<p><strong>Produktname:<\/strong> Fermentiertes Extrakt aus rotem koreanischen Ginseng Duo Gold<\/p>\n<p><strong>Inhalt:<\/strong> 50g<\/p>\n<p><strong>Zutaten:<\/strong> Rotes Ginsengextrakt(ginsenoside Rg1 , Rb1 and Rg3 : 6mg\/g) 93%, Fermentiertes Extrakt aus rotem Ginseng(rotes Ginsengextrakt, Hefeextrakt, Isomaltooligosaccharides, Vitamin C, Bifidobacterium) 7%<\/p>\n<p>Dieses Produkt ist kein Medikament und dient nicht der Behandlung von Krankheiten.<\/p>\n<p><strong>Gesundheitliche Wirkung:<\/strong> Unterst\u00fctzung des Immunsystems, Verminderung von M\u00fcdigkeit, verbesserter Blutkreislauf durch die Hemmung der Thrombozytenaggregation, verbessertes Ged\u00e4chtnis, entgiftende Wirkung<\/p>\n<p><strong>Empfohlene Einnahme:<\/strong> Einmal t\u00e4glich 1g, pur nehmen oder in Wasser aufl\u00f6sen. Nach Geschmack, kann Zucker mitaufgel\u00f6st werden. Sollte eine \u00dcberreaktion auftreten, die Menge reduzieren und erst allm\u00e4hlich erh\u00f6hen. Achten Sie auf den Aluminiumdeckel beim \u00d6ffnen der Flasche.<\/p>\n<p><strong>Vorsichtshinweis:<\/strong> W\u00e4hrend der Schwangerschaft und der Stillzeit, wird vom Konsum abgeraten. Bitte beraten sie sich mit ihrem Hausartzt, im Falle von regelm\u00e4ssiger medikamenten Einnahme (z.B. wegen hohen Blutdruckes oder bei der Einnahme von blutverd\u00fcnnenden Medikamenten).<\/p>\n<p><strong>Aufbewahrung:<\/strong> Lagern Sie das Produkt bitte k\u00fchl und trocken und setzen sie es nicht direktem Sonnenlicht aus. Nach dem ersten \u00d6ffnen, sollten Sie stets darauf achten, dass die Packung gut verschlossen wird.<\/p>\n<p><strong>Hersteller:<\/strong> KUAN Industrial Co. Ltd., SOUTH KOREA<\/p>\n","protected":false},"featured_media":290,"template":"","meta":[],"product_cat":[77],"product_tag":[78],"class_list":["post-2392","product","type-product","status-publish","has-post-thumbnail","hentry","product_cat-ginseng-de","product_tag-ginseng-de"],"yoast_head":"<!-- This site is optimized with the Yoast SEO plugin v19.4 - https:\/\/yoast.com\/wordpress\/plugins\/seo\/ -->\n<title>Fermentiertes Extrakt GOLD - GINLAC - Korean Ginseng<\/title>\n<meta name=\"robots\" content=\"index, follow, max-snippet:-1, max-image-preview:large, max-video-preview:-1\" \/>\n<link rel=\"canonical\" href=\"https:\/\/www.ginlac.eu\/de\/produkt\/fermentierter-extrakt-gold\/\" \/>\n<meta property=\"og:locale\" content=\"de_DE\" \/>\n<meta property=\"og:type\" content=\"article\" \/>\n<meta property=\"og:title\" content=\"Fermentiertes Extrakt GOLD - GINLAC - Korean Ginseng\" \/>\n<meta property=\"og:description\" content=\"Ginsengextrakte  Ginsengextrakte sind die wirksamsten Produkte aus Ginseng. Es handelt sich immer um einen 100%-igen Extrakt aus den Wurzeln des roten koreanischen Ginseng. Aus 100 kg Ginsengwurzeln werden durch Kondensation nur etwa 60 kg dieses hochwirksamen konzentrierten Stoffs gewonnen. Manche Extrakte k\u00f6nnen um einen bestimmten fermentierten Anteil bereichert werden. Dank der Fermetation ist unser Organismus in der Lage, eine maximale Menge an Ginsenosiden (Aktivstoffe) besser und schneller aufzunehmen, die ansonsten ohne Nutzung ausgeschieden werden.  Produktname: Fermentiertes Extrakt aus rotem koreanischen Ginseng Duo Gold  Inhalt: 50g  Zutaten: Rotes Ginsengextrakt(ginsenoside Rg1 , Rb1 and Rg3 : 6mg\/g) 93%, Fermentiertes Extrakt aus rotem Ginseng(rotes Ginsengextrakt, Hefeextrakt, Isomaltooligosaccharides, Vitamin C, Bifidobacterium) 7%  Dieses Produkt ist kein Medikament und dient nicht der Behandlung von Krankheiten.  Gesundheitliche Wirkung: Unterst\u00fctzung des Immunsystems, Verminderung von M\u00fcdigkeit, verbesserter Blutkreislauf durch die Hemmung der Thrombozytenaggregation, verbessertes Ged\u00e4chtnis, entgiftende Wirkung  Empfohlene Einnahme: Einmal t\u00e4glich 1g, pur nehmen oder in Wasser aufl\u00f6sen. Nach Geschmack, kann Zucker mitaufgel\u00f6st werden. Sollte eine \u00dcberreaktion auftreten, die Menge reduzieren und erst allm\u00e4hlich erh\u00f6hen. Achten Sie auf den Aluminiumdeckel beim \u00d6ffnen der Flasche.  Vorsichtshinweis: W\u00e4hrend der Schwangerschaft und der Stillzeit, wird vom Konsum abgeraten. Bitte beraten sie sich mit ihrem Hausartzt, im Falle von regelm\u00e4ssiger medikamenten Einnahme (z.B. wegen hohen Blutdruckes oder bei der Einnahme von blutverd\u00fcnnenden Medikamenten).  Aufbewahrung: Lagern Sie das Produkt bitte k\u00fchl und trocken und setzen sie es nicht direktem Sonnenlicht aus. Nach dem ersten \u00d6ffnen, sollten Sie stets darauf achten, dass die Packung gut verschlossen wird.  Hersteller: KUAN Industrial Co. Ltd., SOUTH KOREA\" \/>\n<meta property=\"og:url\" content=\"https:\/\/www.ginlac.eu\/de\/produkt\/fermentierter-extrakt-gold\/\" \/>\n<meta property=\"og:site_name\" content=\"GINLAC - Korean Ginseng\" \/>\n<meta property=\"article:modified_time\" content=\"2023-11-12T12:12:52+00:00\" \/>\n<meta property=\"og:image\" content=\"https:\/\/www.ginlac.eu\/wp-content\/uploads\/0R2A4220.png\" \/>\n\t<meta property=\"og:image:width\" content=\"800\" \/>\n\t<meta property=\"og:image:height\" content=\"533\" \/>\n\t<meta property=\"og:image:type\" content=\"image\/png\" \/>\n<meta name=\"twitter:card\" content=\"summary_large_image\" \/>\n<script type=\"application\/ld+json\" class=\"yoast-schema-graph\">{\"@context\":\"https:\/\/schema.org\",\"@graph\":[{\"@type\":\"WebSite\",\"@id\":\"https:\/\/www.ginlac.eu\/de\/#website\",\"url\":\"https:\/\/www.ginlac.eu\/de\/\",\"name\":\"GINLAC - Korean Ginseng\",\"description\":\"Korea INSAM trademark\",\"potentialAction\":[{\"@type\":\"SearchAction\",\"target\":{\"@type\":\"EntryPoint\",\"urlTemplate\":\"https:\/\/www.ginlac.eu\/de\/?s={search_term_string}\"},\"query-input\":\"required name=search_term_string\"}],\"inLanguage\":\"de\"},{\"@type\":\"WebPage\",\"@id\":\"https:\/\/www.ginlac.eu\/de\/produkt\/fermentierter-extrakt-gold\/\",\"url\":\"https:\/\/www.ginlac.eu\/de\/produkt\/fermentierter-extrakt-gold\/\",\"name\":\"Fermentiertes Extrakt GOLD - GINLAC - Korean Ginseng\",\"isPartOf\":{\"@id\":\"https:\/\/www.ginlac.eu\/de\/#website\"},\"datePublished\":\"2019-09-16T21:05:55+00:00\",\"dateModified\":\"2023-11-12T12:12:52+00:00\",\"breadcrumb\":{\"@id\":\"https:\/\/www.ginlac.eu\/de\/produkt\/fermentierter-extrakt-gold\/#breadcrumb\"},\"inLanguage\":\"de\",\"potentialAction\":[{\"@type\":\"ReadAction\",\"target\":[\"https:\/\/www.ginlac.eu\/de\/produkt\/fermentierter-extrakt-gold\/\"]}]},{\"@type\":\"BreadcrumbList\",\"@id\":\"https:\/\/www.ginlac.eu\/de\/produkt\/fermentierter-extrakt-gold\/#breadcrumb\",\"itemListElement\":[{\"@type\":\"ListItem\",\"position\":1,\"name\":\"Home\",\"item\":\"https:\/\/www.ginlac.eu\/de\/\"},{\"@type\":\"ListItem\",\"position\":2,\"name\":\"\"},{\"@type\":\"ListItem\",\"position\":3,\"name\":\"Fermentiertes Extrakt GOLD\"}]}]}<\/script>\n<!-- \/ Yoast SEO plugin. -->","yoast_head_json":{"title":"Fermentiertes Extrakt GOLD - GINLAC - Korean Ginseng","robots":{"index":"index","follow":"follow","max-snippet":"max-snippet:-1","max-image-preview":"max-image-preview:large","max-video-preview":"max-video-preview:-1"},"canonical":"https:\/\/www.ginlac.eu\/de\/produkt\/fermentierter-extrakt-gold\/","og_locale":"de_DE","og_type":"article","og_title":"Fermentiertes Extrakt GOLD - GINLAC - Korean Ginseng","og_description":"Ginsengextrakte  Ginsengextrakte sind die wirksamsten Produkte aus Ginseng. Es handelt sich immer um einen 100%-igen Extrakt aus den Wurzeln des roten koreanischen Ginseng. Aus 100 kg Ginsengwurzeln werden durch Kondensation nur etwa 60 kg dieses hochwirksamen konzentrierten Stoffs gewonnen. Manche Extrakte k\u00f6nnen um einen bestimmten fermentierten Anteil bereichert werden. Dank der Fermetation ist unser Organismus in der Lage, eine maximale Menge an Ginsenosiden (Aktivstoffe) besser und schneller aufzunehmen, die ansonsten ohne Nutzung ausgeschieden werden.  Produktname: Fermentiertes Extrakt aus rotem koreanischen Ginseng Duo Gold  Inhalt: 50g  Zutaten: Rotes Ginsengextrakt(ginsenoside Rg1 , Rb1 and Rg3 : 6mg\/g) 93%, Fermentiertes Extrakt aus rotem Ginseng(rotes Ginsengextrakt, Hefeextrakt, Isomaltooligosaccharides, Vitamin C, Bifidobacterium) 7%  Dieses Produkt ist kein Medikament und dient nicht der Behandlung von Krankheiten.  Gesundheitliche Wirkung: Unterst\u00fctzung des Immunsystems, Verminderung von M\u00fcdigkeit, verbesserter Blutkreislauf durch die Hemmung der Thrombozytenaggregation, verbessertes Ged\u00e4chtnis, entgiftende Wirkung  Empfohlene Einnahme: Einmal t\u00e4glich 1g, pur nehmen oder in Wasser aufl\u00f6sen. Nach Geschmack, kann Zucker mitaufgel\u00f6st werden. Sollte eine \u00dcberreaktion auftreten, die Menge reduzieren und erst allm\u00e4hlich erh\u00f6hen. Achten Sie auf den Aluminiumdeckel beim \u00d6ffnen der Flasche.  Vorsichtshinweis: W\u00e4hrend der Schwangerschaft und der Stillzeit, wird vom Konsum abgeraten. Bitte beraten sie sich mit ihrem Hausartzt, im Falle von regelm\u00e4ssiger medikamenten Einnahme (z.B. wegen hohen Blutdruckes oder bei der Einnahme von blutverd\u00fcnnenden Medikamenten).  Aufbewahrung: Lagern Sie das Produkt bitte k\u00fchl und trocken und setzen sie es nicht direktem Sonnenlicht aus. Nach dem ersten \u00d6ffnen, sollten Sie stets darauf achten, dass die Packung gut verschlossen wird.  Hersteller: KUAN Industrial Co. Ltd., SOUTH KOREA","og_url":"https:\/\/www.ginlac.eu\/de\/produkt\/fermentierter-extrakt-gold\/","og_site_name":"GINLAC - Korean Ginseng","article_modified_time":"2023-11-12T12:12:52+00:00","og_image":[{"width":800,"height":533,"url":"https:\/\/www.ginlac.eu\/wp-content\/uploads\/0R2A4220.png","type":"image\/png"}],"twitter_card":"summary_large_image","schema":{"@context":"https:\/\/schema.org","@graph":[{"@type":"WebSite","@id":"https:\/\/www.ginlac.eu\/de\/#website","url":"https:\/\/www.ginlac.eu\/de\/","name":"GINLAC - Korean Ginseng","description":"Korea INSAM trademark","potentialAction":[{"@type":"SearchAction","target":{"@type":"EntryPoint","urlTemplate":"https:\/\/www.ginlac.eu\/de\/?s={search_term_string}"},"query-input":"required name=search_term_string"}],"inLanguage":"de"},{"@type":"WebPage","@id":"https:\/\/www.ginlac.eu\/de\/produkt\/fermentierter-extrakt-gold\/","url":"https:\/\/www.ginlac.eu\/de\/produkt\/fermentierter-extrakt-gold\/","name":"Fermentiertes Extrakt GOLD - GINLAC - Korean Ginseng","isPartOf":{"@id":"https:\/\/www.ginlac.eu\/de\/#website"},"datePublished":"2019-09-16T21:05:55+00:00","dateModified":"2023-11-12T12:12:52+00:00","breadcrumb":{"@id":"https:\/\/www.ginlac.eu\/de\/produkt\/fermentierter-extrakt-gold\/#breadcrumb"},"inLanguage":"de","potentialAction":[{"@type":"ReadAction","target":["https:\/\/www.ginlac.eu\/de\/produkt\/fermentierter-extrakt-gold\/"]}]},{"@type":"BreadcrumbList","@id":"https:\/\/www.ginlac.eu\/de\/produkt\/fermentierter-extrakt-gold\/#breadcrumb","itemListElement":[{"@type":"ListItem","position":1,"name":"Home","item":"https:\/\/www.ginlac.eu\/de\/"},{"@type":"ListItem","position":2,"name":""},{"@type":"ListItem","position":3,"name":"Fermentiertes Extrakt GOLD"}]}]}},"_links":{"self":[{"href":"https:\/\/www.ginlac.eu\/de\/wp-json\/wp\/v2\/product\/2392"}],"collection":[{"href":"https:\/\/www.ginlac.eu\/de\/wp-json\/wp\/v2\/product"}],"about":[{"href":"https:\/\/www.ginlac.eu\/de\/wp-json\/wp\/v2\/types\/product"}],"wp:featuredmedia":[{"embeddable":true,"href":"https:\/\/www.ginlac.eu\/de\/wp-json\/wp\/v2\/media\/290"}],"wp:attachment":[{"href":"https:\/\/www.ginlac.eu\/de\/wp-json\/wp\/v2\/media?parent=2392"}],"wp:term":[{"taxonomy":"product_cat","embeddable":true,"href":"https:\/\/www.ginlac.eu\/de\/wp-json\/wp\/v2\/product_cat?post=2392"},{"taxonomy":"product_tag","embeddable":true,"href":"https:\/\/www.ginlac.eu\/de\/wp-json\/wp\/v2\/product_tag?post=2392"}],"curies":[{"name":"wp","href":"https:\/\/api.w.org\/{rel}","templated":true}]}}