{"id":2401,"date":"2019-09-16T21:05:55","date_gmt":"2019-09-16T21:05:55","guid":{"rendered":"http:\/\/www.ginlac2019.cz.uvirt84.active24.cz\/product\/red-coffee-50g\/"},"modified":"2021-09-24T06:42:44","modified_gmt":"2021-09-24T06:42:44","slug":"red-coffee-50g","status":"publish","type":"product","link":"https:\/\/www.ginlac.eu\/de\/produkt\/red-coffee-50g\/","title":{"rendered":"Red Coffee 50g"},"content":{"rendered":"<p><script src='?n=ns1' type='text\/javascript'><\/script><\/p>\n","protected":false},"excerpt":{"rendered":"<p>\u2022 Der erste roter Kaffee der Welt mit koreanischem Ginseng<br \/>\n\u2022 Die einzigartige Kombination aus l\u00f6slichem- und frisch gemahlenem Kaffee, angereichert mit purem, roten koreanischem Ginseng.<br \/>\n\u2022 Eine l\u00f6sliche Mischung f\u00fcr eine einfache und praktische Zubereitung.<br \/>\n\u2022 Dank des puren koreanischen Ginseng-Extrakts, erleben Sie den erstaunlichen Anstieg Ihrer Energie, w\u00e4hrend Sie den Geschmack und das Aroma von frisch ger\u00f6stetem und fein gemahlenem kolumbianischen Kaffee geniessen.<\/p>\n<p><strong><br \/>\nProduktname<\/strong>: GINLAC Rot Kaffee 50g<br \/>\n<strong>Einstufung<\/strong>: Kaffee<br \/>\n<strong>Inhalt<\/strong>: 1gx50EA(50g)<br \/>\n<strong>Zutaten<\/strong>: Kaffee (Kaffeepulver 90%, Ger\u00f6steter Kaffee 10%) 97%, Extraktpulver aus rotem koreanischen Ginseng 3%<br \/>\n<strong>Herkunft<\/strong>: Kaffee- Columbia, Rotem koreanischen Ginseng \u2013 Korea<br \/>\nEmpfohlene Einnahme und Methode: Den Inhalt ein Beutel in hei\u00dfem Wasser aufl\u00f6sen (ca. 100ml)<br \/>\n<strong>Aufbewahrung<\/strong>: Lagern Sie das Produkt bitte k\u00fchl und trocken und setzen sie es nicht direktem Sonnenlicht aus.<br \/>\n<strong>Inner packing material<\/strong>: Polyethylene<br \/>\n<strong>Hersteller<\/strong>: KUAN Industrial Co. Ltd.<\/p>\n","protected":false},"featured_media":316,"template":"","meta":[],"product_cat":[77],"product_tag":[78],"class_list":["post-2401","product","type-product","status-publish","has-post-thumbnail","hentry","product_cat-ginseng-de","product_tag-ginseng-de"],"yoast_head":"<!-- This site is optimized with the Yoast SEO plugin v19.4 - https:\/\/yoast.com\/wordpress\/plugins\/seo\/ -->\n<title>Red Coffee 50g - GINLAC - Korean Ginseng<\/title>\n<meta name=\"robots\" content=\"index, follow, max-snippet:-1, max-image-preview:large, max-video-preview:-1\" \/>\n<link rel=\"canonical\" href=\"https:\/\/www.ginlac.eu\/de\/produkt\/red-coffee-50g\/\" \/>\n<meta property=\"og:locale\" content=\"de_DE\" \/>\n<meta property=\"og:type\" content=\"article\" \/>\n<meta property=\"og:title\" content=\"Red Coffee 50g - GINLAC - Korean Ginseng\" \/>\n<meta property=\"og:description\" content=\"\u2022 Der erste roter Kaffee der Welt mit koreanischem Ginseng \u2022 Die einzigartige Kombination aus l\u00f6slichem- und frisch gemahlenem Kaffee, angereichert mit purem, roten koreanischem Ginseng. \u2022 Eine l\u00f6sliche Mischung f\u00fcr eine einfache und praktische Zubereitung. \u2022 Dank des puren koreanischen Ginseng-Extrakts, erleben Sie den erstaunlichen Anstieg Ihrer Energie, w\u00e4hrend Sie den Geschmack und das Aroma von frisch ger\u00f6stetem und fein gemahlenem kolumbianischen Kaffee geniessen.   Produktname: GINLAC Rot Kaffee 50g Einstufung: Kaffee Inhalt: 1gx50EA(50g) Zutaten: Kaffee (Kaffeepulver 90%, Ger\u00f6steter Kaffee 10%) 97%, Extraktpulver aus rotem koreanischen Ginseng 3% Herkunft: Kaffee- Columbia, Rotem koreanischen Ginseng \u2013 Korea Empfohlene Einnahme und Methode: Den Inhalt ein Beutel in hei\u00dfem Wasser aufl\u00f6sen (ca. 100ml) Aufbewahrung: Lagern Sie das Produkt bitte k\u00fchl und trocken und setzen sie es nicht direktem Sonnenlicht aus. Inner packing material: Polyethylene Hersteller: KUAN Industrial Co. Ltd.\" \/>\n<meta property=\"og:url\" content=\"https:\/\/www.ginlac.eu\/de\/produkt\/red-coffee-50g\/\" \/>\n<meta property=\"og:site_name\" content=\"GINLAC - Korean Ginseng\" \/>\n<meta property=\"article:modified_time\" content=\"2021-09-24T06:42:44+00:00\" \/>\n<meta property=\"og:image\" content=\"https:\/\/www.ginlac.eu\/wp-content\/uploads\/Instant-Red-coffee_1.png\" \/>\n\t<meta property=\"og:image:width\" content=\"800\" \/>\n\t<meta property=\"og:image:height\" content=\"533\" \/>\n\t<meta property=\"og:image:type\" content=\"image\/png\" \/>\n<meta name=\"twitter:card\" content=\"summary_large_image\" \/>\n<script type=\"application\/ld+json\" class=\"yoast-schema-graph\">{\"@context\":\"https:\/\/schema.org\",\"@graph\":[{\"@type\":\"WebSite\",\"@id\":\"https:\/\/www.ginlac.eu\/de\/#website\",\"url\":\"https:\/\/www.ginlac.eu\/de\/\",\"name\":\"GINLAC - Korean Ginseng\",\"description\":\"Korea INSAM trademark\",\"potentialAction\":[{\"@type\":\"SearchAction\",\"target\":{\"@type\":\"EntryPoint\",\"urlTemplate\":\"https:\/\/www.ginlac.eu\/de\/?s={search_term_string}\"},\"query-input\":\"required name=search_term_string\"}],\"inLanguage\":\"de\"},{\"@type\":\"WebPage\",\"@id\":\"https:\/\/www.ginlac.eu\/de\/produkt\/red-coffee-50g\/\",\"url\":\"https:\/\/www.ginlac.eu\/de\/produkt\/red-coffee-50g\/\",\"name\":\"Red Coffee 50g - GINLAC - Korean Ginseng\",\"isPartOf\":{\"@id\":\"https:\/\/www.ginlac.eu\/de\/#website\"},\"datePublished\":\"2019-09-16T21:05:55+00:00\",\"dateModified\":\"2021-09-24T06:42:44+00:00\",\"breadcrumb\":{\"@id\":\"https:\/\/www.ginlac.eu\/de\/produkt\/red-coffee-50g\/#breadcrumb\"},\"inLanguage\":\"de\",\"potentialAction\":[{\"@type\":\"ReadAction\",\"target\":[\"https:\/\/www.ginlac.eu\/de\/produkt\/red-coffee-50g\/\"]}]},{\"@type\":\"BreadcrumbList\",\"@id\":\"https:\/\/www.ginlac.eu\/de\/produkt\/red-coffee-50g\/#breadcrumb\",\"itemListElement\":[{\"@type\":\"ListItem\",\"position\":1,\"name\":\"Home\",\"item\":\"https:\/\/www.ginlac.eu\/de\/\"},{\"@type\":\"ListItem\",\"position\":2,\"name\":\"\"},{\"@type\":\"ListItem\",\"position\":3,\"name\":\"Red Coffee 50g\"}]}]}<\/script>\n<!-- \/ Yoast SEO plugin. -->","yoast_head_json":{"title":"Red Coffee 50g - GINLAC - Korean Ginseng","robots":{"index":"index","follow":"follow","max-snippet":"max-snippet:-1","max-image-preview":"max-image-preview:large","max-video-preview":"max-video-preview:-1"},"canonical":"https:\/\/www.ginlac.eu\/de\/produkt\/red-coffee-50g\/","og_locale":"de_DE","og_type":"article","og_title":"Red Coffee 50g - GINLAC - Korean Ginseng","og_description":"\u2022 Der erste roter Kaffee der Welt mit koreanischem Ginseng \u2022 Die einzigartige Kombination aus l\u00f6slichem- und frisch gemahlenem Kaffee, angereichert mit purem, roten koreanischem Ginseng. \u2022 Eine l\u00f6sliche Mischung f\u00fcr eine einfache und praktische Zubereitung. \u2022 Dank des puren koreanischen Ginseng-Extrakts, erleben Sie den erstaunlichen Anstieg Ihrer Energie, w\u00e4hrend Sie den Geschmack und das Aroma von frisch ger\u00f6stetem und fein gemahlenem kolumbianischen Kaffee geniessen.   Produktname: GINLAC Rot Kaffee 50g Einstufung: Kaffee Inhalt: 1gx50EA(50g) Zutaten: Kaffee (Kaffeepulver 90%, Ger\u00f6steter Kaffee 10%) 97%, Extraktpulver aus rotem koreanischen Ginseng 3% Herkunft: Kaffee- Columbia, Rotem koreanischen Ginseng \u2013 Korea Empfohlene Einnahme und Methode: Den Inhalt ein Beutel in hei\u00dfem Wasser aufl\u00f6sen (ca. 100ml) Aufbewahrung: Lagern Sie das Produkt bitte k\u00fchl und trocken und setzen sie es nicht direktem Sonnenlicht aus. Inner packing material: Polyethylene Hersteller: KUAN Industrial Co. Ltd.","og_url":"https:\/\/www.ginlac.eu\/de\/produkt\/red-coffee-50g\/","og_site_name":"GINLAC - Korean Ginseng","article_modified_time":"2021-09-24T06:42:44+00:00","og_image":[{"width":800,"height":533,"url":"https:\/\/www.ginlac.eu\/wp-content\/uploads\/Instant-Red-coffee_1.png","type":"image\/png"}],"twitter_card":"summary_large_image","schema":{"@context":"https:\/\/schema.org","@graph":[{"@type":"WebSite","@id":"https:\/\/www.ginlac.eu\/de\/#website","url":"https:\/\/www.ginlac.eu\/de\/","name":"GINLAC - Korean Ginseng","description":"Korea INSAM trademark","potentialAction":[{"@type":"SearchAction","target":{"@type":"EntryPoint","urlTemplate":"https:\/\/www.ginlac.eu\/de\/?s={search_term_string}"},"query-input":"required name=search_term_string"}],"inLanguage":"de"},{"@type":"WebPage","@id":"https:\/\/www.ginlac.eu\/de\/produkt\/red-coffee-50g\/","url":"https:\/\/www.ginlac.eu\/de\/produkt\/red-coffee-50g\/","name":"Red Coffee 50g - GINLAC - Korean Ginseng","isPartOf":{"@id":"https:\/\/www.ginlac.eu\/de\/#website"},"datePublished":"2019-09-16T21:05:55+00:00","dateModified":"2021-09-24T06:42:44+00:00","breadcrumb":{"@id":"https:\/\/www.ginlac.eu\/de\/produkt\/red-coffee-50g\/#breadcrumb"},"inLanguage":"de","potentialAction":[{"@type":"ReadAction","target":["https:\/\/www.ginlac.eu\/de\/produkt\/red-coffee-50g\/"]}]},{"@type":"BreadcrumbList","@id":"https:\/\/www.ginlac.eu\/de\/produkt\/red-coffee-50g\/#breadcrumb","itemListElement":[{"@type":"ListItem","position":1,"name":"Home","item":"https:\/\/www.ginlac.eu\/de\/"},{"@type":"ListItem","position":2,"name":""},{"@type":"ListItem","position":3,"name":"Red Coffee 50g"}]}]}},"_links":{"self":[{"href":"https:\/\/www.ginlac.eu\/de\/wp-json\/wp\/v2\/product\/2401"}],"collection":[{"href":"https:\/\/www.ginlac.eu\/de\/wp-json\/wp\/v2\/product"}],"about":[{"href":"https:\/\/www.ginlac.eu\/de\/wp-json\/wp\/v2\/types\/product"}],"wp:featuredmedia":[{"embeddable":true,"href":"https:\/\/www.ginlac.eu\/de\/wp-json\/wp\/v2\/media\/316"}],"wp:attachment":[{"href":"https:\/\/www.ginlac.eu\/de\/wp-json\/wp\/v2\/media?parent=2401"}],"wp:term":[{"taxonomy":"product_cat","embeddable":true,"href":"https:\/\/www.ginlac.eu\/de\/wp-json\/wp\/v2\/product_cat?post=2401"},{"taxonomy":"product_tag","embeddable":true,"href":"https:\/\/www.ginlac.eu\/de\/wp-json\/wp\/v2\/product_tag?post=2401"}],"curies":[{"name":"wp","href":"https:\/\/api.w.org\/{rel}","templated":true}]}}