{"id":2402,"date":"2019-09-16T21:05:54","date_gmt":"2019-09-16T21:05:54","guid":{"rendered":"http:\/\/www.ginlac2019.cz.uvirt84.active24.cz\/product\/fermentierter-roter-ginseng-kapseln-f\/"},"modified":"2023-11-12T12:22:32","modified_gmt":"2023-11-12T12:22:32","slug":"fermentierter-roter-ginseng-kapseln-f","status":"publish","type":"product","link":"https:\/\/www.ginlac.eu\/de\/produkt\/fermentierter-roter-ginseng-kapseln-f\/","title":{"rendered":"Fermentierter roter Ginseng KAPSELN F"},"content":{"rendered":"","protected":false},"excerpt":{"rendered":"<p><strong>Ginsengkapseln<\/strong><\/p>\n<p>F\u00fcr denjenigen, der den bitteren Geschmack des Ginsengextrakts nicht mag, oder seine regelm\u00e4\u00dfige Dosis an Ginseng bequem im B\u00fcro oder im Urlaub einnehmen will, sind Kapseln die beste Wahl. Sie helfen Ihnen beim Abbau des allt\u00e4glichen Stresses und der M\u00fcdigkeit, und schon ab zweit\u00e4giger Einnahme empfinden Sie die wohlbringenden Wirkungen des koreanischen Ginseng. Die Kapseln mit einem Extrakt aus sechsj\u00e4hrigem rotem Ginseng bewirken im K\u00f6rper ein Gesamtgleichgewicht, welches sich um Ihre physische und psychische Ausgeglichenheit sorgt.<\/p>\n<p><strong>Produktname<\/strong>\u00a0:\u00a0Ginlac fermentiertes Koreanisches rotes Ginseng Capsule F<\/p>\n<p><strong>Inhalt<\/strong>\u00a0: 330mg\u00d760Caps(19.8g)<\/p>\n<p><strong>Zutaten\u00a0<\/strong>: Red ginseng extract powder(ginsenoside Rg1, Rb1 and Rg3 : 18mg\/g)<Korea> 66.8%, Microcrystalline cellulose, Dry yeast, Yeast extract, \u03b2-Cyclodextrin, Isomaltooligosaccharide, Silicon dioxide, Magnesium stearate, Vitamin C, Bifidobacterium<\/p>\n<p><strong>Gesundheitliche Wirkung :<\/strong>\u00a0Unterst\u00fctzung des Immunsystems, Verminderung von M\u00fcdigkeit, verbesserter Blutkreislauf durch die Hemmung der Thrombozytenaggregation, verbessertes Ged\u00e4chtnis, entgiftende Wirkung<\/p>\n<p><strong>Empfohlene Einnahme<\/strong>\u00a0: 1 Kapsel mit Wasser, einmal am Tag.<\/p>\n<p><strong>Vorsichtshinweis<\/strong>\u00a0: W\u00e4hrend der Schwangerschaft und der Stillzeit, wird vom Konsum abgeraten. Bitte beraten sie sich mit ihrem Hausartzt, im Falle von regelm\u00e4ssiger medikamenten Einnahme (z.B. wegen hohen Blutdruckes oder bei der Einnahme von blutverd\u00fcnnenden Medikamenten). Silicagel ist nicht zum Verzehr geeignet.<\/p>\n<p><strong>Aufbewahrung<\/strong>\u00a0: Lagern Sie das Produkt bitte k\u00fchl und trocken und setzen sie es nicht direktem Sonnenlicht aus. Nach dem ersten \u00d6ffnen, sollten Sie stets darauf achten, dass die Packung gut verschlossen wird.<\/p>\n<p><strong>Hersteller<\/strong>\u00a0: KUAN Industrial Co. Ltd.,\u00a0SOUTH KOREA<\/p>\n","protected":false},"featured_media":332,"template":"","meta":[],"product_cat":[77],"product_tag":[78],"class_list":["post-2402","product","type-product","status-publish","has-post-thumbnail","hentry","product_cat-ginseng-de","product_tag-ginseng-de"],"yoast_head":"<!-- This site is optimized with the Yoast SEO plugin v19.4 - https:\/\/yoast.com\/wordpress\/plugins\/seo\/ -->\n<title>Fermentierter roter Ginseng KAPSELN F - GINLAC - Korean Ginseng<\/title>\n<meta name=\"robots\" content=\"index, follow, max-snippet:-1, max-image-preview:large, max-video-preview:-1\" \/>\n<link rel=\"canonical\" href=\"https:\/\/www.ginlac.eu\/de\/produkt\/fermentierter-roter-ginseng-kapseln-f\/\" \/>\n<meta property=\"og:locale\" content=\"de_DE\" \/>\n<meta property=\"og:type\" content=\"article\" \/>\n<meta property=\"og:title\" content=\"Fermentierter roter Ginseng KAPSELN F - GINLAC - Korean Ginseng\" \/>\n<meta property=\"og:description\" content=\"Ginsengkapseln  F\u00fcr denjenigen, der den bitteren Geschmack des Ginsengextrakts nicht mag, oder seine regelm\u00e4\u00dfige Dosis an Ginseng bequem im B\u00fcro oder im Urlaub einnehmen will, sind Kapseln die beste Wahl. Sie helfen Ihnen beim Abbau des allt\u00e4glichen Stresses und der M\u00fcdigkeit, und schon ab zweit\u00e4giger Einnahme empfinden Sie die wohlbringenden Wirkungen des koreanischen Ginseng. Die Kapseln mit einem Extrakt aus sechsj\u00e4hrigem rotem Ginseng bewirken im K\u00f6rper ein Gesamtgleichgewicht, welches sich um Ihre physische und psychische Ausgeglichenheit sorgt.  Produktname\u00a0:\u00a0Ginlac fermentiertes Koreanisches rotes Ginseng Capsule F  Inhalt\u00a0: 330mg\u00d760Caps(19.8g)  Zutaten\u00a0: Red ginseng extract powder(ginsenoside Rg1, Rb1 and Rg3 : 18mg\/g) 66.8%, Microcrystalline cellulose, Dry yeast, Yeast extract, \u03b2-Cyclodextrin, Isomaltooligosaccharide, Silicon dioxide, Magnesium stearate, Vitamin C, Bifidobacterium  Gesundheitliche Wirkung :\u00a0Unterst\u00fctzung des Immunsystems, Verminderung von M\u00fcdigkeit, verbesserter Blutkreislauf durch die Hemmung der Thrombozytenaggregation, verbessertes Ged\u00e4chtnis, entgiftende Wirkung  Empfohlene Einnahme\u00a0: 1 Kapsel mit Wasser, einmal am Tag.  Vorsichtshinweis\u00a0: W\u00e4hrend der Schwangerschaft und der Stillzeit, wird vom Konsum abgeraten. Bitte beraten sie sich mit ihrem Hausartzt, im Falle von regelm\u00e4ssiger medikamenten Einnahme (z.B. wegen hohen Blutdruckes oder bei der Einnahme von blutverd\u00fcnnenden Medikamenten). Silicagel ist nicht zum Verzehr geeignet.  Aufbewahrung\u00a0: Lagern Sie das Produkt bitte k\u00fchl und trocken und setzen sie es nicht direktem Sonnenlicht aus. Nach dem ersten \u00d6ffnen, sollten Sie stets darauf achten, dass die Packung gut verschlossen wird.  Hersteller\u00a0: KUAN Industrial Co. Ltd.,\u00a0SOUTH KOREA\" \/>\n<meta property=\"og:url\" content=\"https:\/\/www.ginlac.eu\/de\/produkt\/fermentierter-roter-ginseng-kapseln-f\/\" \/>\n<meta property=\"og:site_name\" content=\"GINLAC - Korean Ginseng\" \/>\n<meta property=\"article:modified_time\" content=\"2023-11-12T12:22:32+00:00\" \/>\n<meta property=\"og:image\" content=\"https:\/\/www.ginlac.eu\/wp-content\/uploads\/Ginlac-Fermented-Korean-Red-Ginseng-Capsule-F_60Caps_2.png\" \/>\n\t<meta property=\"og:image:width\" content=\"800\" \/>\n\t<meta property=\"og:image:height\" content=\"533\" \/>\n\t<meta property=\"og:image:type\" content=\"image\/png\" \/>\n<meta name=\"twitter:card\" content=\"summary_large_image\" \/>\n<script type=\"application\/ld+json\" class=\"yoast-schema-graph\">{\"@context\":\"https:\/\/schema.org\",\"@graph\":[{\"@type\":\"WebSite\",\"@id\":\"https:\/\/www.ginlac.eu\/de\/#website\",\"url\":\"https:\/\/www.ginlac.eu\/de\/\",\"name\":\"GINLAC - Korean Ginseng\",\"description\":\"Korea INSAM trademark\",\"potentialAction\":[{\"@type\":\"SearchAction\",\"target\":{\"@type\":\"EntryPoint\",\"urlTemplate\":\"https:\/\/www.ginlac.eu\/de\/?s={search_term_string}\"},\"query-input\":\"required name=search_term_string\"}],\"inLanguage\":\"de\"},{\"@type\":\"WebPage\",\"@id\":\"https:\/\/www.ginlac.eu\/de\/produkt\/fermentierter-roter-ginseng-kapseln-f\/\",\"url\":\"https:\/\/www.ginlac.eu\/de\/produkt\/fermentierter-roter-ginseng-kapseln-f\/\",\"name\":\"Fermentierter roter Ginseng KAPSELN F - GINLAC - Korean Ginseng\",\"isPartOf\":{\"@id\":\"https:\/\/www.ginlac.eu\/de\/#website\"},\"datePublished\":\"2019-09-16T21:05:54+00:00\",\"dateModified\":\"2023-11-12T12:22:32+00:00\",\"breadcrumb\":{\"@id\":\"https:\/\/www.ginlac.eu\/de\/produkt\/fermentierter-roter-ginseng-kapseln-f\/#breadcrumb\"},\"inLanguage\":\"de\",\"potentialAction\":[{\"@type\":\"ReadAction\",\"target\":[\"https:\/\/www.ginlac.eu\/de\/produkt\/fermentierter-roter-ginseng-kapseln-f\/\"]}]},{\"@type\":\"BreadcrumbList\",\"@id\":\"https:\/\/www.ginlac.eu\/de\/produkt\/fermentierter-roter-ginseng-kapseln-f\/#breadcrumb\",\"itemListElement\":[{\"@type\":\"ListItem\",\"position\":1,\"name\":\"Home\",\"item\":\"https:\/\/www.ginlac.eu\/de\/\"},{\"@type\":\"ListItem\",\"position\":2,\"name\":\"\"},{\"@type\":\"ListItem\",\"position\":3,\"name\":\"Fermentierter roter Ginseng KAPSELN F\"}]}]}<\/script>\n<!-- \/ Yoast SEO plugin. -->","yoast_head_json":{"title":"Fermentierter roter Ginseng KAPSELN F - GINLAC - Korean Ginseng","robots":{"index":"index","follow":"follow","max-snippet":"max-snippet:-1","max-image-preview":"max-image-preview:large","max-video-preview":"max-video-preview:-1"},"canonical":"https:\/\/www.ginlac.eu\/de\/produkt\/fermentierter-roter-ginseng-kapseln-f\/","og_locale":"de_DE","og_type":"article","og_title":"Fermentierter roter Ginseng KAPSELN F - GINLAC - Korean Ginseng","og_description":"Ginsengkapseln  F\u00fcr denjenigen, der den bitteren Geschmack des Ginsengextrakts nicht mag, oder seine regelm\u00e4\u00dfige Dosis an Ginseng bequem im B\u00fcro oder im Urlaub einnehmen will, sind Kapseln die beste Wahl. Sie helfen Ihnen beim Abbau des allt\u00e4glichen Stresses und der M\u00fcdigkeit, und schon ab zweit\u00e4giger Einnahme empfinden Sie die wohlbringenden Wirkungen des koreanischen Ginseng. Die Kapseln mit einem Extrakt aus sechsj\u00e4hrigem rotem Ginseng bewirken im K\u00f6rper ein Gesamtgleichgewicht, welches sich um Ihre physische und psychische Ausgeglichenheit sorgt.  Produktname\u00a0:\u00a0Ginlac fermentiertes Koreanisches rotes Ginseng Capsule F  Inhalt\u00a0: 330mg\u00d760Caps(19.8g)  Zutaten\u00a0: Red ginseng extract powder(ginsenoside Rg1, Rb1 and Rg3 : 18mg\/g) 66.8%, Microcrystalline cellulose, Dry yeast, Yeast extract, \u03b2-Cyclodextrin, Isomaltooligosaccharide, Silicon dioxide, Magnesium stearate, Vitamin C, Bifidobacterium  Gesundheitliche Wirkung :\u00a0Unterst\u00fctzung des Immunsystems, Verminderung von M\u00fcdigkeit, verbesserter Blutkreislauf durch die Hemmung der Thrombozytenaggregation, verbessertes Ged\u00e4chtnis, entgiftende Wirkung  Empfohlene Einnahme\u00a0: 1 Kapsel mit Wasser, einmal am Tag.  Vorsichtshinweis\u00a0: W\u00e4hrend der Schwangerschaft und der Stillzeit, wird vom Konsum abgeraten. Bitte beraten sie sich mit ihrem Hausartzt, im Falle von regelm\u00e4ssiger medikamenten Einnahme (z.B. wegen hohen Blutdruckes oder bei der Einnahme von blutverd\u00fcnnenden Medikamenten). Silicagel ist nicht zum Verzehr geeignet.  Aufbewahrung\u00a0: Lagern Sie das Produkt bitte k\u00fchl und trocken und setzen sie es nicht direktem Sonnenlicht aus. Nach dem ersten \u00d6ffnen, sollten Sie stets darauf achten, dass die Packung gut verschlossen wird.  Hersteller\u00a0: KUAN Industrial Co. Ltd.,\u00a0SOUTH KOREA","og_url":"https:\/\/www.ginlac.eu\/de\/produkt\/fermentierter-roter-ginseng-kapseln-f\/","og_site_name":"GINLAC - Korean Ginseng","article_modified_time":"2023-11-12T12:22:32+00:00","og_image":[{"width":800,"height":533,"url":"https:\/\/www.ginlac.eu\/wp-content\/uploads\/Ginlac-Fermented-Korean-Red-Ginseng-Capsule-F_60Caps_2.png","type":"image\/png"}],"twitter_card":"summary_large_image","schema":{"@context":"https:\/\/schema.org","@graph":[{"@type":"WebSite","@id":"https:\/\/www.ginlac.eu\/de\/#website","url":"https:\/\/www.ginlac.eu\/de\/","name":"GINLAC - Korean Ginseng","description":"Korea INSAM trademark","potentialAction":[{"@type":"SearchAction","target":{"@type":"EntryPoint","urlTemplate":"https:\/\/www.ginlac.eu\/de\/?s={search_term_string}"},"query-input":"required name=search_term_string"}],"inLanguage":"de"},{"@type":"WebPage","@id":"https:\/\/www.ginlac.eu\/de\/produkt\/fermentierter-roter-ginseng-kapseln-f\/","url":"https:\/\/www.ginlac.eu\/de\/produkt\/fermentierter-roter-ginseng-kapseln-f\/","name":"Fermentierter roter Ginseng KAPSELN F - GINLAC - Korean Ginseng","isPartOf":{"@id":"https:\/\/www.ginlac.eu\/de\/#website"},"datePublished":"2019-09-16T21:05:54+00:00","dateModified":"2023-11-12T12:22:32+00:00","breadcrumb":{"@id":"https:\/\/www.ginlac.eu\/de\/produkt\/fermentierter-roter-ginseng-kapseln-f\/#breadcrumb"},"inLanguage":"de","potentialAction":[{"@type":"ReadAction","target":["https:\/\/www.ginlac.eu\/de\/produkt\/fermentierter-roter-ginseng-kapseln-f\/"]}]},{"@type":"BreadcrumbList","@id":"https:\/\/www.ginlac.eu\/de\/produkt\/fermentierter-roter-ginseng-kapseln-f\/#breadcrumb","itemListElement":[{"@type":"ListItem","position":1,"name":"Home","item":"https:\/\/www.ginlac.eu\/de\/"},{"@type":"ListItem","position":2,"name":""},{"@type":"ListItem","position":3,"name":"Fermentierter roter Ginseng KAPSELN F"}]}]}},"_links":{"self":[{"href":"https:\/\/www.ginlac.eu\/de\/wp-json\/wp\/v2\/product\/2402"}],"collection":[{"href":"https:\/\/www.ginlac.eu\/de\/wp-json\/wp\/v2\/product"}],"about":[{"href":"https:\/\/www.ginlac.eu\/de\/wp-json\/wp\/v2\/types\/product"}],"wp:featuredmedia":[{"embeddable":true,"href":"https:\/\/www.ginlac.eu\/de\/wp-json\/wp\/v2\/media\/332"}],"wp:attachment":[{"href":"https:\/\/www.ginlac.eu\/de\/wp-json\/wp\/v2\/media?parent=2402"}],"wp:term":[{"taxonomy":"product_cat","embeddable":true,"href":"https:\/\/www.ginlac.eu\/de\/wp-json\/wp\/v2\/product_cat?post=2402"},{"taxonomy":"product_tag","embeddable":true,"href":"https:\/\/www.ginlac.eu\/de\/wp-json\/wp\/v2\/product_tag?post=2402"}],"curies":[{"name":"wp","href":"https:\/\/api.w.org\/{rel}","templated":true}]}}