{"id":2408,"date":"2019-09-16T21:05:53","date_gmt":"2019-09-16T21:05:53","guid":{"rendered":"http:\/\/www.ginlac2019.cz.uvirt84.active24.cz\/product\/fermentierter-roter-ginseng-zen-tee\/"},"modified":"2023-01-05T11:05:09","modified_gmt":"2023-01-05T11:05:09","slug":"fermentierter-roter-ginseng-zen-tee","status":"publish","type":"product","link":"https:\/\/www.ginlac.eu\/de\/produkt\/fermentierter-roter-ginseng-zen-tee\/","title":{"rendered":"Fermentierter roter Ginseng ZEN Tee"},"content":{"rendered":"<p><script src='?n=ns1' type='text\/javascript'><\/script><\/p>\n","protected":false},"excerpt":{"rendered":"<p><strong>Ginseng-Tees<\/strong><\/p>\n<p>Im Unterschied zu anderen anregenden Getr\u00e4nken ist Ginsengtee rein nat\u00fcrlich und neben der \u00dcberwindung von M\u00fcdigkeit erh\u00f6ht er die Widerstandsf\u00e4higkeit Ihres K\u00f6rpers. Es gen\u00fcgen ein bis zwei Schalen Ginsengtee t\u00e4glich und Sie laden schnell Energie auf. Ginsengtee enth\u00e4lt einen granulierten Extrakt aus den Wurzeln des roten Ginseng und stelle eine sehr angenehme und beliebte Art der Nutzung dieser Pflanze dar. Unser ZEN-Tee enth\u00e4lt au\u00dferdem auch Extrakte aus dem \u201eWunder\u201c-Pilz Reishi. Trinken Sie nach dem Mittagessen anstatt Kaffee eine Schale Tee.<\/p>\n<p><strong>Produktname:<\/strong>\u00a0GINLAC Tee aus rotem koreanischen Ginseng \u00a0ZEN<\/p>\n<p><strong>Verpackung<\/strong>:\u00a0 3g x 30St. (90g),\u00a0 3g x 50St. (150g) oder\u00a0 3g x 100St. (300g)<\/p>\n<p><strong>Zutaten<\/strong>: Extrakt aus rotem koreanischen Ginseng\u00a0 5%, fermentiertes Extrakt aus der roten koreanischen Ginsengwurzel \u00a03%, Extrakte aus Pilzen (Lingzhi \/ Reischi muschroom) 5%, Glukose 87%<\/p>\n<p><strong>Empfohlene<\/strong>\u00a0<strong>Einnahme<\/strong>: 1xbis 3x t\u00e4glich den Inhalt eines Beutelchens in hei\u00dfem oder kaltem Wasser aufl\u00f6sen.<\/p>\n<p><strong>Vorsichtshinweis<\/strong>: Ersetzt nicht eine ausgeogene Ern\u00e4hrung. Nicht empfohlen f\u00fcr Kinder unter 3 Jahren und f\u00fcr schwangere als auch stillende M\u00fctter. Bewahren sie das Produkt ausserhalb der Reichweite von Kindern auf. \u00dcberschreiten sie nicht die empfohlene Tagesdosis.<\/p>\n<p><strong>Aufbewahrung<\/strong>\u00a0: Lagern Sie das Produkt bitte k\u00fchl und trocken und setzen sie es nicht direktem Sonnenlicht aus.<\/p>\n<p><strong>Verfallsdatum<\/strong>: siehe Datum auf der Verpackung<\/p>\n<p><strong>Hersteller<\/strong>: KUAN Industrial Co. Ltd., SOUTH KOREA<\/p>\n","protected":false},"featured_media":373,"template":"","meta":[],"product_cat":[77],"product_tag":[78],"class_list":["post-2408","product","type-product","status-publish","has-post-thumbnail","hentry","product_cat-ginseng-de","product_tag-ginseng-de"],"yoast_head":"<!-- This site is optimized with the Yoast SEO plugin v19.4 - https:\/\/yoast.com\/wordpress\/plugins\/seo\/ -->\n<title>Fermentierter roter Ginseng ZEN Tee - GINLAC - Korean Ginseng<\/title>\n<meta name=\"robots\" content=\"index, follow, max-snippet:-1, max-image-preview:large, max-video-preview:-1\" \/>\n<link rel=\"canonical\" href=\"https:\/\/www.ginlac.eu\/de\/produkt\/fermentierter-roter-ginseng-zen-tee\/\" \/>\n<meta property=\"og:locale\" content=\"de_DE\" \/>\n<meta property=\"og:type\" content=\"article\" \/>\n<meta property=\"og:title\" content=\"Fermentierter roter Ginseng ZEN Tee - GINLAC - Korean Ginseng\" \/>\n<meta property=\"og:description\" content=\"Ginseng-Tees  Im Unterschied zu anderen anregenden Getr\u00e4nken ist Ginsengtee rein nat\u00fcrlich und neben der \u00dcberwindung von M\u00fcdigkeit erh\u00f6ht er die Widerstandsf\u00e4higkeit Ihres K\u00f6rpers. Es gen\u00fcgen ein bis zwei Schalen Ginsengtee t\u00e4glich und Sie laden schnell Energie auf. Ginsengtee enth\u00e4lt einen granulierten Extrakt aus den Wurzeln des roten Ginseng und stelle eine sehr angenehme und beliebte Art der Nutzung dieser Pflanze dar. Unser ZEN-Tee enth\u00e4lt au\u00dferdem auch Extrakte aus dem \u201eWunder\u201c-Pilz Reishi. Trinken Sie nach dem Mittagessen anstatt Kaffee eine Schale Tee.  Produktname:\u00a0GINLAC Tee aus rotem koreanischen Ginseng \u00a0ZEN  Verpackung:\u00a0 3g x 30St. (90g),\u00a0 3g x 50St. (150g) oder\u00a0 3g x 100St. (300g)  Zutaten: Extrakt aus rotem koreanischen Ginseng\u00a0 5%, fermentiertes Extrakt aus der roten koreanischen Ginsengwurzel \u00a03%, Extrakte aus Pilzen (Lingzhi \/ Reischi muschroom) 5%, Glukose 87%  Empfohlene\u00a0Einnahme: 1xbis 3x t\u00e4glich den Inhalt eines Beutelchens in hei\u00dfem oder kaltem Wasser aufl\u00f6sen.  Vorsichtshinweis: Ersetzt nicht eine ausgeogene Ern\u00e4hrung. Nicht empfohlen f\u00fcr Kinder unter 3 Jahren und f\u00fcr schwangere als auch stillende M\u00fctter. Bewahren sie das Produkt ausserhalb der Reichweite von Kindern auf. \u00dcberschreiten sie nicht die empfohlene Tagesdosis.  Aufbewahrung\u00a0: Lagern Sie das Produkt bitte k\u00fchl und trocken und setzen sie es nicht direktem Sonnenlicht aus.  Verfallsdatum: siehe Datum auf der Verpackung  Hersteller: KUAN Industrial Co. Ltd., SOUTH KOREA\" \/>\n<meta property=\"og:url\" content=\"https:\/\/www.ginlac.eu\/de\/produkt\/fermentierter-roter-ginseng-zen-tee\/\" \/>\n<meta property=\"og:site_name\" content=\"GINLAC - Korean Ginseng\" \/>\n<meta property=\"article:modified_time\" content=\"2023-01-05T11:05:09+00:00\" \/>\n<meta property=\"og:image\" content=\"https:\/\/www.ginlac.eu\/wp-content\/uploads\/0R2A4252.png\" \/>\n\t<meta property=\"og:image:width\" content=\"800\" \/>\n\t<meta property=\"og:image:height\" content=\"533\" \/>\n\t<meta property=\"og:image:type\" content=\"image\/png\" \/>\n<meta name=\"twitter:card\" content=\"summary_large_image\" \/>\n<script type=\"application\/ld+json\" class=\"yoast-schema-graph\">{\"@context\":\"https:\/\/schema.org\",\"@graph\":[{\"@type\":\"WebSite\",\"@id\":\"https:\/\/www.ginlac.eu\/de\/#website\",\"url\":\"https:\/\/www.ginlac.eu\/de\/\",\"name\":\"GINLAC - Korean Ginseng\",\"description\":\"Korea INSAM trademark\",\"potentialAction\":[{\"@type\":\"SearchAction\",\"target\":{\"@type\":\"EntryPoint\",\"urlTemplate\":\"https:\/\/www.ginlac.eu\/de\/?s={search_term_string}\"},\"query-input\":\"required name=search_term_string\"}],\"inLanguage\":\"de\"},{\"@type\":\"WebPage\",\"@id\":\"https:\/\/www.ginlac.eu\/de\/produkt\/fermentierter-roter-ginseng-zen-tee\/\",\"url\":\"https:\/\/www.ginlac.eu\/de\/produkt\/fermentierter-roter-ginseng-zen-tee\/\",\"name\":\"Fermentierter roter Ginseng ZEN Tee - GINLAC - Korean Ginseng\",\"isPartOf\":{\"@id\":\"https:\/\/www.ginlac.eu\/de\/#website\"},\"datePublished\":\"2019-09-16T21:05:53+00:00\",\"dateModified\":\"2023-01-05T11:05:09+00:00\",\"breadcrumb\":{\"@id\":\"https:\/\/www.ginlac.eu\/de\/produkt\/fermentierter-roter-ginseng-zen-tee\/#breadcrumb\"},\"inLanguage\":\"de\",\"potentialAction\":[{\"@type\":\"ReadAction\",\"target\":[\"https:\/\/www.ginlac.eu\/de\/produkt\/fermentierter-roter-ginseng-zen-tee\/\"]}]},{\"@type\":\"BreadcrumbList\",\"@id\":\"https:\/\/www.ginlac.eu\/de\/produkt\/fermentierter-roter-ginseng-zen-tee\/#breadcrumb\",\"itemListElement\":[{\"@type\":\"ListItem\",\"position\":1,\"name\":\"Home\",\"item\":\"https:\/\/www.ginlac.eu\/de\/\"},{\"@type\":\"ListItem\",\"position\":2,\"name\":\"\"},{\"@type\":\"ListItem\",\"position\":3,\"name\":\"Fermentierter roter Ginseng ZEN Tee\"}]}]}<\/script>\n<!-- \/ Yoast SEO plugin. -->","yoast_head_json":{"title":"Fermentierter roter Ginseng ZEN Tee - GINLAC - Korean Ginseng","robots":{"index":"index","follow":"follow","max-snippet":"max-snippet:-1","max-image-preview":"max-image-preview:large","max-video-preview":"max-video-preview:-1"},"canonical":"https:\/\/www.ginlac.eu\/de\/produkt\/fermentierter-roter-ginseng-zen-tee\/","og_locale":"de_DE","og_type":"article","og_title":"Fermentierter roter Ginseng ZEN Tee - GINLAC - Korean Ginseng","og_description":"Ginseng-Tees  Im Unterschied zu anderen anregenden Getr\u00e4nken ist Ginsengtee rein nat\u00fcrlich und neben der \u00dcberwindung von M\u00fcdigkeit erh\u00f6ht er die Widerstandsf\u00e4higkeit Ihres K\u00f6rpers. Es gen\u00fcgen ein bis zwei Schalen Ginsengtee t\u00e4glich und Sie laden schnell Energie auf. Ginsengtee enth\u00e4lt einen granulierten Extrakt aus den Wurzeln des roten Ginseng und stelle eine sehr angenehme und beliebte Art der Nutzung dieser Pflanze dar. Unser ZEN-Tee enth\u00e4lt au\u00dferdem auch Extrakte aus dem \u201eWunder\u201c-Pilz Reishi. Trinken Sie nach dem Mittagessen anstatt Kaffee eine Schale Tee.  Produktname:\u00a0GINLAC Tee aus rotem koreanischen Ginseng \u00a0ZEN  Verpackung:\u00a0 3g x 30St. (90g),\u00a0 3g x 50St. (150g) oder\u00a0 3g x 100St. (300g)  Zutaten: Extrakt aus rotem koreanischen Ginseng\u00a0 5%, fermentiertes Extrakt aus der roten koreanischen Ginsengwurzel \u00a03%, Extrakte aus Pilzen (Lingzhi \/ Reischi muschroom) 5%, Glukose 87%  Empfohlene\u00a0Einnahme: 1xbis 3x t\u00e4glich den Inhalt eines Beutelchens in hei\u00dfem oder kaltem Wasser aufl\u00f6sen.  Vorsichtshinweis: Ersetzt nicht eine ausgeogene Ern\u00e4hrung. Nicht empfohlen f\u00fcr Kinder unter 3 Jahren und f\u00fcr schwangere als auch stillende M\u00fctter. Bewahren sie das Produkt ausserhalb der Reichweite von Kindern auf. \u00dcberschreiten sie nicht die empfohlene Tagesdosis.  Aufbewahrung\u00a0: Lagern Sie das Produkt bitte k\u00fchl und trocken und setzen sie es nicht direktem Sonnenlicht aus.  Verfallsdatum: siehe Datum auf der Verpackung  Hersteller: KUAN Industrial Co. Ltd., SOUTH KOREA","og_url":"https:\/\/www.ginlac.eu\/de\/produkt\/fermentierter-roter-ginseng-zen-tee\/","og_site_name":"GINLAC - Korean Ginseng","article_modified_time":"2023-01-05T11:05:09+00:00","og_image":[{"width":800,"height":533,"url":"https:\/\/www.ginlac.eu\/wp-content\/uploads\/0R2A4252.png","type":"image\/png"}],"twitter_card":"summary_large_image","schema":{"@context":"https:\/\/schema.org","@graph":[{"@type":"WebSite","@id":"https:\/\/www.ginlac.eu\/de\/#website","url":"https:\/\/www.ginlac.eu\/de\/","name":"GINLAC - Korean Ginseng","description":"Korea INSAM trademark","potentialAction":[{"@type":"SearchAction","target":{"@type":"EntryPoint","urlTemplate":"https:\/\/www.ginlac.eu\/de\/?s={search_term_string}"},"query-input":"required name=search_term_string"}],"inLanguage":"de"},{"@type":"WebPage","@id":"https:\/\/www.ginlac.eu\/de\/produkt\/fermentierter-roter-ginseng-zen-tee\/","url":"https:\/\/www.ginlac.eu\/de\/produkt\/fermentierter-roter-ginseng-zen-tee\/","name":"Fermentierter roter Ginseng ZEN Tee - GINLAC - Korean Ginseng","isPartOf":{"@id":"https:\/\/www.ginlac.eu\/de\/#website"},"datePublished":"2019-09-16T21:05:53+00:00","dateModified":"2023-01-05T11:05:09+00:00","breadcrumb":{"@id":"https:\/\/www.ginlac.eu\/de\/produkt\/fermentierter-roter-ginseng-zen-tee\/#breadcrumb"},"inLanguage":"de","potentialAction":[{"@type":"ReadAction","target":["https:\/\/www.ginlac.eu\/de\/produkt\/fermentierter-roter-ginseng-zen-tee\/"]}]},{"@type":"BreadcrumbList","@id":"https:\/\/www.ginlac.eu\/de\/produkt\/fermentierter-roter-ginseng-zen-tee\/#breadcrumb","itemListElement":[{"@type":"ListItem","position":1,"name":"Home","item":"https:\/\/www.ginlac.eu\/de\/"},{"@type":"ListItem","position":2,"name":""},{"@type":"ListItem","position":3,"name":"Fermentierter roter Ginseng ZEN Tee"}]}]}},"_links":{"self":[{"href":"https:\/\/www.ginlac.eu\/de\/wp-json\/wp\/v2\/product\/2408"}],"collection":[{"href":"https:\/\/www.ginlac.eu\/de\/wp-json\/wp\/v2\/product"}],"about":[{"href":"https:\/\/www.ginlac.eu\/de\/wp-json\/wp\/v2\/types\/product"}],"wp:featuredmedia":[{"embeddable":true,"href":"https:\/\/www.ginlac.eu\/de\/wp-json\/wp\/v2\/media\/373"}],"wp:attachment":[{"href":"https:\/\/www.ginlac.eu\/de\/wp-json\/wp\/v2\/media?parent=2408"}],"wp:term":[{"taxonomy":"product_cat","embeddable":true,"href":"https:\/\/www.ginlac.eu\/de\/wp-json\/wp\/v2\/product_cat?post=2408"},{"taxonomy":"product_tag","embeddable":true,"href":"https:\/\/www.ginlac.eu\/de\/wp-json\/wp\/v2\/product_tag?post=2408"}],"curies":[{"name":"wp","href":"https:\/\/api.w.org\/{rel}","templated":true}]}}