{"id":3640,"date":"2023-01-05T10:53:54","date_gmt":"2023-01-05T10:53:54","guid":{"rendered":"https:\/\/www.ginlac.eu\/product\/ginseng-gesichtsstoffmaske\/"},"modified":"2023-01-05T10:53:54","modified_gmt":"2023-01-05T10:53:54","slug":"ginseng-gesichtsstoffmaske","status":"publish","type":"product","link":"https:\/\/www.ginlac.eu\/de\/produkt\/ginseng-gesichtsstoffmaske\/","title":{"rendered":"Ginseng \u2013 Gesichtsstoffmaske"},"content":{"rendered":"<p>PREMIUM \u2013 Feuchtigkeitsspendende Stoffmaske.<\/p>\n<p>Durch dem hohen Saponinen Anzahl gl\u00e4ttet nicht nur Gesichtsf\u00e4ltchen, auch tiefere Poren spendet die Feuchtigkeit die m\u00fcde Haut erfrischt mit sofortiger Wirkung.<br \/>\nNach der ersten Anwendung wird die Wirkung und optisches Aussehen aus dem echten koreanischen Ginseng, Aloe Vera Portulak (Portulaca oleracea) deutlich sp\u00fcrbar.<\/p>\n<ul>\n<li>Einfache Anwendung<\/li>\n<li>H\u00f6chste Qualit\u00e4t der Inhaltstoffe direkt aus dem Korea<\/li>\n<li>Den Maskenstoff &#8211; Material \u2013 zertifiziert durch Oeko- Tex\u00ae Standard 100<\/li>\n<\/ul>\n<p>Inhaltstoffe: Echter Ginseng Extrakt, Aloe Vera, Portulak, Wasser, Kolagen Glycerin, Panthenol<\/p>\n<p>Durch die modernste Technologie der Heilpflanzenverarbeitung ist die Koreanische Kosmetik auf der ganzen Welt die beste. Eine von bestem Produkt ist die Ginseng- Gesichtsstoffmaske \u2013einfache Anwendung, mit sofortiger sichtbarer Wirkung.<\/p>\n<p>Firma Ginlac ist seit \u00fcber 30 Jahren auf dem Markt, langj\u00e4hrige Erfahrungen in Verarbeitung mit echten Koreanischen Ginseng, gerade jetzt bringt die Firma ein gro\u00dfartiges Produkt, Ginseng Gesichtsstoffmaske f\u00fcr ein wohltuendes Gef\u00fchl f\u00fcr ihr Haut.<\/p>\n","protected":false},"excerpt":{"rendered":"<p>PREMIUM \u2013 Feuchtigkeitsspendende Stoffmaske.<\/p>\n<p>Durch dem hohen Saponinen Anzahl gl\u00e4ttet nicht nur Gesichtsf\u00e4ltchen, auch tiefere Poren spendet die Feuchtigkeit die m\u00fcde Haut erfrischt mit sofortiger Wirkung.<br \/>\nNach der ersten Anwendung wird die Wirkung und optisches Aussehen aus dem echten koreanischen Ginseng, Aloe Vera Portulak (Portulaca oleracea) deutlich sp\u00fcrbar.<\/p>\n<ul>\n<li>Einfache Anwendung<\/li>\n<li>H\u00f6chste Qualit\u00e4t der Inhaltstoffe direkt aus dem Korea<\/li>\n<li>Den Maskenstoff &#8211; Material \u2013 zertifiziert durch Oeko- Tex\u00ae Standard 100<\/li>\n<\/ul>\n<p>Inhaltstoffe: Echter Ginseng Extrakt, Aloe Vera, Portulak, Wasser, Kolagen Glycerin, Panthenol<\/p>\n<p>Durch die modernste Technologie der Heilpflanzenverarbeitung ist die Koreanische Kosmetik auf der ganzen Welt die beste. Eine von bestem Produkt ist die Ginseng- Gesichtsstoffmaske \u2013einfache Anwendung, mit sofortiger sichtbarer Wirkung.<\/p>\n<p>Firma Ginlac ist seit \u00fcber 30 Jahren auf dem Markt, langj\u00e4hrige Erfahrungen in Verarbeitung mit echten Koreanischen Ginseng, gerade jetzt bringt die Firma ein gro\u00dfartiges Produkt, Ginseng Gesichtsstoffmaske f\u00fcr ein wohltuendes Gef\u00fchl f\u00fcr ihr Haut.<\/p>\n","protected":false},"featured_media":3629,"template":"","meta":[],"product_cat":[15],"product_tag":[],"class_list":["post-3640","product","type-product","status-publish","has-post-thumbnail","hentry","product_cat-uncategorized"],"yoast_head":"<!-- This site is optimized with the Yoast SEO plugin v19.4 - https:\/\/yoast.com\/wordpress\/plugins\/seo\/ -->\n<title>Ginseng \u2013 Gesichtsstoffmaske - GINLAC - Korean Ginseng<\/title>\n<meta name=\"robots\" content=\"index, follow, max-snippet:-1, max-image-preview:large, max-video-preview:-1\" \/>\n<link rel=\"canonical\" href=\"https:\/\/www.ginlac.eu\/de\/produkt\/ginseng-gesichtsstoffmaske\/\" \/>\n<meta property=\"og:locale\" content=\"de_DE\" \/>\n<meta property=\"og:type\" content=\"article\" \/>\n<meta property=\"og:title\" content=\"Ginseng \u2013 Gesichtsstoffmaske - GINLAC - Korean Ginseng\" \/>\n<meta property=\"og:description\" content=\"PREMIUM \u2013 Feuchtigkeitsspendende Stoffmaske.  Durch dem hohen Saponinen Anzahl gl\u00e4ttet nicht nur Gesichtsf\u00e4ltchen, auch tiefere Poren spendet die Feuchtigkeit die m\u00fcde Haut erfrischt mit sofortiger Wirkung. Nach der ersten Anwendung wird die Wirkung und optisches Aussehen aus dem echten koreanischen Ginseng, Aloe Vera Portulak (Portulaca oleracea) deutlich sp\u00fcrbar.   Einfache Anwendung  H\u00f6chste Qualit\u00e4t der Inhaltstoffe direkt aus dem Korea  Den Maskenstoff - Material \u2013 zertifiziert durch Oeko- Tex\u00ae Standard 100  Inhaltstoffe: Echter Ginseng Extrakt, Aloe Vera, Portulak, Wasser, Kolagen Glycerin, Panthenol  Durch die modernste Technologie der Heilpflanzenverarbeitung ist die Koreanische Kosmetik auf der ganzen Welt die beste. Eine von bestem Produkt ist die Ginseng- Gesichtsstoffmaske \u2013einfache Anwendung, mit sofortiger sichtbarer Wirkung.  Firma Ginlac ist seit \u00fcber 30 Jahren auf dem Markt, langj\u00e4hrige Erfahrungen in Verarbeitung mit echten Koreanischen Ginseng, gerade jetzt bringt die Firma ein gro\u00dfartiges Produkt, Ginseng Gesichtsstoffmaske f\u00fcr ein wohltuendes Gef\u00fchl f\u00fcr ihr Haut.\" \/>\n<meta property=\"og:url\" content=\"https:\/\/www.ginlac.eu\/de\/produkt\/ginseng-gesichtsstoffmaske\/\" \/>\n<meta property=\"og:site_name\" content=\"GINLAC - Korean Ginseng\" \/>\n<meta property=\"og:image\" content=\"https:\/\/www.ginlac.eu\/wp-content\/uploads\/pletova-maska-2.jpg\" \/>\n\t<meta property=\"og:image:width\" content=\"800\" \/>\n\t<meta property=\"og:image:height\" content=\"800\" \/>\n\t<meta property=\"og:image:type\" content=\"image\/jpeg\" \/>\n<meta name=\"twitter:card\" content=\"summary_large_image\" \/>\n<meta name=\"twitter:label1\" content=\"Gesch\u00e4tzte Lesezeit\" \/>\n\t<meta name=\"twitter:data1\" content=\"1\u00a0Minute\" \/>\n<script type=\"application\/ld+json\" class=\"yoast-schema-graph\">{\"@context\":\"https:\/\/schema.org\",\"@graph\":[{\"@type\":\"WebSite\",\"@id\":\"https:\/\/www.ginlac.eu\/de\/#website\",\"url\":\"https:\/\/www.ginlac.eu\/de\/\",\"name\":\"GINLAC - Korean Ginseng\",\"description\":\"Korea INSAM trademark\",\"potentialAction\":[{\"@type\":\"SearchAction\",\"target\":{\"@type\":\"EntryPoint\",\"urlTemplate\":\"https:\/\/www.ginlac.eu\/de\/?s={search_term_string}\"},\"query-input\":\"required name=search_term_string\"}],\"inLanguage\":\"de\"},{\"@type\":\"WebPage\",\"@id\":\"https:\/\/www.ginlac.eu\/de\/produkt\/ginseng-gesichtsstoffmaske\/\",\"url\":\"https:\/\/www.ginlac.eu\/de\/produkt\/ginseng-gesichtsstoffmaske\/\",\"name\":\"Ginseng \u2013 Gesichtsstoffmaske - GINLAC - Korean Ginseng\",\"isPartOf\":{\"@id\":\"https:\/\/www.ginlac.eu\/de\/#website\"},\"datePublished\":\"2023-01-05T10:53:54+00:00\",\"dateModified\":\"2023-01-05T10:53:54+00:00\",\"breadcrumb\":{\"@id\":\"https:\/\/www.ginlac.eu\/de\/produkt\/ginseng-gesichtsstoffmaske\/#breadcrumb\"},\"inLanguage\":\"de\",\"potentialAction\":[{\"@type\":\"ReadAction\",\"target\":[\"https:\/\/www.ginlac.eu\/de\/produkt\/ginseng-gesichtsstoffmaske\/\"]}]},{\"@type\":\"BreadcrumbList\",\"@id\":\"https:\/\/www.ginlac.eu\/de\/produkt\/ginseng-gesichtsstoffmaske\/#breadcrumb\",\"itemListElement\":[{\"@type\":\"ListItem\",\"position\":1,\"name\":\"Home\",\"item\":\"https:\/\/www.ginlac.eu\/de\/\"},{\"@type\":\"ListItem\",\"position\":2,\"name\":\"\"},{\"@type\":\"ListItem\",\"position\":3,\"name\":\"Ginseng \u2013 Gesichtsstoffmaske\"}]}]}<\/script>\n<!-- \/ Yoast SEO plugin. -->","yoast_head_json":{"title":"Ginseng \u2013 Gesichtsstoffmaske - GINLAC - Korean Ginseng","robots":{"index":"index","follow":"follow","max-snippet":"max-snippet:-1","max-image-preview":"max-image-preview:large","max-video-preview":"max-video-preview:-1"},"canonical":"https:\/\/www.ginlac.eu\/de\/produkt\/ginseng-gesichtsstoffmaske\/","og_locale":"de_DE","og_type":"article","og_title":"Ginseng \u2013 Gesichtsstoffmaske - GINLAC - Korean Ginseng","og_description":"PREMIUM \u2013 Feuchtigkeitsspendende Stoffmaske.  Durch dem hohen Saponinen Anzahl gl\u00e4ttet nicht nur Gesichtsf\u00e4ltchen, auch tiefere Poren spendet die Feuchtigkeit die m\u00fcde Haut erfrischt mit sofortiger Wirkung. Nach der ersten Anwendung wird die Wirkung und optisches Aussehen aus dem echten koreanischen Ginseng, Aloe Vera Portulak (Portulaca oleracea) deutlich sp\u00fcrbar.   Einfache Anwendung  H\u00f6chste Qualit\u00e4t der Inhaltstoffe direkt aus dem Korea  Den Maskenstoff - Material \u2013 zertifiziert durch Oeko- Tex\u00ae Standard 100  Inhaltstoffe: Echter Ginseng Extrakt, Aloe Vera, Portulak, Wasser, Kolagen Glycerin, Panthenol  Durch die modernste Technologie der Heilpflanzenverarbeitung ist die Koreanische Kosmetik auf der ganzen Welt die beste. Eine von bestem Produkt ist die Ginseng- Gesichtsstoffmaske \u2013einfache Anwendung, mit sofortiger sichtbarer Wirkung.  Firma Ginlac ist seit \u00fcber 30 Jahren auf dem Markt, langj\u00e4hrige Erfahrungen in Verarbeitung mit echten Koreanischen Ginseng, gerade jetzt bringt die Firma ein gro\u00dfartiges Produkt, Ginseng Gesichtsstoffmaske f\u00fcr ein wohltuendes Gef\u00fchl f\u00fcr ihr Haut.","og_url":"https:\/\/www.ginlac.eu\/de\/produkt\/ginseng-gesichtsstoffmaske\/","og_site_name":"GINLAC - Korean Ginseng","og_image":[{"width":800,"height":800,"url":"https:\/\/www.ginlac.eu\/wp-content\/uploads\/pletova-maska-2.jpg","type":"image\/jpeg"}],"twitter_card":"summary_large_image","twitter_misc":{"Gesch\u00e4tzte Lesezeit":"1\u00a0Minute"},"schema":{"@context":"https:\/\/schema.org","@graph":[{"@type":"WebSite","@id":"https:\/\/www.ginlac.eu\/de\/#website","url":"https:\/\/www.ginlac.eu\/de\/","name":"GINLAC - Korean Ginseng","description":"Korea INSAM trademark","potentialAction":[{"@type":"SearchAction","target":{"@type":"EntryPoint","urlTemplate":"https:\/\/www.ginlac.eu\/de\/?s={search_term_string}"},"query-input":"required name=search_term_string"}],"inLanguage":"de"},{"@type":"WebPage","@id":"https:\/\/www.ginlac.eu\/de\/produkt\/ginseng-gesichtsstoffmaske\/","url":"https:\/\/www.ginlac.eu\/de\/produkt\/ginseng-gesichtsstoffmaske\/","name":"Ginseng \u2013 Gesichtsstoffmaske - GINLAC - Korean Ginseng","isPartOf":{"@id":"https:\/\/www.ginlac.eu\/de\/#website"},"datePublished":"2023-01-05T10:53:54+00:00","dateModified":"2023-01-05T10:53:54+00:00","breadcrumb":{"@id":"https:\/\/www.ginlac.eu\/de\/produkt\/ginseng-gesichtsstoffmaske\/#breadcrumb"},"inLanguage":"de","potentialAction":[{"@type":"ReadAction","target":["https:\/\/www.ginlac.eu\/de\/produkt\/ginseng-gesichtsstoffmaske\/"]}]},{"@type":"BreadcrumbList","@id":"https:\/\/www.ginlac.eu\/de\/produkt\/ginseng-gesichtsstoffmaske\/#breadcrumb","itemListElement":[{"@type":"ListItem","position":1,"name":"Home","item":"https:\/\/www.ginlac.eu\/de\/"},{"@type":"ListItem","position":2,"name":""},{"@type":"ListItem","position":3,"name":"Ginseng \u2013 Gesichtsstoffmaske"}]}]}},"_links":{"self":[{"href":"https:\/\/www.ginlac.eu\/de\/wp-json\/wp\/v2\/product\/3640"}],"collection":[{"href":"https:\/\/www.ginlac.eu\/de\/wp-json\/wp\/v2\/product"}],"about":[{"href":"https:\/\/www.ginlac.eu\/de\/wp-json\/wp\/v2\/types\/product"}],"wp:featuredmedia":[{"embeddable":true,"href":"https:\/\/www.ginlac.eu\/de\/wp-json\/wp\/v2\/media\/3629"}],"wp:attachment":[{"href":"https:\/\/www.ginlac.eu\/de\/wp-json\/wp\/v2\/media?parent=3640"}],"wp:term":[{"taxonomy":"product_cat","embeddable":true,"href":"https:\/\/www.ginlac.eu\/de\/wp-json\/wp\/v2\/product_cat?post=3640"},{"taxonomy":"product_tag","embeddable":true,"href":"https:\/\/www.ginlac.eu\/de\/wp-json\/wp\/v2\/product_tag?post=3640"}],"curies":[{"name":"wp","href":"https:\/\/api.w.org\/{rel}","templated":true}]}}