{"id":3340,"date":"2019-09-16T21:05:55","date_gmt":"2019-09-16T21:05:55","guid":{"rendered":"https:\/\/www.ginlac.eu\/product\/fermentado-extracto-de-ginseng-rojo-gold\/"},"modified":"2023-11-12T12:13:54","modified_gmt":"2023-11-12T12:13:54","slug":"fermentado-extracto-de-ginseng-rojo-gold","status":"publish","type":"product","link":"https:\/\/www.ginlac.eu\/es\/producto\/fermentado-extracto-de-ginseng-rojo-gold\/","title":{"rendered":"Fermentado extracto de ginseng rojo GOLD"},"content":{"rendered":"","protected":false},"excerpt":{"rendered":"<p>Extracto de Ginseng Coreano de 6 a\u00f1os de cultivo enriquecido con un 10% de extracto fermentado, aumentando as\u00ed la mayor absorci\u00f3n de sustancias activas por parte de nuestro organismo.<\/p>\n<p>Regula la presi\u00f3n arterial disminuyendo el az\u00facar en sangre y los niveles de colesterol, mejorando la memoria y la potencia sexual.<\/p>\n<p><strong>Envase :<\/strong>\u00a050 grs<\/p>\n<p><strong>Composici\u00f3n:<\/strong>\u00a0Extracto 100% de ra\u00edz de Ginseng Rojo Coreano (90% Natural y 10% extracto fermentado), contenido total de ginsen\u00f3sidos : 80mg\/g (Rg1, Rb1 y Rg3): 6mg\/g.<\/p>\n<p><strong>Dosis Recomendada:<\/strong>\u00a01 \u2013 2 veces al d\u00eda 1 gr. (cuchara de 1 gr. Incluida), se puede tomar directamente o con un poco de agua. Se puede diluir en agua fr\u00eda o templada y a\u00f1adir un poco de miel o az\u00facar. A ni\u00f1os entre 3 y 12 a\u00f1os se recomienda el uso de 1\/3 de dosis diaria.<\/p>\n<p>Mantener en un lugar seco con temperaturas de hasta 25\u00ba evitando la exposici\u00f3n del envase al sol.<\/p>\n<p>No utilizar como sustituto de una alimentaci\u00f3n equilibrada.<\/p>\n","protected":false},"featured_media":293,"template":"","meta":[],"product_cat":[83],"product_tag":[84],"class_list":["post-3340","product","type-product","status-publish","has-post-thumbnail","hentry","product_cat-ginseng-es","product_tag-ginseng-es"],"yoast_head":"<!-- This site is optimized with the Yoast SEO plugin v19.4 - https:\/\/yoast.com\/wordpress\/plugins\/seo\/ -->\n<title>Fermentado extracto de ginseng rojo GOLD - GINLAC - Korean Ginseng<\/title>\n<meta name=\"robots\" content=\"index, follow, max-snippet:-1, max-image-preview:large, max-video-preview:-1\" \/>\n<link rel=\"canonical\" href=\"https:\/\/www.ginlac.eu\/es\/producto\/fermentado-extracto-de-ginseng-rojo-gold\/\" \/>\n<meta property=\"og:locale\" content=\"es_ES\" \/>\n<meta property=\"og:type\" content=\"article\" \/>\n<meta property=\"og:title\" content=\"Fermentado extracto de ginseng rojo GOLD - GINLAC - Korean Ginseng\" \/>\n<meta property=\"og:description\" content=\"Extracto de Ginseng Coreano de 6 a\u00f1os de cultivo enriquecido con un 10% de extracto fermentado, aumentando as\u00ed la mayor absorci\u00f3n de sustancias activas por parte de nuestro organismo.  Regula la presi\u00f3n arterial disminuyendo el az\u00facar en sangre y los niveles de colesterol, mejorando la memoria y la potencia sexual.  Envase :\u00a050 grs  Composici\u00f3n:\u00a0Extracto 100% de ra\u00edz de Ginseng Rojo Coreano (90% Natural y 10% extracto fermentado), contenido total de ginsen\u00f3sidos : 80mg\/g (Rg1, Rb1 y Rg3): 6mg\/g.  Dosis Recomendada:\u00a01 \u2013 2 veces al d\u00eda 1 gr. (cuchara de 1 gr. Incluida), se puede tomar directamente o con un poco de agua. Se puede diluir en agua fr\u00eda o templada y a\u00f1adir un poco de miel o az\u00facar. A ni\u00f1os entre 3 y 12 a\u00f1os se recomienda el uso de 1\/3 de dosis diaria.  Mantener en un lugar seco con temperaturas de hasta 25\u00ba evitando la exposici\u00f3n del envase al sol.  No utilizar como sustituto de una alimentaci\u00f3n equilibrada.\" \/>\n<meta property=\"og:url\" content=\"https:\/\/www.ginlac.eu\/es\/producto\/fermentado-extracto-de-ginseng-rojo-gold\/\" \/>\n<meta property=\"og:site_name\" content=\"GINLAC - Korean Ginseng\" \/>\n<meta property=\"article:modified_time\" content=\"2023-11-12T12:13:54+00:00\" \/>\n<meta property=\"og:image\" content=\"https:\/\/www.ginlac.eu\/wp-content\/uploads\/0R2A4220.png\" \/>\n\t<meta property=\"og:image:width\" content=\"800\" \/>\n\t<meta property=\"og:image:height\" content=\"533\" \/>\n\t<meta property=\"og:image:type\" content=\"image\/png\" \/>\n<meta name=\"twitter:card\" content=\"summary_large_image\" \/>\n<script type=\"application\/ld+json\" class=\"yoast-schema-graph\">{\"@context\":\"https:\/\/schema.org\",\"@graph\":[{\"@type\":\"WebSite\",\"@id\":\"https:\/\/www.ginlac.eu\/es\/#website\",\"url\":\"https:\/\/www.ginlac.eu\/es\/\",\"name\":\"GINLAC - Korean Ginseng\",\"description\":\"Korea INSAM trademark\",\"potentialAction\":[{\"@type\":\"SearchAction\",\"target\":{\"@type\":\"EntryPoint\",\"urlTemplate\":\"https:\/\/www.ginlac.eu\/es\/?s={search_term_string}\"},\"query-input\":\"required name=search_term_string\"}],\"inLanguage\":\"es\"},{\"@type\":\"WebPage\",\"@id\":\"https:\/\/www.ginlac.eu\/es\/producto\/fermentado-extracto-de-ginseng-rojo-gold\/\",\"url\":\"https:\/\/www.ginlac.eu\/es\/producto\/fermentado-extracto-de-ginseng-rojo-gold\/\",\"name\":\"Fermentado extracto de ginseng rojo GOLD - GINLAC - Korean Ginseng\",\"isPartOf\":{\"@id\":\"https:\/\/www.ginlac.eu\/es\/#website\"},\"datePublished\":\"2019-09-16T21:05:55+00:00\",\"dateModified\":\"2023-11-12T12:13:54+00:00\",\"breadcrumb\":{\"@id\":\"https:\/\/www.ginlac.eu\/es\/producto\/fermentado-extracto-de-ginseng-rojo-gold\/#breadcrumb\"},\"inLanguage\":\"es\",\"potentialAction\":[{\"@type\":\"ReadAction\",\"target\":[\"https:\/\/www.ginlac.eu\/es\/producto\/fermentado-extracto-de-ginseng-rojo-gold\/\"]}]},{\"@type\":\"BreadcrumbList\",\"@id\":\"https:\/\/www.ginlac.eu\/es\/producto\/fermentado-extracto-de-ginseng-rojo-gold\/#breadcrumb\",\"itemListElement\":[{\"@type\":\"ListItem\",\"position\":1,\"name\":\"Home\",\"item\":\"https:\/\/www.ginlac.eu\/es\/\"},{\"@type\":\"ListItem\",\"position\":2,\"name\":\"\"},{\"@type\":\"ListItem\",\"position\":3,\"name\":\"Fermentado extracto de ginseng rojo GOLD\"}]}]}<\/script>\n<!-- \/ Yoast SEO plugin. -->","yoast_head_json":{"title":"Fermentado extracto de ginseng rojo GOLD - GINLAC - Korean Ginseng","robots":{"index":"index","follow":"follow","max-snippet":"max-snippet:-1","max-image-preview":"max-image-preview:large","max-video-preview":"max-video-preview:-1"},"canonical":"https:\/\/www.ginlac.eu\/es\/producto\/fermentado-extracto-de-ginseng-rojo-gold\/","og_locale":"es_ES","og_type":"article","og_title":"Fermentado extracto de ginseng rojo GOLD - GINLAC - Korean Ginseng","og_description":"Extracto de Ginseng Coreano de 6 a\u00f1os de cultivo enriquecido con un 10% de extracto fermentado, aumentando as\u00ed la mayor absorci\u00f3n de sustancias activas por parte de nuestro organismo.  Regula la presi\u00f3n arterial disminuyendo el az\u00facar en sangre y los niveles de colesterol, mejorando la memoria y la potencia sexual.  Envase :\u00a050 grs  Composici\u00f3n:\u00a0Extracto 100% de ra\u00edz de Ginseng Rojo Coreano (90% Natural y 10% extracto fermentado), contenido total de ginsen\u00f3sidos : 80mg\/g (Rg1, Rb1 y Rg3): 6mg\/g.  Dosis Recomendada:\u00a01 \u2013 2 veces al d\u00eda 1 gr. (cuchara de 1 gr. Incluida), se puede tomar directamente o con un poco de agua. Se puede diluir en agua fr\u00eda o templada y a\u00f1adir un poco de miel o az\u00facar. A ni\u00f1os entre 3 y 12 a\u00f1os se recomienda el uso de 1\/3 de dosis diaria.  Mantener en un lugar seco con temperaturas de hasta 25\u00ba evitando la exposici\u00f3n del envase al sol.  No utilizar como sustituto de una alimentaci\u00f3n equilibrada.","og_url":"https:\/\/www.ginlac.eu\/es\/producto\/fermentado-extracto-de-ginseng-rojo-gold\/","og_site_name":"GINLAC - Korean Ginseng","article_modified_time":"2023-11-12T12:13:54+00:00","og_image":[{"width":800,"height":533,"url":"https:\/\/www.ginlac.eu\/wp-content\/uploads\/0R2A4220.png","type":"image\/png"}],"twitter_card":"summary_large_image","schema":{"@context":"https:\/\/schema.org","@graph":[{"@type":"WebSite","@id":"https:\/\/www.ginlac.eu\/es\/#website","url":"https:\/\/www.ginlac.eu\/es\/","name":"GINLAC - Korean Ginseng","description":"Korea INSAM trademark","potentialAction":[{"@type":"SearchAction","target":{"@type":"EntryPoint","urlTemplate":"https:\/\/www.ginlac.eu\/es\/?s={search_term_string}"},"query-input":"required name=search_term_string"}],"inLanguage":"es"},{"@type":"WebPage","@id":"https:\/\/www.ginlac.eu\/es\/producto\/fermentado-extracto-de-ginseng-rojo-gold\/","url":"https:\/\/www.ginlac.eu\/es\/producto\/fermentado-extracto-de-ginseng-rojo-gold\/","name":"Fermentado extracto de ginseng rojo GOLD - GINLAC - Korean Ginseng","isPartOf":{"@id":"https:\/\/www.ginlac.eu\/es\/#website"},"datePublished":"2019-09-16T21:05:55+00:00","dateModified":"2023-11-12T12:13:54+00:00","breadcrumb":{"@id":"https:\/\/www.ginlac.eu\/es\/producto\/fermentado-extracto-de-ginseng-rojo-gold\/#breadcrumb"},"inLanguage":"es","potentialAction":[{"@type":"ReadAction","target":["https:\/\/www.ginlac.eu\/es\/producto\/fermentado-extracto-de-ginseng-rojo-gold\/"]}]},{"@type":"BreadcrumbList","@id":"https:\/\/www.ginlac.eu\/es\/producto\/fermentado-extracto-de-ginseng-rojo-gold\/#breadcrumb","itemListElement":[{"@type":"ListItem","position":1,"name":"Home","item":"https:\/\/www.ginlac.eu\/es\/"},{"@type":"ListItem","position":2,"name":""},{"@type":"ListItem","position":3,"name":"Fermentado extracto de ginseng rojo GOLD"}]}]}},"_links":{"self":[{"href":"https:\/\/www.ginlac.eu\/es\/wp-json\/wp\/v2\/product\/3340"}],"collection":[{"href":"https:\/\/www.ginlac.eu\/es\/wp-json\/wp\/v2\/product"}],"about":[{"href":"https:\/\/www.ginlac.eu\/es\/wp-json\/wp\/v2\/types\/product"}],"wp:featuredmedia":[{"embeddable":true,"href":"https:\/\/www.ginlac.eu\/es\/wp-json\/wp\/v2\/media\/293"}],"wp:attachment":[{"href":"https:\/\/www.ginlac.eu\/es\/wp-json\/wp\/v2\/media?parent=3340"}],"wp:term":[{"taxonomy":"product_cat","embeddable":true,"href":"https:\/\/www.ginlac.eu\/es\/wp-json\/wp\/v2\/product_cat?post=3340"},{"taxonomy":"product_tag","embeddable":true,"href":"https:\/\/www.ginlac.eu\/es\/wp-json\/wp\/v2\/product_tag?post=3340"}],"curies":[{"name":"wp","href":"https:\/\/api.w.org\/{rel}","templated":true}]}}