{"id":3341,"date":"2019-09-16T21:05:55","date_gmt":"2019-09-16T21:05:55","guid":{"rendered":"https:\/\/www.ginlac.eu\/product\/cafe-rojo-50g\/"},"modified":"2019-09-16T21:05:55","modified_gmt":"2019-09-16T21:05:55","slug":"cafe-rojo-50g","status":"publish","type":"product","link":"https:\/\/www.ginlac.eu\/es\/producto\/cafe-rojo-50g\/","title":{"rendered":"Caf\u00e9 Rojo 50g"},"content":{"rendered":"","protected":false},"excerpt":{"rendered":"<ul>\n<li>El primer caf\u00e9 rojo del mundo con ginseng coreano<\/li>\n<li>\u00a0Combinaci\u00f3n \u00fanica de caf\u00e9 instant\u00e1neo reci\u00e9n molido con el aut\u00e9ntico Ginseng coreano rojo<\/li>\n<li>Mezcla instant\u00e1nea para una preparaci\u00f3n f\u00e1cil y c\u00f3moda.<\/li>\n<li>Gracias al extracto del aut\u00e9ntico Ginseng coreano rojo notar\u00e1 una intensa fuente de energ\u00eda mientras disfrute del sabor y aroma de un excelente caf\u00e9 colombiano reci\u00e9n tostado y finamente molido.<\/li>\n<\/ul>\n<p><strong>Nombre del producto<\/strong>: Ginlac Red Coffee<\/p>\n<p><strong>Clasificaci\u00f3n<\/strong>: caf\u00e9<\/p>\n<p><strong>Contenido<\/strong>: 1g\u216950EA (50g)<\/p>\n<p><strong>Ingredientes<\/strong>: caf\u00e9 (caf\u00e9 en polvo 89,69%, caf\u00e9 tostado 10,31%) 97%, polvo de extracto de ginseng rojo 3%<\/p>\n<p><strong>Origen<\/strong>: Caf\u00e9 , ginseng rojo<\/p>\n<p><strong>Ingesta recomendada y m\u00e9todo<\/strong>: agregue agua fr\u00eda o caliente (100 ~ 150 ml) por bolsita y disfrute de un caf\u00e9 saludable<\/p>\n<p><strong>Almacenamiento<\/strong>: Recomendado para almacenar a temperatura ambiente y evitar la luz solar directa<\/p>\n<p><strong>Material de embalaje interno<\/strong>: polietileno \/ carga de nitr\u00f3geno en la barra<\/p>\n<p><strong>Fabricante<\/strong>: KUAN Industrial Co. Ltd.<\/p>\n","protected":false},"featured_media":319,"template":"","meta":[],"product_cat":[83],"product_tag":[84],"class_list":["post-3341","product","type-product","status-publish","has-post-thumbnail","hentry","product_cat-ginseng-es","product_tag-ginseng-es"],"yoast_head":"<!-- This site is optimized with the Yoast SEO plugin v19.4 - https:\/\/yoast.com\/wordpress\/plugins\/seo\/ -->\n<title>Caf\u00e9 Rojo 50g - GINLAC - Korean Ginseng<\/title>\n<meta name=\"robots\" content=\"index, follow, max-snippet:-1, max-image-preview:large, max-video-preview:-1\" \/>\n<link rel=\"canonical\" href=\"https:\/\/www.ginlac.eu\/es\/producto\/cafe-rojo-50g\/\" \/>\n<meta property=\"og:locale\" content=\"es_ES\" \/>\n<meta property=\"og:type\" content=\"article\" \/>\n<meta property=\"og:title\" content=\"Caf\u00e9 Rojo 50g - GINLAC - Korean Ginseng\" \/>\n<meta property=\"og:description\" content=\"El primer caf\u00e9 rojo del mundo con ginseng coreano  \u00a0Combinaci\u00f3n \u00fanica de caf\u00e9 instant\u00e1neo reci\u00e9n molido con el aut\u00e9ntico Ginseng coreano rojo  Mezcla instant\u00e1nea para una preparaci\u00f3n f\u00e1cil y c\u00f3moda.  Gracias al extracto del aut\u00e9ntico Ginseng coreano rojo notar\u00e1 una intensa fuente de energ\u00eda mientras disfrute del sabor y aroma de un excelente caf\u00e9 colombiano reci\u00e9n tostado y finamente molido.  Nombre del producto: Ginlac Red Coffee  Clasificaci\u00f3n: caf\u00e9  Contenido: 1g\u216950EA (50g)  Ingredientes: caf\u00e9 (caf\u00e9 en polvo 89,69%, caf\u00e9 tostado 10,31%) 97%, polvo de extracto de ginseng rojo 3%  Origen: Caf\u00e9 , ginseng rojo  Ingesta recomendada y m\u00e9todo: agregue agua fr\u00eda o caliente (100 ~ 150 ml) por bolsita y disfrute de un caf\u00e9 saludable  Almacenamiento: Recomendado para almacenar a temperatura ambiente y evitar la luz solar directa  Material de embalaje interno: polietileno \/ carga de nitr\u00f3geno en la barra  Fabricante: KUAN Industrial Co. Ltd.\" \/>\n<meta property=\"og:url\" content=\"https:\/\/www.ginlac.eu\/es\/producto\/cafe-rojo-50g\/\" \/>\n<meta property=\"og:site_name\" content=\"GINLAC - Korean Ginseng\" \/>\n<meta property=\"og:image\" content=\"https:\/\/www.ginlac.eu\/wp-content\/uploads\/Instant-Red-coffee_1.png\" \/>\n\t<meta property=\"og:image:width\" content=\"800\" \/>\n\t<meta property=\"og:image:height\" content=\"533\" \/>\n\t<meta property=\"og:image:type\" content=\"image\/png\" \/>\n<meta name=\"twitter:card\" content=\"summary_large_image\" \/>\n<script type=\"application\/ld+json\" class=\"yoast-schema-graph\">{\"@context\":\"https:\/\/schema.org\",\"@graph\":[{\"@type\":\"WebSite\",\"@id\":\"https:\/\/www.ginlac.eu\/es\/#website\",\"url\":\"https:\/\/www.ginlac.eu\/es\/\",\"name\":\"GINLAC - Korean Ginseng\",\"description\":\"Korea INSAM trademark\",\"potentialAction\":[{\"@type\":\"SearchAction\",\"target\":{\"@type\":\"EntryPoint\",\"urlTemplate\":\"https:\/\/www.ginlac.eu\/es\/?s={search_term_string}\"},\"query-input\":\"required name=search_term_string\"}],\"inLanguage\":\"es\"},{\"@type\":\"WebPage\",\"@id\":\"https:\/\/www.ginlac.eu\/es\/producto\/cafe-rojo-50g\/\",\"url\":\"https:\/\/www.ginlac.eu\/es\/producto\/cafe-rojo-50g\/\",\"name\":\"Caf\u00e9 Rojo 50g - GINLAC - Korean Ginseng\",\"isPartOf\":{\"@id\":\"https:\/\/www.ginlac.eu\/es\/#website\"},\"datePublished\":\"2019-09-16T21:05:55+00:00\",\"dateModified\":\"2019-09-16T21:05:55+00:00\",\"breadcrumb\":{\"@id\":\"https:\/\/www.ginlac.eu\/es\/producto\/cafe-rojo-50g\/#breadcrumb\"},\"inLanguage\":\"es\",\"potentialAction\":[{\"@type\":\"ReadAction\",\"target\":[\"https:\/\/www.ginlac.eu\/es\/producto\/cafe-rojo-50g\/\"]}]},{\"@type\":\"BreadcrumbList\",\"@id\":\"https:\/\/www.ginlac.eu\/es\/producto\/cafe-rojo-50g\/#breadcrumb\",\"itemListElement\":[{\"@type\":\"ListItem\",\"position\":1,\"name\":\"Home\",\"item\":\"https:\/\/www.ginlac.eu\/es\/\"},{\"@type\":\"ListItem\",\"position\":2,\"name\":\"\"},{\"@type\":\"ListItem\",\"position\":3,\"name\":\"Caf\u00e9 Rojo 50g\"}]}]}<\/script>\n<!-- \/ Yoast SEO plugin. -->","yoast_head_json":{"title":"Caf\u00e9 Rojo 50g - GINLAC - Korean Ginseng","robots":{"index":"index","follow":"follow","max-snippet":"max-snippet:-1","max-image-preview":"max-image-preview:large","max-video-preview":"max-video-preview:-1"},"canonical":"https:\/\/www.ginlac.eu\/es\/producto\/cafe-rojo-50g\/","og_locale":"es_ES","og_type":"article","og_title":"Caf\u00e9 Rojo 50g - GINLAC - Korean Ginseng","og_description":"El primer caf\u00e9 rojo del mundo con ginseng coreano  \u00a0Combinaci\u00f3n \u00fanica de caf\u00e9 instant\u00e1neo reci\u00e9n molido con el aut\u00e9ntico Ginseng coreano rojo  Mezcla instant\u00e1nea para una preparaci\u00f3n f\u00e1cil y c\u00f3moda.  Gracias al extracto del aut\u00e9ntico Ginseng coreano rojo notar\u00e1 una intensa fuente de energ\u00eda mientras disfrute del sabor y aroma de un excelente caf\u00e9 colombiano reci\u00e9n tostado y finamente molido.  Nombre del producto: Ginlac Red Coffee  Clasificaci\u00f3n: caf\u00e9  Contenido: 1g\u216950EA (50g)  Ingredientes: caf\u00e9 (caf\u00e9 en polvo 89,69%, caf\u00e9 tostado 10,31%) 97%, polvo de extracto de ginseng rojo 3%  Origen: Caf\u00e9 , ginseng rojo  Ingesta recomendada y m\u00e9todo: agregue agua fr\u00eda o caliente (100 ~ 150 ml) por bolsita y disfrute de un caf\u00e9 saludable  Almacenamiento: Recomendado para almacenar a temperatura ambiente y evitar la luz solar directa  Material de embalaje interno: polietileno \/ carga de nitr\u00f3geno en la barra  Fabricante: KUAN Industrial Co. Ltd.","og_url":"https:\/\/www.ginlac.eu\/es\/producto\/cafe-rojo-50g\/","og_site_name":"GINLAC - Korean Ginseng","og_image":[{"width":800,"height":533,"url":"https:\/\/www.ginlac.eu\/wp-content\/uploads\/Instant-Red-coffee_1.png","type":"image\/png"}],"twitter_card":"summary_large_image","schema":{"@context":"https:\/\/schema.org","@graph":[{"@type":"WebSite","@id":"https:\/\/www.ginlac.eu\/es\/#website","url":"https:\/\/www.ginlac.eu\/es\/","name":"GINLAC - Korean Ginseng","description":"Korea INSAM trademark","potentialAction":[{"@type":"SearchAction","target":{"@type":"EntryPoint","urlTemplate":"https:\/\/www.ginlac.eu\/es\/?s={search_term_string}"},"query-input":"required name=search_term_string"}],"inLanguage":"es"},{"@type":"WebPage","@id":"https:\/\/www.ginlac.eu\/es\/producto\/cafe-rojo-50g\/","url":"https:\/\/www.ginlac.eu\/es\/producto\/cafe-rojo-50g\/","name":"Caf\u00e9 Rojo 50g - GINLAC - Korean Ginseng","isPartOf":{"@id":"https:\/\/www.ginlac.eu\/es\/#website"},"datePublished":"2019-09-16T21:05:55+00:00","dateModified":"2019-09-16T21:05:55+00:00","breadcrumb":{"@id":"https:\/\/www.ginlac.eu\/es\/producto\/cafe-rojo-50g\/#breadcrumb"},"inLanguage":"es","potentialAction":[{"@type":"ReadAction","target":["https:\/\/www.ginlac.eu\/es\/producto\/cafe-rojo-50g\/"]}]},{"@type":"BreadcrumbList","@id":"https:\/\/www.ginlac.eu\/es\/producto\/cafe-rojo-50g\/#breadcrumb","itemListElement":[{"@type":"ListItem","position":1,"name":"Home","item":"https:\/\/www.ginlac.eu\/es\/"},{"@type":"ListItem","position":2,"name":""},{"@type":"ListItem","position":3,"name":"Caf\u00e9 Rojo 50g"}]}]}},"_links":{"self":[{"href":"https:\/\/www.ginlac.eu\/es\/wp-json\/wp\/v2\/product\/3341"}],"collection":[{"href":"https:\/\/www.ginlac.eu\/es\/wp-json\/wp\/v2\/product"}],"about":[{"href":"https:\/\/www.ginlac.eu\/es\/wp-json\/wp\/v2\/types\/product"}],"wp:featuredmedia":[{"embeddable":true,"href":"https:\/\/www.ginlac.eu\/es\/wp-json\/wp\/v2\/media\/319"}],"wp:attachment":[{"href":"https:\/\/www.ginlac.eu\/es\/wp-json\/wp\/v2\/media?parent=3341"}],"wp:term":[{"taxonomy":"product_cat","embeddable":true,"href":"https:\/\/www.ginlac.eu\/es\/wp-json\/wp\/v2\/product_cat?post=3341"},{"taxonomy":"product_tag","embeddable":true,"href":"https:\/\/www.ginlac.eu\/es\/wp-json\/wp\/v2\/product_tag?post=3341"}],"curies":[{"name":"wp","href":"https:\/\/api.w.org\/{rel}","templated":true}]}}