{"id":3342,"date":"2019-09-16T21:05:54","date_gmt":"2019-09-16T21:05:54","guid":{"rendered":"https:\/\/www.ginlac.eu\/product\/ginseng-rojo-fermentado-capsulas-f\/"},"modified":"2023-11-12T12:24:37","modified_gmt":"2023-11-12T12:24:37","slug":"ginseng-rojo-fermentado-capsulas-f","status":"publish","type":"product","link":"https:\/\/www.ginlac.eu\/es\/producto\/ginseng-rojo-fermentado-capsulas-f\/","title":{"rendered":"Ginseng Rojo Fermentado C\u00c1PSULAS F"},"content":{"rendered":"","protected":false},"excerpt":{"rendered":"<p>Las C\u00e1psulas F contienen un 67% de polvo fermentado de Ginseng Coreano de Alta Calidad extra\u00eddo de las ra\u00edces del Ginseng Rojo Coreano tr\u00e1s 6 a\u00f1os de cultivo.<\/p>\n<p>Ayudan a combatir la fatiga y el estr\u00e9s diario, manteniendo el cuerpo en equilibrio f\u00edsico y mental.<\/p>\n<p><strong>Envase :<\/strong> 60 C\u00e1psulas.<\/p>\n<p><strong>Dosis Recomendada:<\/strong>\u00a01- 3 c\u00e1psulas , tomar con un poco de agua.<\/p>\n<p>Mantener en un lugar seco con temperaturas de hasta 25\u00ba evitando la exposici\u00f3n del envase al sol.<\/p>\n<p>No utilizar como sustituto de una alimentaci\u00f3n equilibrada.<\/p>\n","protected":false},"featured_media":335,"template":"","meta":[],"product_cat":[83],"product_tag":[84],"class_list":["post-3342","product","type-product","status-publish","has-post-thumbnail","hentry","product_cat-ginseng-es","product_tag-ginseng-es"],"yoast_head":"<!-- This site is optimized with the Yoast SEO plugin v19.4 - https:\/\/yoast.com\/wordpress\/plugins\/seo\/ -->\n<title>Ginseng Rojo Fermentado C\u00c1PSULAS F - GINLAC - Korean Ginseng<\/title>\n<meta name=\"robots\" content=\"index, follow, max-snippet:-1, max-image-preview:large, max-video-preview:-1\" \/>\n<link rel=\"canonical\" href=\"https:\/\/www.ginlac.eu\/es\/producto\/ginseng-rojo-fermentado-capsulas-f\/\" \/>\n<meta property=\"og:locale\" content=\"es_ES\" \/>\n<meta property=\"og:type\" content=\"article\" \/>\n<meta property=\"og:title\" content=\"Ginseng Rojo Fermentado C\u00c1PSULAS F - GINLAC - Korean Ginseng\" \/>\n<meta property=\"og:description\" content=\"Las C\u00e1psulas F contienen un 67% de polvo fermentado de Ginseng Coreano de Alta Calidad extra\u00eddo de las ra\u00edces del Ginseng Rojo Coreano tr\u00e1s 6 a\u00f1os de cultivo.  Ayudan a combatir la fatiga y el estr\u00e9s diario, manteniendo el cuerpo en equilibrio f\u00edsico y mental.  Envase : 60 C\u00e1psulas.  Dosis Recomendada:\u00a01- 3 c\u00e1psulas , tomar con un poco de agua.  Mantener en un lugar seco con temperaturas de hasta 25\u00ba evitando la exposici\u00f3n del envase al sol.  No utilizar como sustituto de una alimentaci\u00f3n equilibrada.\" \/>\n<meta property=\"og:url\" content=\"https:\/\/www.ginlac.eu\/es\/producto\/ginseng-rojo-fermentado-capsulas-f\/\" \/>\n<meta property=\"og:site_name\" content=\"GINLAC - Korean Ginseng\" \/>\n<meta property=\"article:modified_time\" content=\"2023-11-12T12:24:37+00:00\" \/>\n<meta property=\"og:image\" content=\"https:\/\/www.ginlac.eu\/wp-content\/uploads\/Ginlac-Fermented-Korean-Red-Ginseng-Capsule-F_60Caps_2.png\" \/>\n\t<meta property=\"og:image:width\" content=\"800\" \/>\n\t<meta property=\"og:image:height\" content=\"533\" \/>\n\t<meta property=\"og:image:type\" content=\"image\/png\" \/>\n<meta name=\"twitter:card\" content=\"summary_large_image\" \/>\n<script type=\"application\/ld+json\" class=\"yoast-schema-graph\">{\"@context\":\"https:\/\/schema.org\",\"@graph\":[{\"@type\":\"WebSite\",\"@id\":\"https:\/\/www.ginlac.eu\/es\/#website\",\"url\":\"https:\/\/www.ginlac.eu\/es\/\",\"name\":\"GINLAC - Korean Ginseng\",\"description\":\"Korea INSAM trademark\",\"potentialAction\":[{\"@type\":\"SearchAction\",\"target\":{\"@type\":\"EntryPoint\",\"urlTemplate\":\"https:\/\/www.ginlac.eu\/es\/?s={search_term_string}\"},\"query-input\":\"required name=search_term_string\"}],\"inLanguage\":\"es\"},{\"@type\":\"WebPage\",\"@id\":\"https:\/\/www.ginlac.eu\/es\/producto\/ginseng-rojo-fermentado-capsulas-f\/\",\"url\":\"https:\/\/www.ginlac.eu\/es\/producto\/ginseng-rojo-fermentado-capsulas-f\/\",\"name\":\"Ginseng Rojo Fermentado C\u00c1PSULAS F - GINLAC - Korean Ginseng\",\"isPartOf\":{\"@id\":\"https:\/\/www.ginlac.eu\/es\/#website\"},\"datePublished\":\"2019-09-16T21:05:54+00:00\",\"dateModified\":\"2023-11-12T12:24:37+00:00\",\"breadcrumb\":{\"@id\":\"https:\/\/www.ginlac.eu\/es\/producto\/ginseng-rojo-fermentado-capsulas-f\/#breadcrumb\"},\"inLanguage\":\"es\",\"potentialAction\":[{\"@type\":\"ReadAction\",\"target\":[\"https:\/\/www.ginlac.eu\/es\/producto\/ginseng-rojo-fermentado-capsulas-f\/\"]}]},{\"@type\":\"BreadcrumbList\",\"@id\":\"https:\/\/www.ginlac.eu\/es\/producto\/ginseng-rojo-fermentado-capsulas-f\/#breadcrumb\",\"itemListElement\":[{\"@type\":\"ListItem\",\"position\":1,\"name\":\"Home\",\"item\":\"https:\/\/www.ginlac.eu\/es\/\"},{\"@type\":\"ListItem\",\"position\":2,\"name\":\"\"},{\"@type\":\"ListItem\",\"position\":3,\"name\":\"Ginseng Rojo Fermentado C\u00c1PSULAS F\"}]}]}<\/script>\n<!-- \/ Yoast SEO plugin. -->","yoast_head_json":{"title":"Ginseng Rojo Fermentado C\u00c1PSULAS F - GINLAC - Korean Ginseng","robots":{"index":"index","follow":"follow","max-snippet":"max-snippet:-1","max-image-preview":"max-image-preview:large","max-video-preview":"max-video-preview:-1"},"canonical":"https:\/\/www.ginlac.eu\/es\/producto\/ginseng-rojo-fermentado-capsulas-f\/","og_locale":"es_ES","og_type":"article","og_title":"Ginseng Rojo Fermentado C\u00c1PSULAS F - GINLAC - Korean Ginseng","og_description":"Las C\u00e1psulas F contienen un 67% de polvo fermentado de Ginseng Coreano de Alta Calidad extra\u00eddo de las ra\u00edces del Ginseng Rojo Coreano tr\u00e1s 6 a\u00f1os de cultivo.  Ayudan a combatir la fatiga y el estr\u00e9s diario, manteniendo el cuerpo en equilibrio f\u00edsico y mental.  Envase : 60 C\u00e1psulas.  Dosis Recomendada:\u00a01- 3 c\u00e1psulas , tomar con un poco de agua.  Mantener en un lugar seco con temperaturas de hasta 25\u00ba evitando la exposici\u00f3n del envase al sol.  No utilizar como sustituto de una alimentaci\u00f3n equilibrada.","og_url":"https:\/\/www.ginlac.eu\/es\/producto\/ginseng-rojo-fermentado-capsulas-f\/","og_site_name":"GINLAC - Korean Ginseng","article_modified_time":"2023-11-12T12:24:37+00:00","og_image":[{"width":800,"height":533,"url":"https:\/\/www.ginlac.eu\/wp-content\/uploads\/Ginlac-Fermented-Korean-Red-Ginseng-Capsule-F_60Caps_2.png","type":"image\/png"}],"twitter_card":"summary_large_image","schema":{"@context":"https:\/\/schema.org","@graph":[{"@type":"WebSite","@id":"https:\/\/www.ginlac.eu\/es\/#website","url":"https:\/\/www.ginlac.eu\/es\/","name":"GINLAC - Korean Ginseng","description":"Korea INSAM trademark","potentialAction":[{"@type":"SearchAction","target":{"@type":"EntryPoint","urlTemplate":"https:\/\/www.ginlac.eu\/es\/?s={search_term_string}"},"query-input":"required name=search_term_string"}],"inLanguage":"es"},{"@type":"WebPage","@id":"https:\/\/www.ginlac.eu\/es\/producto\/ginseng-rojo-fermentado-capsulas-f\/","url":"https:\/\/www.ginlac.eu\/es\/producto\/ginseng-rojo-fermentado-capsulas-f\/","name":"Ginseng Rojo Fermentado C\u00c1PSULAS F - GINLAC - Korean Ginseng","isPartOf":{"@id":"https:\/\/www.ginlac.eu\/es\/#website"},"datePublished":"2019-09-16T21:05:54+00:00","dateModified":"2023-11-12T12:24:37+00:00","breadcrumb":{"@id":"https:\/\/www.ginlac.eu\/es\/producto\/ginseng-rojo-fermentado-capsulas-f\/#breadcrumb"},"inLanguage":"es","potentialAction":[{"@type":"ReadAction","target":["https:\/\/www.ginlac.eu\/es\/producto\/ginseng-rojo-fermentado-capsulas-f\/"]}]},{"@type":"BreadcrumbList","@id":"https:\/\/www.ginlac.eu\/es\/producto\/ginseng-rojo-fermentado-capsulas-f\/#breadcrumb","itemListElement":[{"@type":"ListItem","position":1,"name":"Home","item":"https:\/\/www.ginlac.eu\/es\/"},{"@type":"ListItem","position":2,"name":""},{"@type":"ListItem","position":3,"name":"Ginseng Rojo Fermentado C\u00c1PSULAS F"}]}]}},"_links":{"self":[{"href":"https:\/\/www.ginlac.eu\/es\/wp-json\/wp\/v2\/product\/3342"}],"collection":[{"href":"https:\/\/www.ginlac.eu\/es\/wp-json\/wp\/v2\/product"}],"about":[{"href":"https:\/\/www.ginlac.eu\/es\/wp-json\/wp\/v2\/types\/product"}],"wp:featuredmedia":[{"embeddable":true,"href":"https:\/\/www.ginlac.eu\/es\/wp-json\/wp\/v2\/media\/335"}],"wp:attachment":[{"href":"https:\/\/www.ginlac.eu\/es\/wp-json\/wp\/v2\/media?parent=3342"}],"wp:term":[{"taxonomy":"product_cat","embeddable":true,"href":"https:\/\/www.ginlac.eu\/es\/wp-json\/wp\/v2\/product_cat?post=3342"},{"taxonomy":"product_tag","embeddable":true,"href":"https:\/\/www.ginlac.eu\/es\/wp-json\/wp\/v2\/product_tag?post=3342"}],"curies":[{"name":"wp","href":"https:\/\/api.w.org\/{rel}","templated":true}]}}