{"id":3345,"date":"2019-09-16T21:05:54","date_gmt":"2019-09-16T21:05:54","guid":{"rendered":"https:\/\/www.ginlac.eu\/product\/bebida-energetica-mild\/"},"modified":"2021-08-13T14:11:57","modified_gmt":"2021-08-13T14:11:57","slug":"bebida-energetica-mild","status":"publish","type":"product","link":"https:\/\/www.ginlac.eu\/es\/producto\/bebida-energetica-mild\/","title":{"rendered":"Bebida energ\u00e9tica MILD"},"content":{"rendered":"","protected":false},"excerpt":{"rendered":"<p>Unica bebida energ\u00e9ticas 100% naturale que no contiene edulcorantes artificiales, colorantes o conservantes. A diferencia de otras bebidas energeticas en ellos no encontrar\u00e1n cafe\u00edna o taurina, e incluso despu\u00e9s de consumirla, sentir\u00e1 una marea infinita de\u00a0 energ\u00eda gracias la autentica raiz del ginseng coreano y otros extractos de hierbas. La bebida energ\u00e9tica te ayudar\u00e1 a superar la fatiga f\u00edsica y mental. Funciona contra el estr\u00e9s, apoya la actividad cerebral y mejora la memoria. Estimula el sistema inmune y agrega al cuerpo la vitalidad que necesita para tu salud.<\/p>\n<p><strong>Paquete<\/strong>: 15 x 40 ml (600ml)<\/p>\n<p><strong>Dosis recomendada<\/strong>: se toman directamente de 1 a 3 sobres al d\u00eda<\/p>\n<p>Ingredientes: \u00a0\u00a0\u00a0\u00a0\u00a0Extracto de ginseng rojo coreano 100%, azufaifa, dick com\u00fan, extracto de manzana, jarabe de ma\u00edz alto en fructosa, extracto de semilla de pomelo, Vitamina C<\/p>\n","protected":false},"featured_media":368,"template":"","meta":[],"product_cat":[83],"product_tag":[84],"class_list":["post-3345","product","type-product","status-publish","has-post-thumbnail","hentry","product_cat-ginseng-es","product_tag-ginseng-es"],"yoast_head":"<!-- This site is optimized with the Yoast SEO plugin v19.4 - https:\/\/yoast.com\/wordpress\/plugins\/seo\/ -->\n<title>Bebida energ\u00e9tica MILD - GINLAC - Korean Ginseng<\/title>\n<meta name=\"robots\" content=\"index, follow, max-snippet:-1, max-image-preview:large, max-video-preview:-1\" \/>\n<link rel=\"canonical\" href=\"https:\/\/www.ginlac.eu\/es\/producto\/bebida-energetica-mild\/\" \/>\n<meta property=\"og:locale\" content=\"es_ES\" \/>\n<meta property=\"og:type\" content=\"article\" \/>\n<meta property=\"og:title\" content=\"Bebida energ\u00e9tica MILD - GINLAC - Korean Ginseng\" \/>\n<meta property=\"og:description\" content=\"Unica bebida energ\u00e9ticas 100% naturale que no contiene edulcorantes artificiales, colorantes o conservantes. A diferencia de otras bebidas energeticas en ellos no encontrar\u00e1n cafe\u00edna o taurina, e incluso despu\u00e9s de consumirla, sentir\u00e1 una marea infinita de\u00a0 energ\u00eda gracias la autentica raiz del ginseng coreano y otros extractos de hierbas. La bebida energ\u00e9tica te ayudar\u00e1 a superar la fatiga f\u00edsica y mental. Funciona contra el estr\u00e9s, apoya la actividad cerebral y mejora la memoria. Estimula el sistema inmune y agrega al cuerpo la vitalidad que necesita para tu salud.  Paquete: 15 x 40 ml (600ml)  Dosis recomendada: se toman directamente de 1 a 3 sobres al d\u00eda  Ingredientes: \u00a0\u00a0\u00a0\u00a0\u00a0Extracto de ginseng rojo coreano 100%, azufaifa, dick com\u00fan, extracto de manzana, jarabe de ma\u00edz alto en fructosa, extracto de semilla de pomelo, Vitamina C\" \/>\n<meta property=\"og:url\" content=\"https:\/\/www.ginlac.eu\/es\/producto\/bebida-energetica-mild\/\" \/>\n<meta property=\"og:site_name\" content=\"GINLAC - Korean Ginseng\" \/>\n<meta property=\"article:modified_time\" content=\"2021-08-13T14:11:57+00:00\" \/>\n<meta property=\"og:image\" content=\"https:\/\/www.ginlac.eu\/wp-content\/uploads\/0R2A6955.png\" \/>\n\t<meta property=\"og:image:width\" content=\"800\" \/>\n\t<meta property=\"og:image:height\" content=\"533\" \/>\n\t<meta property=\"og:image:type\" content=\"image\/png\" \/>\n<meta name=\"twitter:card\" content=\"summary_large_image\" \/>\n<script type=\"application\/ld+json\" class=\"yoast-schema-graph\">{\"@context\":\"https:\/\/schema.org\",\"@graph\":[{\"@type\":\"WebSite\",\"@id\":\"https:\/\/www.ginlac.eu\/es\/#website\",\"url\":\"https:\/\/www.ginlac.eu\/es\/\",\"name\":\"GINLAC - Korean Ginseng\",\"description\":\"Korea INSAM trademark\",\"potentialAction\":[{\"@type\":\"SearchAction\",\"target\":{\"@type\":\"EntryPoint\",\"urlTemplate\":\"https:\/\/www.ginlac.eu\/es\/?s={search_term_string}\"},\"query-input\":\"required name=search_term_string\"}],\"inLanguage\":\"es\"},{\"@type\":\"WebPage\",\"@id\":\"https:\/\/www.ginlac.eu\/es\/producto\/bebida-energetica-mild\/\",\"url\":\"https:\/\/www.ginlac.eu\/es\/producto\/bebida-energetica-mild\/\",\"name\":\"Bebida energ\u00e9tica MILD - GINLAC - Korean Ginseng\",\"isPartOf\":{\"@id\":\"https:\/\/www.ginlac.eu\/es\/#website\"},\"datePublished\":\"2019-09-16T21:05:54+00:00\",\"dateModified\":\"2021-08-13T14:11:57+00:00\",\"breadcrumb\":{\"@id\":\"https:\/\/www.ginlac.eu\/es\/producto\/bebida-energetica-mild\/#breadcrumb\"},\"inLanguage\":\"es\",\"potentialAction\":[{\"@type\":\"ReadAction\",\"target\":[\"https:\/\/www.ginlac.eu\/es\/producto\/bebida-energetica-mild\/\"]}]},{\"@type\":\"BreadcrumbList\",\"@id\":\"https:\/\/www.ginlac.eu\/es\/producto\/bebida-energetica-mild\/#breadcrumb\",\"itemListElement\":[{\"@type\":\"ListItem\",\"position\":1,\"name\":\"Home\",\"item\":\"https:\/\/www.ginlac.eu\/es\/\"},{\"@type\":\"ListItem\",\"position\":2,\"name\":\"\"},{\"@type\":\"ListItem\",\"position\":3,\"name\":\"Bebida energ\u00e9tica MILD\"}]}]}<\/script>\n<!-- \/ Yoast SEO plugin. -->","yoast_head_json":{"title":"Bebida energ\u00e9tica MILD - GINLAC - Korean Ginseng","robots":{"index":"index","follow":"follow","max-snippet":"max-snippet:-1","max-image-preview":"max-image-preview:large","max-video-preview":"max-video-preview:-1"},"canonical":"https:\/\/www.ginlac.eu\/es\/producto\/bebida-energetica-mild\/","og_locale":"es_ES","og_type":"article","og_title":"Bebida energ\u00e9tica MILD - GINLAC - Korean Ginseng","og_description":"Unica bebida energ\u00e9ticas 100% naturale que no contiene edulcorantes artificiales, colorantes o conservantes. A diferencia de otras bebidas energeticas en ellos no encontrar\u00e1n cafe\u00edna o taurina, e incluso despu\u00e9s de consumirla, sentir\u00e1 una marea infinita de\u00a0 energ\u00eda gracias la autentica raiz del ginseng coreano y otros extractos de hierbas. La bebida energ\u00e9tica te ayudar\u00e1 a superar la fatiga f\u00edsica y mental. Funciona contra el estr\u00e9s, apoya la actividad cerebral y mejora la memoria. Estimula el sistema inmune y agrega al cuerpo la vitalidad que necesita para tu salud.  Paquete: 15 x 40 ml (600ml)  Dosis recomendada: se toman directamente de 1 a 3 sobres al d\u00eda  Ingredientes: \u00a0\u00a0\u00a0\u00a0\u00a0Extracto de ginseng rojo coreano 100%, azufaifa, dick com\u00fan, extracto de manzana, jarabe de ma\u00edz alto en fructosa, extracto de semilla de pomelo, Vitamina C","og_url":"https:\/\/www.ginlac.eu\/es\/producto\/bebida-energetica-mild\/","og_site_name":"GINLAC - Korean Ginseng","article_modified_time":"2021-08-13T14:11:57+00:00","og_image":[{"width":800,"height":533,"url":"https:\/\/www.ginlac.eu\/wp-content\/uploads\/0R2A6955.png","type":"image\/png"}],"twitter_card":"summary_large_image","schema":{"@context":"https:\/\/schema.org","@graph":[{"@type":"WebSite","@id":"https:\/\/www.ginlac.eu\/es\/#website","url":"https:\/\/www.ginlac.eu\/es\/","name":"GINLAC - Korean Ginseng","description":"Korea INSAM trademark","potentialAction":[{"@type":"SearchAction","target":{"@type":"EntryPoint","urlTemplate":"https:\/\/www.ginlac.eu\/es\/?s={search_term_string}"},"query-input":"required name=search_term_string"}],"inLanguage":"es"},{"@type":"WebPage","@id":"https:\/\/www.ginlac.eu\/es\/producto\/bebida-energetica-mild\/","url":"https:\/\/www.ginlac.eu\/es\/producto\/bebida-energetica-mild\/","name":"Bebida energ\u00e9tica MILD - GINLAC - Korean Ginseng","isPartOf":{"@id":"https:\/\/www.ginlac.eu\/es\/#website"},"datePublished":"2019-09-16T21:05:54+00:00","dateModified":"2021-08-13T14:11:57+00:00","breadcrumb":{"@id":"https:\/\/www.ginlac.eu\/es\/producto\/bebida-energetica-mild\/#breadcrumb"},"inLanguage":"es","potentialAction":[{"@type":"ReadAction","target":["https:\/\/www.ginlac.eu\/es\/producto\/bebida-energetica-mild\/"]}]},{"@type":"BreadcrumbList","@id":"https:\/\/www.ginlac.eu\/es\/producto\/bebida-energetica-mild\/#breadcrumb","itemListElement":[{"@type":"ListItem","position":1,"name":"Home","item":"https:\/\/www.ginlac.eu\/es\/"},{"@type":"ListItem","position":2,"name":""},{"@type":"ListItem","position":3,"name":"Bebida energ\u00e9tica MILD"}]}]}},"_links":{"self":[{"href":"https:\/\/www.ginlac.eu\/es\/wp-json\/wp\/v2\/product\/3345"}],"collection":[{"href":"https:\/\/www.ginlac.eu\/es\/wp-json\/wp\/v2\/product"}],"about":[{"href":"https:\/\/www.ginlac.eu\/es\/wp-json\/wp\/v2\/types\/product"}],"wp:featuredmedia":[{"embeddable":true,"href":"https:\/\/www.ginlac.eu\/es\/wp-json\/wp\/v2\/media\/368"}],"wp:attachment":[{"href":"https:\/\/www.ginlac.eu\/es\/wp-json\/wp\/v2\/media?parent=3345"}],"wp:term":[{"taxonomy":"product_cat","embeddable":true,"href":"https:\/\/www.ginlac.eu\/es\/wp-json\/wp\/v2\/product_cat?post=3345"},{"taxonomy":"product_tag","embeddable":true,"href":"https:\/\/www.ginlac.eu\/es\/wp-json\/wp\/v2\/product_tag?post=3345"}],"curies":[{"name":"wp","href":"https:\/\/api.w.org\/{rel}","templated":true}]}}