{"id":3348,"date":"2019-09-16T21:05:53","date_gmt":"2019-09-16T21:05:53","guid":{"rendered":"https:\/\/www.ginlac.eu\/product\/fermentado-extracto-de-ginseng-rojo-duo-gold\/"},"modified":"2023-11-12T12:09:51","modified_gmt":"2023-11-12T12:09:51","slug":"fermentado-extracto-de-ginseng-rojo-duo-gold","status":"publish","type":"product","link":"https:\/\/www.ginlac.eu\/es\/producto\/fermentado-extracto-de-ginseng-rojo-duo-gold\/","title":{"rendered":"Fermentado extracto de ginseng rojo DUO GOLD"},"content":{"rendered":"","protected":false},"excerpt":{"rendered":"<div class=\"post-content woocommerce-product-details__short-description\">\n<p>Extracto 100% Natural de Ginseng Rojo Coreano enriquecido con un 30% de extracto Fermentado<br \/>\nGracias a esta patente \u00fanica propiedad de GINLAC, el organismo ser\u00e1 capaz de absorber la m\u00e1xima cantidad de sustancias activas.<\/p>\n<p>DUO GOLD contiene el doble de Ginsen\u00f3sidos (12mg\/g)<\/p>\n<p><strong>Envase :\u00a0<\/strong>50 grs \/ 100 grs \/ 150 grs<\/p>\n<p><strong>Composici\u00f3n:<\/strong> Extracto 100% de ra\u00edz de Ginseng Rojo Coreano (70% Natural y 30% extracto fermentado), contenido total de ginsen\u00f3sidos : 110mg\/g (Rg1, Rb1 y Rg3): 12mg\/g.<\/p>\n<p><strong>Dosis Recomendada:<\/strong> 1 gr al d\u00eda (cuchara de 1 gr. Incluida), se puede tomar directamente o con un poco de agua. Se puede diluir en agua fr\u00eda o templada y a\u00f1adir un poco de miel o az\u00facar. A ni\u00f1os entre 3 y 12 a\u00f1os se recomienda el uso de 1\/3 de dosis diaria.<\/p>\n<p>Mantener en un lugar seco con temperaturas de hasta 25\u00ba evitando la exposici\u00f3n del envase al sol.<\/p>\n<p>No utilizar como sustituto de una alimentaci\u00f3n equilibrada.<\/p>\n<p>No tomar m\u00e1s de la dosis recomendada<\/p>\n<\/div>\n","protected":false},"featured_media":438,"template":"","meta":[],"product_cat":[83],"product_tag":[84],"class_list":["post-3348","product","type-product","status-publish","has-post-thumbnail","hentry","product_cat-ginseng-es","product_tag-ginseng-es"],"yoast_head":"<!-- This site is optimized with the Yoast SEO plugin v19.4 - https:\/\/yoast.com\/wordpress\/plugins\/seo\/ -->\n<title>Fermentado extracto de ginseng rojo DUO GOLD - GINLAC - Korean Ginseng<\/title>\n<meta name=\"robots\" content=\"index, follow, max-snippet:-1, max-image-preview:large, max-video-preview:-1\" \/>\n<link rel=\"canonical\" href=\"https:\/\/www.ginlac.eu\/es\/producto\/fermentado-extracto-de-ginseng-rojo-duo-gold\/\" \/>\n<meta property=\"og:locale\" content=\"es_ES\" \/>\n<meta property=\"og:type\" content=\"article\" \/>\n<meta property=\"og:title\" content=\"Fermentado extracto de ginseng rojo DUO GOLD - GINLAC - Korean Ginseng\" \/>\n<meta property=\"og:description\" content=\"Extracto 100% Natural de Ginseng Rojo Coreano enriquecido con un 30% de extracto Fermentado Gracias a esta patente \u00fanica propiedad de GINLAC, el organismo ser\u00e1 capaz de absorber la m\u00e1xima cantidad de sustancias activas.  DUO GOLD contiene el doble de Ginsen\u00f3sidos (12mg\/g)  Envase :\u00a050 grs \/ 100 grs \/ 150 grs  Composici\u00f3n: Extracto 100% de ra\u00edz de Ginseng Rojo Coreano (70% Natural y 30% extracto fermentado), contenido total de ginsen\u00f3sidos : 110mg\/g (Rg1, Rb1 y Rg3): 12mg\/g.  Dosis Recomendada: 1 gr al d\u00eda (cuchara de 1 gr. Incluida), se puede tomar directamente o con un poco de agua. Se puede diluir en agua fr\u00eda o templada y a\u00f1adir un poco de miel o az\u00facar. A ni\u00f1os entre 3 y 12 a\u00f1os se recomienda el uso de 1\/3 de dosis diaria.  Mantener en un lugar seco con temperaturas de hasta 25\u00ba evitando la exposici\u00f3n del envase al sol.  No utilizar como sustituto de una alimentaci\u00f3n equilibrada.  No tomar m\u00e1s de la dosis recomendada\" \/>\n<meta property=\"og:url\" content=\"https:\/\/www.ginlac.eu\/es\/producto\/fermentado-extracto-de-ginseng-rojo-duo-gold\/\" \/>\n<meta property=\"og:site_name\" content=\"GINLAC - Korean Ginseng\" \/>\n<meta property=\"article:modified_time\" content=\"2023-11-12T12:09:51+00:00\" \/>\n<meta property=\"og:image\" content=\"https:\/\/www.ginlac.eu\/wp-content\/uploads\/0R2A6921.png\" \/>\n\t<meta property=\"og:image:width\" content=\"800\" \/>\n\t<meta property=\"og:image:height\" content=\"533\" \/>\n\t<meta property=\"og:image:type\" content=\"image\/png\" \/>\n<meta name=\"twitter:card\" content=\"summary_large_image\" \/>\n<script type=\"application\/ld+json\" class=\"yoast-schema-graph\">{\"@context\":\"https:\/\/schema.org\",\"@graph\":[{\"@type\":\"WebSite\",\"@id\":\"https:\/\/www.ginlac.eu\/es\/#website\",\"url\":\"https:\/\/www.ginlac.eu\/es\/\",\"name\":\"GINLAC - Korean Ginseng\",\"description\":\"Korea INSAM trademark\",\"potentialAction\":[{\"@type\":\"SearchAction\",\"target\":{\"@type\":\"EntryPoint\",\"urlTemplate\":\"https:\/\/www.ginlac.eu\/es\/?s={search_term_string}\"},\"query-input\":\"required name=search_term_string\"}],\"inLanguage\":\"es\"},{\"@type\":\"WebPage\",\"@id\":\"https:\/\/www.ginlac.eu\/es\/producto\/fermentado-extracto-de-ginseng-rojo-duo-gold\/\",\"url\":\"https:\/\/www.ginlac.eu\/es\/producto\/fermentado-extracto-de-ginseng-rojo-duo-gold\/\",\"name\":\"Fermentado extracto de ginseng rojo DUO GOLD - GINLAC - Korean Ginseng\",\"isPartOf\":{\"@id\":\"https:\/\/www.ginlac.eu\/es\/#website\"},\"datePublished\":\"2019-09-16T21:05:53+00:00\",\"dateModified\":\"2023-11-12T12:09:51+00:00\",\"breadcrumb\":{\"@id\":\"https:\/\/www.ginlac.eu\/es\/producto\/fermentado-extracto-de-ginseng-rojo-duo-gold\/#breadcrumb\"},\"inLanguage\":\"es\",\"potentialAction\":[{\"@type\":\"ReadAction\",\"target\":[\"https:\/\/www.ginlac.eu\/es\/producto\/fermentado-extracto-de-ginseng-rojo-duo-gold\/\"]}]},{\"@type\":\"BreadcrumbList\",\"@id\":\"https:\/\/www.ginlac.eu\/es\/producto\/fermentado-extracto-de-ginseng-rojo-duo-gold\/#breadcrumb\",\"itemListElement\":[{\"@type\":\"ListItem\",\"position\":1,\"name\":\"Home\",\"item\":\"https:\/\/www.ginlac.eu\/es\/\"},{\"@type\":\"ListItem\",\"position\":2,\"name\":\"\"},{\"@type\":\"ListItem\",\"position\":3,\"name\":\"Fermentado extracto de ginseng rojo DUO GOLD\"}]}]}<\/script>\n<!-- \/ Yoast SEO plugin. -->","yoast_head_json":{"title":"Fermentado extracto de ginseng rojo DUO GOLD - GINLAC - Korean Ginseng","robots":{"index":"index","follow":"follow","max-snippet":"max-snippet:-1","max-image-preview":"max-image-preview:large","max-video-preview":"max-video-preview:-1"},"canonical":"https:\/\/www.ginlac.eu\/es\/producto\/fermentado-extracto-de-ginseng-rojo-duo-gold\/","og_locale":"es_ES","og_type":"article","og_title":"Fermentado extracto de ginseng rojo DUO GOLD - GINLAC - Korean Ginseng","og_description":"Extracto 100% Natural de Ginseng Rojo Coreano enriquecido con un 30% de extracto Fermentado Gracias a esta patente \u00fanica propiedad de GINLAC, el organismo ser\u00e1 capaz de absorber la m\u00e1xima cantidad de sustancias activas.  DUO GOLD contiene el doble de Ginsen\u00f3sidos (12mg\/g)  Envase :\u00a050 grs \/ 100 grs \/ 150 grs  Composici\u00f3n: Extracto 100% de ra\u00edz de Ginseng Rojo Coreano (70% Natural y 30% extracto fermentado), contenido total de ginsen\u00f3sidos : 110mg\/g (Rg1, Rb1 y Rg3): 12mg\/g.  Dosis Recomendada: 1 gr al d\u00eda (cuchara de 1 gr. Incluida), se puede tomar directamente o con un poco de agua. Se puede diluir en agua fr\u00eda o templada y a\u00f1adir un poco de miel o az\u00facar. A ni\u00f1os entre 3 y 12 a\u00f1os se recomienda el uso de 1\/3 de dosis diaria.  Mantener en un lugar seco con temperaturas de hasta 25\u00ba evitando la exposici\u00f3n del envase al sol.  No utilizar como sustituto de una alimentaci\u00f3n equilibrada.  No tomar m\u00e1s de la dosis recomendada","og_url":"https:\/\/www.ginlac.eu\/es\/producto\/fermentado-extracto-de-ginseng-rojo-duo-gold\/","og_site_name":"GINLAC - Korean Ginseng","article_modified_time":"2023-11-12T12:09:51+00:00","og_image":[{"width":800,"height":533,"url":"https:\/\/www.ginlac.eu\/wp-content\/uploads\/0R2A6921.png","type":"image\/png"}],"twitter_card":"summary_large_image","schema":{"@context":"https:\/\/schema.org","@graph":[{"@type":"WebSite","@id":"https:\/\/www.ginlac.eu\/es\/#website","url":"https:\/\/www.ginlac.eu\/es\/","name":"GINLAC - Korean Ginseng","description":"Korea INSAM trademark","potentialAction":[{"@type":"SearchAction","target":{"@type":"EntryPoint","urlTemplate":"https:\/\/www.ginlac.eu\/es\/?s={search_term_string}"},"query-input":"required name=search_term_string"}],"inLanguage":"es"},{"@type":"WebPage","@id":"https:\/\/www.ginlac.eu\/es\/producto\/fermentado-extracto-de-ginseng-rojo-duo-gold\/","url":"https:\/\/www.ginlac.eu\/es\/producto\/fermentado-extracto-de-ginseng-rojo-duo-gold\/","name":"Fermentado extracto de ginseng rojo DUO GOLD - GINLAC - Korean Ginseng","isPartOf":{"@id":"https:\/\/www.ginlac.eu\/es\/#website"},"datePublished":"2019-09-16T21:05:53+00:00","dateModified":"2023-11-12T12:09:51+00:00","breadcrumb":{"@id":"https:\/\/www.ginlac.eu\/es\/producto\/fermentado-extracto-de-ginseng-rojo-duo-gold\/#breadcrumb"},"inLanguage":"es","potentialAction":[{"@type":"ReadAction","target":["https:\/\/www.ginlac.eu\/es\/producto\/fermentado-extracto-de-ginseng-rojo-duo-gold\/"]}]},{"@type":"BreadcrumbList","@id":"https:\/\/www.ginlac.eu\/es\/producto\/fermentado-extracto-de-ginseng-rojo-duo-gold\/#breadcrumb","itemListElement":[{"@type":"ListItem","position":1,"name":"Home","item":"https:\/\/www.ginlac.eu\/es\/"},{"@type":"ListItem","position":2,"name":""},{"@type":"ListItem","position":3,"name":"Fermentado extracto de ginseng rojo DUO GOLD"}]}]}},"_links":{"self":[{"href":"https:\/\/www.ginlac.eu\/es\/wp-json\/wp\/v2\/product\/3348"}],"collection":[{"href":"https:\/\/www.ginlac.eu\/es\/wp-json\/wp\/v2\/product"}],"about":[{"href":"https:\/\/www.ginlac.eu\/es\/wp-json\/wp\/v2\/types\/product"}],"wp:featuredmedia":[{"embeddable":true,"href":"https:\/\/www.ginlac.eu\/es\/wp-json\/wp\/v2\/media\/438"}],"wp:attachment":[{"href":"https:\/\/www.ginlac.eu\/es\/wp-json\/wp\/v2\/media?parent=3348"}],"wp:term":[{"taxonomy":"product_cat","embeddable":true,"href":"https:\/\/www.ginlac.eu\/es\/wp-json\/wp\/v2\/product_cat?post=3348"},{"taxonomy":"product_tag","embeddable":true,"href":"https:\/\/www.ginlac.eu\/es\/wp-json\/wp\/v2\/product_tag?post=3348"}],"curies":[{"name":"wp","href":"https:\/\/api.w.org\/{rel}","templated":true}]}}