{"id":3352,"date":"2019-09-16T21:05:53","date_gmt":"2019-09-16T21:05:53","guid":{"rendered":"https:\/\/www.ginlac.eu\/product\/extracto-de-ginseng-rojo-gold\/"},"modified":"2023-11-12T12:17:47","modified_gmt":"2023-11-12T12:17:47","slug":"extracto-de-ginseng-rojo-gold","status":"publish","type":"product","link":"https:\/\/www.ginlac.eu\/es\/producto\/extracto-de-ginseng-rojo-gold\/","title":{"rendered":"Extracto de ginseng rojo GOLD"},"content":{"rendered":"","protected":false},"excerpt":{"rendered":"<p>Extracto 100% de Ginseng Rojo Coreano de 6 a\u00f1os de cultivo, combate la fatiga y el estr\u00e9s, fortaleciendo la inmunidad, mejorando la circulaci\u00f3n y la formaci\u00f3n de gl\u00f3bulos rojos.<\/p>\n<p>Regula la presi\u00f3n arterial, disminuyendo el az\u00facar en sangre y los niveles de colesterol.<\/p>\n<p>Mejora la memoria y la potencia sexual.<\/p>\n<p><strong>Envase :<\/strong> 100 grs \/ 240 grs<\/p>\n<p><strong>Composici\u00f3n:<\/strong> Extracto 100% de ra\u00edz de Ginseng Rojo Coreano (+6 a\u00f1os), contenido total de ginsen\u00f3sidos : 80mg\/g (Rg1, Rb1 y Rg3):6mg\/g.<\/p>\n<p><strong>Dosis Recomendada:<\/strong> una cucharada de 1 gr 1-2 veces al d\u00eda (cuchara de 1 gr. Incluida). Se puede diluir en agua y a\u00f1adir un poco de miel o az\u00facar para disminuir el sabor amargo. A ni\u00f1os entre 3 y 12 a\u00f1os se recomienda el uso de 1\/3 de dosis diaria.<\/p>\n<p>Mantener en un lugar seco con temperaturas de hasta 25\u00ba evitando la exposici\u00f3n del envase al sol.<\/p>\n<p>No utilizar como sustituto de una alimentaci\u00f3n equilibrada.<\/p>\n<p>No tomar m\u00e1s de la dosis recomendada<\/p>\n","protected":false},"featured_media":2940,"template":"","meta":[],"product_cat":[83],"product_tag":[84],"class_list":["post-3352","product","type-product","status-publish","has-post-thumbnail","hentry","product_cat-ginseng-es","product_tag-ginseng-es"],"yoast_head":"<!-- This site is optimized with the Yoast SEO plugin v19.4 - https:\/\/yoast.com\/wordpress\/plugins\/seo\/ -->\n<title>Extracto de ginseng rojo GOLD - GINLAC - Korean Ginseng<\/title>\n<meta name=\"robots\" content=\"index, follow, max-snippet:-1, max-image-preview:large, max-video-preview:-1\" \/>\n<link rel=\"canonical\" href=\"https:\/\/www.ginlac.eu\/es\/producto\/extracto-de-ginseng-rojo-gold\/\" \/>\n<meta property=\"og:locale\" content=\"es_ES\" \/>\n<meta property=\"og:type\" content=\"article\" \/>\n<meta property=\"og:title\" content=\"Extracto de ginseng rojo GOLD - GINLAC - Korean Ginseng\" \/>\n<meta property=\"og:description\" content=\"Extracto 100% de Ginseng Rojo Coreano de 6 a\u00f1os de cultivo, combate la fatiga y el estr\u00e9s, fortaleciendo la inmunidad, mejorando la circulaci\u00f3n y la formaci\u00f3n de gl\u00f3bulos rojos.  Regula la presi\u00f3n arterial, disminuyendo el az\u00facar en sangre y los niveles de colesterol.  Mejora la memoria y la potencia sexual.  Envase : 100 grs \/ 240 grs  Composici\u00f3n: Extracto 100% de ra\u00edz de Ginseng Rojo Coreano (+6 a\u00f1os), contenido total de ginsen\u00f3sidos : 80mg\/g (Rg1, Rb1 y Rg3):6mg\/g.  Dosis Recomendada: una cucharada de 1 gr 1-2 veces al d\u00eda (cuchara de 1 gr. Incluida). Se puede diluir en agua y a\u00f1adir un poco de miel o az\u00facar para disminuir el sabor amargo. A ni\u00f1os entre 3 y 12 a\u00f1os se recomienda el uso de 1\/3 de dosis diaria.  Mantener en un lugar seco con temperaturas de hasta 25\u00ba evitando la exposici\u00f3n del envase al sol.  No utilizar como sustituto de una alimentaci\u00f3n equilibrada.  No tomar m\u00e1s de la dosis recomendada\" \/>\n<meta property=\"og:url\" content=\"https:\/\/www.ginlac.eu\/es\/producto\/extracto-de-ginseng-rojo-gold\/\" \/>\n<meta property=\"og:site_name\" content=\"GINLAC - Korean Ginseng\" \/>\n<meta property=\"article:modified_time\" content=\"2023-11-12T12:17:47+00:00\" \/>\n<meta property=\"og:image\" content=\"https:\/\/www.ginlac.eu\/wp-content\/uploads\/6-years-extract-gold-100-g.jpg\" \/>\n\t<meta property=\"og:image:width\" content=\"800\" \/>\n\t<meta property=\"og:image:height\" content=\"800\" \/>\n\t<meta property=\"og:image:type\" content=\"image\/jpeg\" \/>\n<meta name=\"twitter:card\" content=\"summary_large_image\" \/>\n<script type=\"application\/ld+json\" class=\"yoast-schema-graph\">{\"@context\":\"https:\/\/schema.org\",\"@graph\":[{\"@type\":\"WebSite\",\"@id\":\"https:\/\/www.ginlac.eu\/es\/#website\",\"url\":\"https:\/\/www.ginlac.eu\/es\/\",\"name\":\"GINLAC - Korean Ginseng\",\"description\":\"Korea INSAM trademark\",\"potentialAction\":[{\"@type\":\"SearchAction\",\"target\":{\"@type\":\"EntryPoint\",\"urlTemplate\":\"https:\/\/www.ginlac.eu\/es\/?s={search_term_string}\"},\"query-input\":\"required name=search_term_string\"}],\"inLanguage\":\"es\"},{\"@type\":\"WebPage\",\"@id\":\"https:\/\/www.ginlac.eu\/es\/producto\/extracto-de-ginseng-rojo-gold\/\",\"url\":\"https:\/\/www.ginlac.eu\/es\/producto\/extracto-de-ginseng-rojo-gold\/\",\"name\":\"Extracto de ginseng rojo GOLD - GINLAC - Korean Ginseng\",\"isPartOf\":{\"@id\":\"https:\/\/www.ginlac.eu\/es\/#website\"},\"datePublished\":\"2019-09-16T21:05:53+00:00\",\"dateModified\":\"2023-11-12T12:17:47+00:00\",\"breadcrumb\":{\"@id\":\"https:\/\/www.ginlac.eu\/es\/producto\/extracto-de-ginseng-rojo-gold\/#breadcrumb\"},\"inLanguage\":\"es\",\"potentialAction\":[{\"@type\":\"ReadAction\",\"target\":[\"https:\/\/www.ginlac.eu\/es\/producto\/extracto-de-ginseng-rojo-gold\/\"]}]},{\"@type\":\"BreadcrumbList\",\"@id\":\"https:\/\/www.ginlac.eu\/es\/producto\/extracto-de-ginseng-rojo-gold\/#breadcrumb\",\"itemListElement\":[{\"@type\":\"ListItem\",\"position\":1,\"name\":\"Home\",\"item\":\"https:\/\/www.ginlac.eu\/es\/\"},{\"@type\":\"ListItem\",\"position\":2,\"name\":\"\"},{\"@type\":\"ListItem\",\"position\":3,\"name\":\"Extracto de ginseng rojo GOLD\"}]}]}<\/script>\n<!-- \/ Yoast SEO plugin. -->","yoast_head_json":{"title":"Extracto de ginseng rojo GOLD - GINLAC - Korean Ginseng","robots":{"index":"index","follow":"follow","max-snippet":"max-snippet:-1","max-image-preview":"max-image-preview:large","max-video-preview":"max-video-preview:-1"},"canonical":"https:\/\/www.ginlac.eu\/es\/producto\/extracto-de-ginseng-rojo-gold\/","og_locale":"es_ES","og_type":"article","og_title":"Extracto de ginseng rojo GOLD - GINLAC - Korean Ginseng","og_description":"Extracto 100% de Ginseng Rojo Coreano de 6 a\u00f1os de cultivo, combate la fatiga y el estr\u00e9s, fortaleciendo la inmunidad, mejorando la circulaci\u00f3n y la formaci\u00f3n de gl\u00f3bulos rojos.  Regula la presi\u00f3n arterial, disminuyendo el az\u00facar en sangre y los niveles de colesterol.  Mejora la memoria y la potencia sexual.  Envase : 100 grs \/ 240 grs  Composici\u00f3n: Extracto 100% de ra\u00edz de Ginseng Rojo Coreano (+6 a\u00f1os), contenido total de ginsen\u00f3sidos : 80mg\/g (Rg1, Rb1 y Rg3):6mg\/g.  Dosis Recomendada: una cucharada de 1 gr 1-2 veces al d\u00eda (cuchara de 1 gr. Incluida). Se puede diluir en agua y a\u00f1adir un poco de miel o az\u00facar para disminuir el sabor amargo. A ni\u00f1os entre 3 y 12 a\u00f1os se recomienda el uso de 1\/3 de dosis diaria.  Mantener en un lugar seco con temperaturas de hasta 25\u00ba evitando la exposici\u00f3n del envase al sol.  No utilizar como sustituto de una alimentaci\u00f3n equilibrada.  No tomar m\u00e1s de la dosis recomendada","og_url":"https:\/\/www.ginlac.eu\/es\/producto\/extracto-de-ginseng-rojo-gold\/","og_site_name":"GINLAC - Korean Ginseng","article_modified_time":"2023-11-12T12:17:47+00:00","og_image":[{"width":800,"height":800,"url":"https:\/\/www.ginlac.eu\/wp-content\/uploads\/6-years-extract-gold-100-g.jpg","type":"image\/jpeg"}],"twitter_card":"summary_large_image","schema":{"@context":"https:\/\/schema.org","@graph":[{"@type":"WebSite","@id":"https:\/\/www.ginlac.eu\/es\/#website","url":"https:\/\/www.ginlac.eu\/es\/","name":"GINLAC - Korean Ginseng","description":"Korea INSAM trademark","potentialAction":[{"@type":"SearchAction","target":{"@type":"EntryPoint","urlTemplate":"https:\/\/www.ginlac.eu\/es\/?s={search_term_string}"},"query-input":"required name=search_term_string"}],"inLanguage":"es"},{"@type":"WebPage","@id":"https:\/\/www.ginlac.eu\/es\/producto\/extracto-de-ginseng-rojo-gold\/","url":"https:\/\/www.ginlac.eu\/es\/producto\/extracto-de-ginseng-rojo-gold\/","name":"Extracto de ginseng rojo GOLD - GINLAC - Korean Ginseng","isPartOf":{"@id":"https:\/\/www.ginlac.eu\/es\/#website"},"datePublished":"2019-09-16T21:05:53+00:00","dateModified":"2023-11-12T12:17:47+00:00","breadcrumb":{"@id":"https:\/\/www.ginlac.eu\/es\/producto\/extracto-de-ginseng-rojo-gold\/#breadcrumb"},"inLanguage":"es","potentialAction":[{"@type":"ReadAction","target":["https:\/\/www.ginlac.eu\/es\/producto\/extracto-de-ginseng-rojo-gold\/"]}]},{"@type":"BreadcrumbList","@id":"https:\/\/www.ginlac.eu\/es\/producto\/extracto-de-ginseng-rojo-gold\/#breadcrumb","itemListElement":[{"@type":"ListItem","position":1,"name":"Home","item":"https:\/\/www.ginlac.eu\/es\/"},{"@type":"ListItem","position":2,"name":""},{"@type":"ListItem","position":3,"name":"Extracto de ginseng rojo GOLD"}]}]}},"_links":{"self":[{"href":"https:\/\/www.ginlac.eu\/es\/wp-json\/wp\/v2\/product\/3352"}],"collection":[{"href":"https:\/\/www.ginlac.eu\/es\/wp-json\/wp\/v2\/product"}],"about":[{"href":"https:\/\/www.ginlac.eu\/es\/wp-json\/wp\/v2\/types\/product"}],"wp:featuredmedia":[{"embeddable":true,"href":"https:\/\/www.ginlac.eu\/es\/wp-json\/wp\/v2\/media\/2940"}],"wp:attachment":[{"href":"https:\/\/www.ginlac.eu\/es\/wp-json\/wp\/v2\/media?parent=3352"}],"wp:term":[{"taxonomy":"product_cat","embeddable":true,"href":"https:\/\/www.ginlac.eu\/es\/wp-json\/wp\/v2\/product_cat?post=3352"},{"taxonomy":"product_tag","embeddable":true,"href":"https:\/\/www.ginlac.eu\/es\/wp-json\/wp\/v2\/product_tag?post=3352"}],"curies":[{"name":"wp","href":"https:\/\/api.w.org\/{rel}","templated":true}]}}