{"id":3355,"date":"2019-09-16T21:05:53","date_gmt":"2019-09-16T21:05:53","guid":{"rendered":"https:\/\/www.ginlac.eu\/product\/te-zen\/"},"modified":"2019-09-16T21:05:53","modified_gmt":"2019-09-16T21:05:53","slug":"te-zen","status":"publish","type":"product","link":"https:\/\/www.ginlac.eu\/es\/producto\/te-zen\/","title":{"rendered":"T\u00e9 ZEN"},"content":{"rendered":"","protected":false},"excerpt":{"rendered":"<p>T\u00e9 de Ginseng Coreano granulado de Alta Calidad extra\u00eddo de las ra\u00edces de Ginseng Rojo Coreano de 6 a\u00f1os de cultivo, enriquecido con extracto de la seta Ganoderma Lucidum.<\/p>\n<p>Ideal para combatir la fatiga y la recuperaci\u00f3n de todo el organismo.<\/p>\n<p><strong>Envase :<\/strong>\u00a03grs. x 30 unds. (90 grs.) \/ 3 grs. x 50 unds. (150 grs.) \/ 3 grs. x 100 unds. (300 grs.)<\/p>\n<p><strong>Composici\u00f3n:<\/strong>\u00a0Extracto de ra\u00edz de Ginseng rojo Coreano 5%, extracto fermentado de Ginseng Rojo Coreano 3%, extracto de la seta Lingzhi (Linghzi\/Reischi) 5%, glucosa 87%.<\/p>\n<p><strong>Dosis Recomendada:<\/strong>\u00a01 \u2013 3 veces al d\u00eda. Diluir en agua fr\u00eda o caliente.<\/p>\n<p>Mantener en un lugar seco con temperaturas de hasta 25\u00ba evitando la exposici\u00f3n del envase al sol.<\/p>\n<p>No utilizar como sustituto de una alimentaci\u00f3n equilibrada<\/p>\n","protected":false},"featured_media":376,"template":"","meta":[],"product_cat":[83],"product_tag":[84],"class_list":["post-3355","product","type-product","status-publish","has-post-thumbnail","hentry","product_cat-ginseng-es","product_tag-ginseng-es"],"yoast_head":"<!-- This site is optimized with the Yoast SEO plugin v19.4 - https:\/\/yoast.com\/wordpress\/plugins\/seo\/ -->\n<title>T\u00e9 ZEN - GINLAC - Korean Ginseng<\/title>\n<meta name=\"robots\" content=\"index, follow, max-snippet:-1, max-image-preview:large, max-video-preview:-1\" \/>\n<link rel=\"canonical\" href=\"https:\/\/www.ginlac.eu\/es\/producto\/te-zen\/\" \/>\n<meta property=\"og:locale\" content=\"es_ES\" \/>\n<meta property=\"og:type\" content=\"article\" \/>\n<meta property=\"og:title\" content=\"T\u00e9 ZEN - GINLAC - Korean Ginseng\" \/>\n<meta property=\"og:description\" content=\"T\u00e9 de Ginseng Coreano granulado de Alta Calidad extra\u00eddo de las ra\u00edces de Ginseng Rojo Coreano de 6 a\u00f1os de cultivo, enriquecido con extracto de la seta Ganoderma Lucidum.  Ideal para combatir la fatiga y la recuperaci\u00f3n de todo el organismo.  Envase :\u00a03grs. x 30 unds. (90 grs.) \/ 3 grs. x 50 unds. (150 grs.) \/ 3 grs. x 100 unds. (300 grs.)  Composici\u00f3n:\u00a0Extracto de ra\u00edz de Ginseng rojo Coreano 5%, extracto fermentado de Ginseng Rojo Coreano 3%, extracto de la seta Lingzhi (Linghzi\/Reischi) 5%, glucosa 87%.  Dosis Recomendada:\u00a01 \u2013 3 veces al d\u00eda. Diluir en agua fr\u00eda o caliente.  Mantener en un lugar seco con temperaturas de hasta 25\u00ba evitando la exposici\u00f3n del envase al sol.  No utilizar como sustituto de una alimentaci\u00f3n equilibrada\" \/>\n<meta property=\"og:url\" content=\"https:\/\/www.ginlac.eu\/es\/producto\/te-zen\/\" \/>\n<meta property=\"og:site_name\" content=\"GINLAC - Korean Ginseng\" \/>\n<meta property=\"og:image\" content=\"https:\/\/www.ginlac.eu\/wp-content\/uploads\/0R2A4252.png\" \/>\n\t<meta property=\"og:image:width\" content=\"800\" \/>\n\t<meta property=\"og:image:height\" content=\"533\" \/>\n\t<meta property=\"og:image:type\" content=\"image\/png\" \/>\n<meta name=\"twitter:card\" content=\"summary_large_image\" \/>\n<script type=\"application\/ld+json\" class=\"yoast-schema-graph\">{\"@context\":\"https:\/\/schema.org\",\"@graph\":[{\"@type\":\"WebSite\",\"@id\":\"https:\/\/www.ginlac.eu\/es\/#website\",\"url\":\"https:\/\/www.ginlac.eu\/es\/\",\"name\":\"GINLAC - Korean Ginseng\",\"description\":\"Korea INSAM trademark\",\"potentialAction\":[{\"@type\":\"SearchAction\",\"target\":{\"@type\":\"EntryPoint\",\"urlTemplate\":\"https:\/\/www.ginlac.eu\/es\/?s={search_term_string}\"},\"query-input\":\"required name=search_term_string\"}],\"inLanguage\":\"es\"},{\"@type\":\"WebPage\",\"@id\":\"https:\/\/www.ginlac.eu\/es\/producto\/te-zen\/\",\"url\":\"https:\/\/www.ginlac.eu\/es\/producto\/te-zen\/\",\"name\":\"T\u00e9 ZEN - GINLAC - Korean Ginseng\",\"isPartOf\":{\"@id\":\"https:\/\/www.ginlac.eu\/es\/#website\"},\"datePublished\":\"2019-09-16T21:05:53+00:00\",\"dateModified\":\"2019-09-16T21:05:53+00:00\",\"breadcrumb\":{\"@id\":\"https:\/\/www.ginlac.eu\/es\/producto\/te-zen\/#breadcrumb\"},\"inLanguage\":\"es\",\"potentialAction\":[{\"@type\":\"ReadAction\",\"target\":[\"https:\/\/www.ginlac.eu\/es\/producto\/te-zen\/\"]}]},{\"@type\":\"BreadcrumbList\",\"@id\":\"https:\/\/www.ginlac.eu\/es\/producto\/te-zen\/#breadcrumb\",\"itemListElement\":[{\"@type\":\"ListItem\",\"position\":1,\"name\":\"Home\",\"item\":\"https:\/\/www.ginlac.eu\/es\/\"},{\"@type\":\"ListItem\",\"position\":2,\"name\":\"\"},{\"@type\":\"ListItem\",\"position\":3,\"name\":\"T\u00e9 ZEN\"}]}]}<\/script>\n<!-- \/ Yoast SEO plugin. -->","yoast_head_json":{"title":"T\u00e9 ZEN - GINLAC - Korean Ginseng","robots":{"index":"index","follow":"follow","max-snippet":"max-snippet:-1","max-image-preview":"max-image-preview:large","max-video-preview":"max-video-preview:-1"},"canonical":"https:\/\/www.ginlac.eu\/es\/producto\/te-zen\/","og_locale":"es_ES","og_type":"article","og_title":"T\u00e9 ZEN - GINLAC - Korean Ginseng","og_description":"T\u00e9 de Ginseng Coreano granulado de Alta Calidad extra\u00eddo de las ra\u00edces de Ginseng Rojo Coreano de 6 a\u00f1os de cultivo, enriquecido con extracto de la seta Ganoderma Lucidum.  Ideal para combatir la fatiga y la recuperaci\u00f3n de todo el organismo.  Envase :\u00a03grs. x 30 unds. (90 grs.) \/ 3 grs. x 50 unds. (150 grs.) \/ 3 grs. x 100 unds. (300 grs.)  Composici\u00f3n:\u00a0Extracto de ra\u00edz de Ginseng rojo Coreano 5%, extracto fermentado de Ginseng Rojo Coreano 3%, extracto de la seta Lingzhi (Linghzi\/Reischi) 5%, glucosa 87%.  Dosis Recomendada:\u00a01 \u2013 3 veces al d\u00eda. Diluir en agua fr\u00eda o caliente.  Mantener en un lugar seco con temperaturas de hasta 25\u00ba evitando la exposici\u00f3n del envase al sol.  No utilizar como sustituto de una alimentaci\u00f3n equilibrada","og_url":"https:\/\/www.ginlac.eu\/es\/producto\/te-zen\/","og_site_name":"GINLAC - Korean Ginseng","og_image":[{"width":800,"height":533,"url":"https:\/\/www.ginlac.eu\/wp-content\/uploads\/0R2A4252.png","type":"image\/png"}],"twitter_card":"summary_large_image","schema":{"@context":"https:\/\/schema.org","@graph":[{"@type":"WebSite","@id":"https:\/\/www.ginlac.eu\/es\/#website","url":"https:\/\/www.ginlac.eu\/es\/","name":"GINLAC - Korean Ginseng","description":"Korea INSAM trademark","potentialAction":[{"@type":"SearchAction","target":{"@type":"EntryPoint","urlTemplate":"https:\/\/www.ginlac.eu\/es\/?s={search_term_string}"},"query-input":"required name=search_term_string"}],"inLanguage":"es"},{"@type":"WebPage","@id":"https:\/\/www.ginlac.eu\/es\/producto\/te-zen\/","url":"https:\/\/www.ginlac.eu\/es\/producto\/te-zen\/","name":"T\u00e9 ZEN - GINLAC - Korean Ginseng","isPartOf":{"@id":"https:\/\/www.ginlac.eu\/es\/#website"},"datePublished":"2019-09-16T21:05:53+00:00","dateModified":"2019-09-16T21:05:53+00:00","breadcrumb":{"@id":"https:\/\/www.ginlac.eu\/es\/producto\/te-zen\/#breadcrumb"},"inLanguage":"es","potentialAction":[{"@type":"ReadAction","target":["https:\/\/www.ginlac.eu\/es\/producto\/te-zen\/"]}]},{"@type":"BreadcrumbList","@id":"https:\/\/www.ginlac.eu\/es\/producto\/te-zen\/#breadcrumb","itemListElement":[{"@type":"ListItem","position":1,"name":"Home","item":"https:\/\/www.ginlac.eu\/es\/"},{"@type":"ListItem","position":2,"name":""},{"@type":"ListItem","position":3,"name":"T\u00e9 ZEN"}]}]}},"_links":{"self":[{"href":"https:\/\/www.ginlac.eu\/es\/wp-json\/wp\/v2\/product\/3355"}],"collection":[{"href":"https:\/\/www.ginlac.eu\/es\/wp-json\/wp\/v2\/product"}],"about":[{"href":"https:\/\/www.ginlac.eu\/es\/wp-json\/wp\/v2\/types\/product"}],"wp:featuredmedia":[{"embeddable":true,"href":"https:\/\/www.ginlac.eu\/es\/wp-json\/wp\/v2\/media\/376"}],"wp:attachment":[{"href":"https:\/\/www.ginlac.eu\/es\/wp-json\/wp\/v2\/media?parent=3355"}],"wp:term":[{"taxonomy":"product_cat","embeddable":true,"href":"https:\/\/www.ginlac.eu\/es\/wp-json\/wp\/v2\/product_cat?post=3355"},{"taxonomy":"product_tag","embeddable":true,"href":"https:\/\/www.ginlac.eu\/es\/wp-json\/wp\/v2\/product_tag?post=3355"}],"curies":[{"name":"wp","href":"https:\/\/api.w.org\/{rel}","templated":true}]}}