{"id":3366,"date":"2020-08-12T10:15:08","date_gmt":"2020-08-12T10:15:08","guid":{"rendered":"https:\/\/www.ginlac.eu\/product\/3366\/"},"modified":"2023-11-12T12:05:05","modified_gmt":"2023-11-12T12:05:05","slug":"extracto-de-ginseng-easy-gold","status":"publish","type":"product","link":"https:\/\/www.ginlac.eu\/es\/producto\/extracto-de-ginseng-easy-gold\/","title":{"rendered":"Extracto de ginseng EASY GOLD"},"content":{"rendered":"","protected":false},"excerpt":{"rendered":"<p>Extracto de ginseng rojo coreano 100% con un alto contenido desustancias activas en forma de bebida envasada en bolsas individuales para facilitar su uso.Prueba la forma m\u00e1s pr\u00e1ctica de utilizar el extracto de ginseng.<\/p>\n<p><strong>Paquete<\/strong>: 10 x 10 ml (100 ml) \/ 100 x 10 ml (1000 ml)<\/p>\n<p><strong>Ingredientes:<\/strong> extracto 100% de ginseng rojo coreano (0,5 g \/ 10 ml), agua pura<\/p>\n<p><strong>Contenido total de ginsen\u00f3sidos (saponinas):<\/strong> 70 mg \/ gRg1, Rb1 y Rg3: 6 mg \/ g<\/p>\n<p><strong>Dosis recomendada<\/strong>: se toman directamente de 1 a 3 sobres al d\u00eda. Puede mezclarse con agua y para suprimir el amargor agregue az\u00facar o miel.<\/p>\n<p><strong>Efectos: <\/strong>Fortalece los cinco \u00f3rganos vitales: h\u00edgado, coraz\u00f3n, pulm\u00f3n,\u00a0 ri\u00f1\u00f3n y bazo; mantiene armon\u00eda en todo el cuerpo.<\/p>\n<p>Refuerza la inmunidad, mejora la circulaci\u00f3n sangu\u00ednea y la formaci\u00f3n de gl\u00f3bulos rojos en la sangre. Regula la presi\u00f3n arterial, disminuye el az\u00facar en la sangre y los niveles de colesterol.<\/p>\n<p>Combate la fatiga y el estr\u00e9s, estimula la actividad cerebral y aumenta el deseo y la potencia sexual.\u00a0 En mujeres ayuda a superar la \u00e9poca de la menopausia.<\/p>\n<p>Funciona como un potente desintoxicante y tiene efectos antioxidantes.<\/p>\n<p>Promueve al cuerpo la vitalidad y energ\u00eda.<\/p>\n<p><strong>Advertencia<\/strong>: No apto para ni\u00f1os menores de 3 a\u00f1os, mujeres embarazadas y lactantes. Al tomar medicamentos para la altapresi\u00f3n arterial, diabetes o anticoagulante consulte a su m\u00e9dico sobre el uso de ginseng.No exceda la dosis diaria recomendada.<\/p>\n<p><strong>Almacenamiento<\/strong>: En un lugar seco a una temperatura de hasta 25 \u00b0 C en un recipiente cerrado, no exponer al sol y mant\u00e9ngalo fuera del alcance de los ni\u00f1os.<\/p>\n<p>Hecho en Korea<\/p>\n","protected":false},"featured_media":3679,"template":"","meta":[],"product_cat":[15],"product_tag":[],"class_list":["post-3366","product","type-product","status-publish","has-post-thumbnail","hentry","product_cat-uncategorized"],"yoast_head":"<!-- This site is optimized with the Yoast SEO plugin v19.4 - https:\/\/yoast.com\/wordpress\/plugins\/seo\/ -->\n<title>Extracto de ginseng EASY GOLD - GINLAC - Korean Ginseng<\/title>\n<meta name=\"robots\" content=\"index, follow, max-snippet:-1, max-image-preview:large, max-video-preview:-1\" \/>\n<link rel=\"canonical\" href=\"https:\/\/www.ginlac.eu\/es\/producto\/extracto-de-ginseng-easy-gold\/\" \/>\n<meta property=\"og:locale\" content=\"es_ES\" \/>\n<meta property=\"og:type\" content=\"article\" \/>\n<meta property=\"og:title\" content=\"Extracto de ginseng EASY GOLD - GINLAC - Korean Ginseng\" \/>\n<meta property=\"og:description\" content=\"Extracto de ginseng rojo coreano 100% con un alto contenido desustancias activas en forma de bebida envasada en bolsas individuales para facilitar su uso.Prueba la forma m\u00e1s pr\u00e1ctica de utilizar el extracto de ginseng.  Paquete: 10 x 10 ml (100 ml) \/ 100 x 10 ml (1000 ml)  Ingredientes: extracto 100% de ginseng rojo coreano (0,5 g \/ 10 ml), agua pura  Contenido total de ginsen\u00f3sidos (saponinas): 70 mg \/ gRg1, Rb1 y Rg3: 6 mg \/ g  Dosis recomendada: se toman directamente de 1 a 3 sobres al d\u00eda. Puede mezclarse con agua y para suprimir el amargor agregue az\u00facar o miel.  Efectos: Fortalece los cinco \u00f3rganos vitales: h\u00edgado, coraz\u00f3n, pulm\u00f3n,\u00a0 ri\u00f1\u00f3n y bazo; mantiene armon\u00eda en todo el cuerpo.  Refuerza la inmunidad, mejora la circulaci\u00f3n sangu\u00ednea y la formaci\u00f3n de gl\u00f3bulos rojos en la sangre. Regula la presi\u00f3n arterial, disminuye el az\u00facar en la sangre y los niveles de colesterol.  Combate la fatiga y el estr\u00e9s, estimula la actividad cerebral y aumenta el deseo y la potencia sexual.\u00a0 En mujeres ayuda a superar la \u00e9poca de la menopausia.  Funciona como un potente desintoxicante y tiene efectos antioxidantes.  Promueve al cuerpo la vitalidad y energ\u00eda.  Advertencia: No apto para ni\u00f1os menores de 3 a\u00f1os, mujeres embarazadas y lactantes. Al tomar medicamentos para la altapresi\u00f3n arterial, diabetes o anticoagulante consulte a su m\u00e9dico sobre el uso de ginseng.No exceda la dosis diaria recomendada.  Almacenamiento: En un lugar seco a una temperatura de hasta 25 \u00b0 C en un recipiente cerrado, no exponer al sol y mant\u00e9ngalo fuera del alcance de los ni\u00f1os.  Hecho en Korea\" \/>\n<meta property=\"og:url\" content=\"https:\/\/www.ginlac.eu\/es\/producto\/extracto-de-ginseng-easy-gold\/\" \/>\n<meta property=\"og:site_name\" content=\"GINLAC - Korean Ginseng\" \/>\n<meta property=\"article:modified_time\" content=\"2023-11-12T12:05:05+00:00\" \/>\n<meta property=\"og:image\" content=\"https:\/\/www.ginlac.eu\/wp-content\/uploads\/Ve-EASY-RG-GOLD-10_1.jpg\" \/>\n\t<meta property=\"og:image:width\" content=\"800\" \/>\n\t<meta property=\"og:image:height\" content=\"800\" \/>\n\t<meta property=\"og:image:type\" content=\"image\/jpeg\" \/>\n<meta name=\"twitter:card\" content=\"summary_large_image\" \/>\n<script type=\"application\/ld+json\" class=\"yoast-schema-graph\">{\"@context\":\"https:\/\/schema.org\",\"@graph\":[{\"@type\":\"WebSite\",\"@id\":\"https:\/\/www.ginlac.eu\/es\/#website\",\"url\":\"https:\/\/www.ginlac.eu\/es\/\",\"name\":\"GINLAC - Korean Ginseng\",\"description\":\"Korea INSAM trademark\",\"potentialAction\":[{\"@type\":\"SearchAction\",\"target\":{\"@type\":\"EntryPoint\",\"urlTemplate\":\"https:\/\/www.ginlac.eu\/es\/?s={search_term_string}\"},\"query-input\":\"required name=search_term_string\"}],\"inLanguage\":\"es\"},{\"@type\":\"WebPage\",\"@id\":\"https:\/\/www.ginlac.eu\/es\/producto\/extracto-de-ginseng-easy-gold\/\",\"url\":\"https:\/\/www.ginlac.eu\/es\/producto\/extracto-de-ginseng-easy-gold\/\",\"name\":\"Extracto de ginseng EASY GOLD - GINLAC - Korean Ginseng\",\"isPartOf\":{\"@id\":\"https:\/\/www.ginlac.eu\/es\/#website\"},\"datePublished\":\"2020-08-12T10:15:08+00:00\",\"dateModified\":\"2023-11-12T12:05:05+00:00\",\"breadcrumb\":{\"@id\":\"https:\/\/www.ginlac.eu\/es\/producto\/extracto-de-ginseng-easy-gold\/#breadcrumb\"},\"inLanguage\":\"es\",\"potentialAction\":[{\"@type\":\"ReadAction\",\"target\":[\"https:\/\/www.ginlac.eu\/es\/producto\/extracto-de-ginseng-easy-gold\/\"]}]},{\"@type\":\"BreadcrumbList\",\"@id\":\"https:\/\/www.ginlac.eu\/es\/producto\/extracto-de-ginseng-easy-gold\/#breadcrumb\",\"itemListElement\":[{\"@type\":\"ListItem\",\"position\":1,\"name\":\"Home\",\"item\":\"https:\/\/www.ginlac.eu\/es\/\"},{\"@type\":\"ListItem\",\"position\":2,\"name\":\"\"},{\"@type\":\"ListItem\",\"position\":3,\"name\":\"Extracto de ginseng EASY GOLD\"}]}]}<\/script>\n<!-- \/ Yoast SEO plugin. -->","yoast_head_json":{"title":"Extracto de ginseng EASY GOLD - GINLAC - Korean Ginseng","robots":{"index":"index","follow":"follow","max-snippet":"max-snippet:-1","max-image-preview":"max-image-preview:large","max-video-preview":"max-video-preview:-1"},"canonical":"https:\/\/www.ginlac.eu\/es\/producto\/extracto-de-ginseng-easy-gold\/","og_locale":"es_ES","og_type":"article","og_title":"Extracto de ginseng EASY GOLD - GINLAC - Korean Ginseng","og_description":"Extracto de ginseng rojo coreano 100% con un alto contenido desustancias activas en forma de bebida envasada en bolsas individuales para facilitar su uso.Prueba la forma m\u00e1s pr\u00e1ctica de utilizar el extracto de ginseng.  Paquete: 10 x 10 ml (100 ml) \/ 100 x 10 ml (1000 ml)  Ingredientes: extracto 100% de ginseng rojo coreano (0,5 g \/ 10 ml), agua pura  Contenido total de ginsen\u00f3sidos (saponinas): 70 mg \/ gRg1, Rb1 y Rg3: 6 mg \/ g  Dosis recomendada: se toman directamente de 1 a 3 sobres al d\u00eda. Puede mezclarse con agua y para suprimir el amargor agregue az\u00facar o miel.  Efectos: Fortalece los cinco \u00f3rganos vitales: h\u00edgado, coraz\u00f3n, pulm\u00f3n,\u00a0 ri\u00f1\u00f3n y bazo; mantiene armon\u00eda en todo el cuerpo.  Refuerza la inmunidad, mejora la circulaci\u00f3n sangu\u00ednea y la formaci\u00f3n de gl\u00f3bulos rojos en la sangre. Regula la presi\u00f3n arterial, disminuye el az\u00facar en la sangre y los niveles de colesterol.  Combate la fatiga y el estr\u00e9s, estimula la actividad cerebral y aumenta el deseo y la potencia sexual.\u00a0 En mujeres ayuda a superar la \u00e9poca de la menopausia.  Funciona como un potente desintoxicante y tiene efectos antioxidantes.  Promueve al cuerpo la vitalidad y energ\u00eda.  Advertencia: No apto para ni\u00f1os menores de 3 a\u00f1os, mujeres embarazadas y lactantes. Al tomar medicamentos para la altapresi\u00f3n arterial, diabetes o anticoagulante consulte a su m\u00e9dico sobre el uso de ginseng.No exceda la dosis diaria recomendada.  Almacenamiento: En un lugar seco a una temperatura de hasta 25 \u00b0 C en un recipiente cerrado, no exponer al sol y mant\u00e9ngalo fuera del alcance de los ni\u00f1os.  Hecho en Korea","og_url":"https:\/\/www.ginlac.eu\/es\/producto\/extracto-de-ginseng-easy-gold\/","og_site_name":"GINLAC - Korean Ginseng","article_modified_time":"2023-11-12T12:05:05+00:00","og_image":[{"width":800,"height":800,"url":"https:\/\/www.ginlac.eu\/wp-content\/uploads\/Ve-EASY-RG-GOLD-10_1.jpg","type":"image\/jpeg"}],"twitter_card":"summary_large_image","schema":{"@context":"https:\/\/schema.org","@graph":[{"@type":"WebSite","@id":"https:\/\/www.ginlac.eu\/es\/#website","url":"https:\/\/www.ginlac.eu\/es\/","name":"GINLAC - Korean Ginseng","description":"Korea INSAM trademark","potentialAction":[{"@type":"SearchAction","target":{"@type":"EntryPoint","urlTemplate":"https:\/\/www.ginlac.eu\/es\/?s={search_term_string}"},"query-input":"required name=search_term_string"}],"inLanguage":"es"},{"@type":"WebPage","@id":"https:\/\/www.ginlac.eu\/es\/producto\/extracto-de-ginseng-easy-gold\/","url":"https:\/\/www.ginlac.eu\/es\/producto\/extracto-de-ginseng-easy-gold\/","name":"Extracto de ginseng EASY GOLD - GINLAC - Korean Ginseng","isPartOf":{"@id":"https:\/\/www.ginlac.eu\/es\/#website"},"datePublished":"2020-08-12T10:15:08+00:00","dateModified":"2023-11-12T12:05:05+00:00","breadcrumb":{"@id":"https:\/\/www.ginlac.eu\/es\/producto\/extracto-de-ginseng-easy-gold\/#breadcrumb"},"inLanguage":"es","potentialAction":[{"@type":"ReadAction","target":["https:\/\/www.ginlac.eu\/es\/producto\/extracto-de-ginseng-easy-gold\/"]}]},{"@type":"BreadcrumbList","@id":"https:\/\/www.ginlac.eu\/es\/producto\/extracto-de-ginseng-easy-gold\/#breadcrumb","itemListElement":[{"@type":"ListItem","position":1,"name":"Home","item":"https:\/\/www.ginlac.eu\/es\/"},{"@type":"ListItem","position":2,"name":""},{"@type":"ListItem","position":3,"name":"Extracto de ginseng EASY GOLD"}]}]}},"_links":{"self":[{"href":"https:\/\/www.ginlac.eu\/es\/wp-json\/wp\/v2\/product\/3366"}],"collection":[{"href":"https:\/\/www.ginlac.eu\/es\/wp-json\/wp\/v2\/product"}],"about":[{"href":"https:\/\/www.ginlac.eu\/es\/wp-json\/wp\/v2\/types\/product"}],"wp:featuredmedia":[{"embeddable":true,"href":"https:\/\/www.ginlac.eu\/es\/wp-json\/wp\/v2\/media\/3679"}],"wp:attachment":[{"href":"https:\/\/www.ginlac.eu\/es\/wp-json\/wp\/v2\/media?parent=3366"}],"wp:term":[{"taxonomy":"product_cat","embeddable":true,"href":"https:\/\/www.ginlac.eu\/es\/wp-json\/wp\/v2\/product_cat?post=3366"},{"taxonomy":"product_tag","embeddable":true,"href":"https:\/\/www.ginlac.eu\/es\/wp-json\/wp\/v2\/product_tag?post=3366"}],"curies":[{"name":"wp","href":"https:\/\/api.w.org\/{rel}","templated":true}]}}