{"id":2468,"date":"2019-09-16T21:05:53","date_gmt":"2019-09-16T21:05:53","guid":{"rendered":"http:\/\/www.ginlac2019.cz.uvirt84.active24.cz\/product\/fermented-extract-duo-gold\/"},"modified":"2023-11-12T12:09:11","modified_gmt":"2023-11-12T12:09:11","slug":"ginseng-rosso-fermentato-estratto-duo-gold","status":"publish","type":"product","link":"https:\/\/www.ginlac.eu\/it\/prodotto\/ginseng-rosso-fermentato-estratto-duo-gold\/","title":{"rendered":"Ginseng rosso fermentato estratto DUO GOLD"},"content":{"rendered":"","protected":false},"excerpt":{"rendered":"<p><strong>L\u2019estratto DUO GOLD di vero ginseng coreano rosso\u00a0 \u00a0 \u00a0 \u00a0 \u00a0 \u00a0 \u00a0 \u00a0 \u00a0 \u00a0 \u00a0 \u00a0 \u00a0 \u00a0 \u00a0 \u00a0 \u00a0\u00a0<\/strong><\/p>\n<p><strong>Confezione:\u00a0<\/strong>\u00b01 x 50 g\u00a0 \u00b02 x 50 g (100 g)\u00a0 \u00b03 x 50 g (150 g)<\/p>\n<p><strong>Trattamento di 7 settimane<\/strong><\/p>\n<p><strong>Composizione:\u00a0<\/strong>estratto al 100% dalla radice di ginseng coreano rosso (70% naturale e 30% estratto fermentato)<\/p>\n<p><strong>Il contenuto totale di ginsenosidi (saponini):\u00a0<\/strong>110 mg\/g, di cui\u00a0<strong>Rg1, Rb1 e Rg3<\/strong>: \u00a012 mg\/g<\/p>\n<p><strong>Dosaggio consigliato:<\/strong>\u00a01 volta al giorno un cucchiaio allegato (1 g) da utilizzare direttamente e poi bere un bicchiere dell\u2019 acqua. Pu\u00f2 essere sciolto in acqua calda o fredda, per sopprimere l\u2019amarezza si pu\u00f2 anche aggiungere zucchero o miele. Per i bambini da 3 a 12 anni la dose giornaliera raccomandata \u00e8 di 1\/3.<\/p>\n<p><strong>Conservazione:<\/strong>\u00a0Conservare in un luogo asciutto nella temperatura fino a 25 \u00b0C in un contenitore chiuso, lontano dalla luce diretta del sole e fuori dalla portata dei bambini.<\/p>\n<p><strong>Attenzione:<\/strong>\u00a0Non \u00e8 inteso come sostituto di una dieta variata, non \u00e8 destinato ai bambini di et\u00e0 inferiore ai 3 anni, alle donne incinte ed in allattamento. Quando si utilizza un medicinale per la pressione alta o il diabete, consultare l\u00b4uso del ginseng con il medico. Non superare il dosaggio giornaliero consigliato.<\/p>\n<p><strong>Termine minimo di conservazione:<\/strong>\u00a0la data indicata sulla confezione<\/p>\n<p><strong>\u00a0 \u00a0 \u00a0 \u00a0 \u00a0 \u00a0 \u00a0 \u00a0 \u00a0 \u00a0 \u00a0 \u00a0 \u00a0 \u00a0 \u00a0 \u00a0 \u00a0 \u00a0 \u00a0 \u00a0 \u00a0 \u00a0 \u00a0 \u00a0 \u00a0 \u00a0\u00a0<\/strong><\/p>\n<p><strong>Produttore:\u00a0<\/strong>KUAN Industrial Co. Ltd. Korae<\/p>\n<p><strong>Made in Korea<\/strong><\/p>\n","protected":false},"featured_media":436,"template":"","meta":[],"product_cat":[79],"product_tag":[80],"class_list":["post-2468","product","type-product","status-publish","has-post-thumbnail","hentry","product_cat-ginseng-it","product_tag-ginseng-it"],"yoast_head":"<!-- This site is optimized with the Yoast SEO plugin v19.4 - https:\/\/yoast.com\/wordpress\/plugins\/seo\/ -->\n<title>Ginseng rosso fermentato estratto DUO GOLD - GINLAC - Korean Ginseng<\/title>\n<meta name=\"robots\" content=\"index, follow, max-snippet:-1, max-image-preview:large, max-video-preview:-1\" \/>\n<link rel=\"canonical\" href=\"https:\/\/www.ginlac.eu\/it\/prodotto\/ginseng-rosso-fermentato-estratto-duo-gold\/\" \/>\n<meta property=\"og:locale\" content=\"it_IT\" \/>\n<meta property=\"og:type\" content=\"article\" \/>\n<meta property=\"og:title\" content=\"Ginseng rosso fermentato estratto DUO GOLD - GINLAC - Korean Ginseng\" \/>\n<meta property=\"og:description\" content=\"L\u2019estratto DUO GOLD di vero ginseng coreano rosso\u00a0 \u00a0 \u00a0 \u00a0 \u00a0 \u00a0 \u00a0 \u00a0 \u00a0 \u00a0 \u00a0 \u00a0 \u00a0 \u00a0 \u00a0 \u00a0 \u00a0\u00a0  Confezione:\u00a0\u00b01 x 50 g\u00a0 \u00b02 x 50 g (100 g)\u00a0 \u00b03 x 50 g (150 g)  Trattamento di 7 settimane  Composizione:\u00a0estratto al 100% dalla radice di ginseng coreano rosso (70% naturale e 30% estratto fermentato)  Il contenuto totale di ginsenosidi (saponini):\u00a0110 mg\/g, di cui\u00a0Rg1, Rb1 e Rg3: \u00a012 mg\/g  Dosaggio consigliato:\u00a01 volta al giorno un cucchiaio allegato (1 g) da utilizzare direttamente e poi bere un bicchiere dell\u2019 acqua. Pu\u00f2 essere sciolto in acqua calda o fredda, per sopprimere l\u2019amarezza si pu\u00f2 anche aggiungere zucchero o miele. Per i bambini da 3 a 12 anni la dose giornaliera raccomandata \u00e8 di 1\/3.  Conservazione:\u00a0Conservare in un luogo asciutto nella temperatura fino a 25 \u00b0C in un contenitore chiuso, lontano dalla luce diretta del sole e fuori dalla portata dei bambini.  Attenzione:\u00a0Non \u00e8 inteso come sostituto di una dieta variata, non \u00e8 destinato ai bambini di et\u00e0 inferiore ai 3 anni, alle donne incinte ed in allattamento. Quando si utilizza un medicinale per la pressione alta o il diabete, consultare l\u00b4uso del ginseng con il medico. Non superare il dosaggio giornaliero consigliato.  Termine minimo di conservazione:\u00a0la data indicata sulla confezione  \u00a0 \u00a0 \u00a0 \u00a0 \u00a0 \u00a0 \u00a0 \u00a0 \u00a0 \u00a0 \u00a0 \u00a0 \u00a0 \u00a0 \u00a0 \u00a0 \u00a0 \u00a0 \u00a0 \u00a0 \u00a0 \u00a0 \u00a0 \u00a0 \u00a0 \u00a0\u00a0  Produttore:\u00a0KUAN Industrial Co. Ltd. Korae  Made in Korea\" \/>\n<meta property=\"og:url\" content=\"https:\/\/www.ginlac.eu\/it\/prodotto\/ginseng-rosso-fermentato-estratto-duo-gold\/\" \/>\n<meta property=\"og:site_name\" content=\"GINLAC - Korean Ginseng\" \/>\n<meta property=\"article:modified_time\" content=\"2023-11-12T12:09:11+00:00\" \/>\n<meta property=\"og:image\" content=\"https:\/\/www.ginlac.eu\/wp-content\/uploads\/0R2A6921.png\" \/>\n\t<meta property=\"og:image:width\" content=\"800\" \/>\n\t<meta property=\"og:image:height\" content=\"533\" \/>\n\t<meta property=\"og:image:type\" content=\"image\/png\" \/>\n<meta name=\"twitter:card\" content=\"summary_large_image\" \/>\n<script type=\"application\/ld+json\" class=\"yoast-schema-graph\">{\"@context\":\"https:\/\/schema.org\",\"@graph\":[{\"@type\":\"WebSite\",\"@id\":\"https:\/\/www.ginlac.eu\/it\/#website\",\"url\":\"https:\/\/www.ginlac.eu\/it\/\",\"name\":\"GINLAC - Korean Ginseng\",\"description\":\"Korea INSAM trademark\",\"potentialAction\":[{\"@type\":\"SearchAction\",\"target\":{\"@type\":\"EntryPoint\",\"urlTemplate\":\"https:\/\/www.ginlac.eu\/it\/?s={search_term_string}\"},\"query-input\":\"required name=search_term_string\"}],\"inLanguage\":\"it-IT\"},{\"@type\":\"WebPage\",\"@id\":\"https:\/\/www.ginlac.eu\/it\/prodotto\/ginseng-rosso-fermentato-estratto-duo-gold\/\",\"url\":\"https:\/\/www.ginlac.eu\/it\/prodotto\/ginseng-rosso-fermentato-estratto-duo-gold\/\",\"name\":\"Ginseng rosso fermentato estratto DUO GOLD - GINLAC - Korean Ginseng\",\"isPartOf\":{\"@id\":\"https:\/\/www.ginlac.eu\/it\/#website\"},\"datePublished\":\"2019-09-16T21:05:53+00:00\",\"dateModified\":\"2023-11-12T12:09:11+00:00\",\"breadcrumb\":{\"@id\":\"https:\/\/www.ginlac.eu\/it\/prodotto\/ginseng-rosso-fermentato-estratto-duo-gold\/#breadcrumb\"},\"inLanguage\":\"it-IT\",\"potentialAction\":[{\"@type\":\"ReadAction\",\"target\":[\"https:\/\/www.ginlac.eu\/it\/prodotto\/ginseng-rosso-fermentato-estratto-duo-gold\/\"]}]},{\"@type\":\"BreadcrumbList\",\"@id\":\"https:\/\/www.ginlac.eu\/it\/prodotto\/ginseng-rosso-fermentato-estratto-duo-gold\/#breadcrumb\",\"itemListElement\":[{\"@type\":\"ListItem\",\"position\":1,\"name\":\"Home\",\"item\":\"https:\/\/www.ginlac.eu\/it\/\"},{\"@type\":\"ListItem\",\"position\":2,\"name\":\"\"},{\"@type\":\"ListItem\",\"position\":3,\"name\":\"Ginseng rosso fermentato estratto DUO GOLD\"}]}]}<\/script>\n<!-- \/ Yoast SEO plugin. -->","yoast_head_json":{"title":"Ginseng rosso fermentato estratto DUO GOLD - GINLAC - Korean Ginseng","robots":{"index":"index","follow":"follow","max-snippet":"max-snippet:-1","max-image-preview":"max-image-preview:large","max-video-preview":"max-video-preview:-1"},"canonical":"https:\/\/www.ginlac.eu\/it\/prodotto\/ginseng-rosso-fermentato-estratto-duo-gold\/","og_locale":"it_IT","og_type":"article","og_title":"Ginseng rosso fermentato estratto DUO GOLD - GINLAC - Korean Ginseng","og_description":"L\u2019estratto DUO GOLD di vero ginseng coreano rosso\u00a0 \u00a0 \u00a0 \u00a0 \u00a0 \u00a0 \u00a0 \u00a0 \u00a0 \u00a0 \u00a0 \u00a0 \u00a0 \u00a0 \u00a0 \u00a0 \u00a0\u00a0  Confezione:\u00a0\u00b01 x 50 g\u00a0 \u00b02 x 50 g (100 g)\u00a0 \u00b03 x 50 g (150 g)  Trattamento di 7 settimane  Composizione:\u00a0estratto al 100% dalla radice di ginseng coreano rosso (70% naturale e 30% estratto fermentato)  Il contenuto totale di ginsenosidi (saponini):\u00a0110 mg\/g, di cui\u00a0Rg1, Rb1 e Rg3: \u00a012 mg\/g  Dosaggio consigliato:\u00a01 volta al giorno un cucchiaio allegato (1 g) da utilizzare direttamente e poi bere un bicchiere dell\u2019 acqua. Pu\u00f2 essere sciolto in acqua calda o fredda, per sopprimere l\u2019amarezza si pu\u00f2 anche aggiungere zucchero o miele. Per i bambini da 3 a 12 anni la dose giornaliera raccomandata \u00e8 di 1\/3.  Conservazione:\u00a0Conservare in un luogo asciutto nella temperatura fino a 25 \u00b0C in un contenitore chiuso, lontano dalla luce diretta del sole e fuori dalla portata dei bambini.  Attenzione:\u00a0Non \u00e8 inteso come sostituto di una dieta variata, non \u00e8 destinato ai bambini di et\u00e0 inferiore ai 3 anni, alle donne incinte ed in allattamento. Quando si utilizza un medicinale per la pressione alta o il diabete, consultare l\u00b4uso del ginseng con il medico. Non superare il dosaggio giornaliero consigliato.  Termine minimo di conservazione:\u00a0la data indicata sulla confezione  \u00a0 \u00a0 \u00a0 \u00a0 \u00a0 \u00a0 \u00a0 \u00a0 \u00a0 \u00a0 \u00a0 \u00a0 \u00a0 \u00a0 \u00a0 \u00a0 \u00a0 \u00a0 \u00a0 \u00a0 \u00a0 \u00a0 \u00a0 \u00a0 \u00a0 \u00a0\u00a0  Produttore:\u00a0KUAN Industrial Co. Ltd. Korae  Made in Korea","og_url":"https:\/\/www.ginlac.eu\/it\/prodotto\/ginseng-rosso-fermentato-estratto-duo-gold\/","og_site_name":"GINLAC - Korean Ginseng","article_modified_time":"2023-11-12T12:09:11+00:00","og_image":[{"width":800,"height":533,"url":"https:\/\/www.ginlac.eu\/wp-content\/uploads\/0R2A6921.png","type":"image\/png"}],"twitter_card":"summary_large_image","schema":{"@context":"https:\/\/schema.org","@graph":[{"@type":"WebSite","@id":"https:\/\/www.ginlac.eu\/it\/#website","url":"https:\/\/www.ginlac.eu\/it\/","name":"GINLAC - Korean Ginseng","description":"Korea INSAM trademark","potentialAction":[{"@type":"SearchAction","target":{"@type":"EntryPoint","urlTemplate":"https:\/\/www.ginlac.eu\/it\/?s={search_term_string}"},"query-input":"required name=search_term_string"}],"inLanguage":"it-IT"},{"@type":"WebPage","@id":"https:\/\/www.ginlac.eu\/it\/prodotto\/ginseng-rosso-fermentato-estratto-duo-gold\/","url":"https:\/\/www.ginlac.eu\/it\/prodotto\/ginseng-rosso-fermentato-estratto-duo-gold\/","name":"Ginseng rosso fermentato estratto DUO GOLD - GINLAC - Korean Ginseng","isPartOf":{"@id":"https:\/\/www.ginlac.eu\/it\/#website"},"datePublished":"2019-09-16T21:05:53+00:00","dateModified":"2023-11-12T12:09:11+00:00","breadcrumb":{"@id":"https:\/\/www.ginlac.eu\/it\/prodotto\/ginseng-rosso-fermentato-estratto-duo-gold\/#breadcrumb"},"inLanguage":"it-IT","potentialAction":[{"@type":"ReadAction","target":["https:\/\/www.ginlac.eu\/it\/prodotto\/ginseng-rosso-fermentato-estratto-duo-gold\/"]}]},{"@type":"BreadcrumbList","@id":"https:\/\/www.ginlac.eu\/it\/prodotto\/ginseng-rosso-fermentato-estratto-duo-gold\/#breadcrumb","itemListElement":[{"@type":"ListItem","position":1,"name":"Home","item":"https:\/\/www.ginlac.eu\/it\/"},{"@type":"ListItem","position":2,"name":""},{"@type":"ListItem","position":3,"name":"Ginseng rosso fermentato estratto DUO GOLD"}]}]}},"_links":{"self":[{"href":"https:\/\/www.ginlac.eu\/it\/wp-json\/wp\/v2\/product\/2468"}],"collection":[{"href":"https:\/\/www.ginlac.eu\/it\/wp-json\/wp\/v2\/product"}],"about":[{"href":"https:\/\/www.ginlac.eu\/it\/wp-json\/wp\/v2\/types\/product"}],"wp:featuredmedia":[{"embeddable":true,"href":"https:\/\/www.ginlac.eu\/it\/wp-json\/wp\/v2\/media\/436"}],"wp:attachment":[{"href":"https:\/\/www.ginlac.eu\/it\/wp-json\/wp\/v2\/media?parent=2468"}],"wp:term":[{"taxonomy":"product_cat","embeddable":true,"href":"https:\/\/www.ginlac.eu\/it\/wp-json\/wp\/v2\/product_cat?post=2468"},{"taxonomy":"product_tag","embeddable":true,"href":"https:\/\/www.ginlac.eu\/it\/wp-json\/wp\/v2\/product_tag?post=2468"}],"curies":[{"name":"wp","href":"https:\/\/api.w.org\/{rel}","templated":true}]}}