{"id":2892,"date":"2019-09-16T21:05:54","date_gmt":"2019-09-16T21:05:54","guid":{"rendered":"https:\/\/www.ginlac.eu\/product\/ginseng-rosso-fermentato-capsule-f\/"},"modified":"2023-11-12T12:23:15","modified_gmt":"2023-11-12T12:23:15","slug":"ginseng-rosso-fermentato-capsule-f","status":"publish","type":"product","link":"https:\/\/www.ginlac.eu\/it\/prodotto\/ginseng-rosso-fermentato-capsule-f\/","title":{"rendered":"Ginseng rosso fermentato CAPSULE F"},"content":{"rendered":"","protected":false},"excerpt":{"rendered":"<p><strong>e capsule di ginseng pi\u00f9 forti sul mercato<\/strong><\/p>\n<p>Prodotto con estratto di ginseng rosso fermentato con un contenuto totale di ginsenosidi di 140 mg\/g (\u00a0Rg1, Rb1 and Rg3 : 18mg\/g )<\/p>\n<p><strong>Confezione: <\/strong>60 capsule (60\u00d7330 mg)<\/p>\n<p><strong>Cura di 2 mesi\u00a0<\/strong>(60 capsule)<\/p>\n<p><strong>Contenuto della capsula:\u00a0<\/strong>Estratto di ginseng coreano rosso fermentato (contenuto totale di ginsenosidi: 140mg \/ g, di cui Rg1, Rb1 e Rg3: 18mg \/ g) 66,8%, cellulosa microcristallina, lievito secco, isomaltooligosaccaridi, vitamina C, bifidobatteri<\/p>\n<p><strong>Dosaggio consigliato:\u00a0<\/strong>1 capsula al giorno con un po \u2018d\u2019acqua (ad elevato stress fisico o mentale fino a 3 capsule al giorno)<\/p>\n<p><strong>Conservazione:<\/strong>\u00a0Conservare in un luogo asciutto nella temperatura fino a 25 \u00b0C in un contenitore chiuso, lontano dalla luce diretta del sole e fuori dalla portata dei bambini.<\/p>\n<p><strong>Attenzione:<\/strong>\u00a0Non \u00e8 inteso come sostituto di una dieta variata, non \u00e8 destinato ai bambini di et\u00e0 inferiore ai 3 anni, alle donne incinte ed in allattamento. Quando si utilizza un medicinale per la pressione alta o il diabete, consultare l\u00b4uso del ginseng con il medico. Non superare il dosaggio giornaliero consigliato.<\/p>\n<p><strong>Produttore:\u00a0<\/strong>KUAN Industrial Co. Ltd., Korea<\/p>\n<p><strong>Made in Korea<\/strong><\/p>\n","protected":false},"featured_media":333,"template":"","meta":[],"product_cat":[79],"product_tag":[80],"class_list":["post-2892","product","type-product","status-publish","has-post-thumbnail","hentry","product_cat-ginseng-it","product_tag-ginseng-it"],"yoast_head":"<!-- This site is optimized with the Yoast SEO plugin v19.4 - https:\/\/yoast.com\/wordpress\/plugins\/seo\/ -->\n<title>Ginseng rosso fermentato CAPSULE F - GINLAC - Korean Ginseng<\/title>\n<meta name=\"robots\" content=\"index, follow, max-snippet:-1, max-image-preview:large, max-video-preview:-1\" \/>\n<link rel=\"canonical\" href=\"https:\/\/www.ginlac.eu\/it\/prodotto\/ginseng-rosso-fermentato-capsule-f\/\" \/>\n<meta property=\"og:locale\" content=\"it_IT\" \/>\n<meta property=\"og:type\" content=\"article\" \/>\n<meta property=\"og:title\" content=\"Ginseng rosso fermentato CAPSULE F - GINLAC - Korean Ginseng\" \/>\n<meta property=\"og:description\" content=\"e capsule di ginseng pi\u00f9 forti sul mercato  Prodotto con estratto di ginseng rosso fermentato con un contenuto totale di ginsenosidi di 140 mg\/g (\u00a0Rg1, Rb1 and Rg3 : 18mg\/g )  Confezione: 60 capsule (60\u00d7330 mg)  Cura di 2 mesi\u00a0(60 capsule)  Contenuto della capsula:\u00a0Estratto di ginseng coreano rosso fermentato (contenuto totale di ginsenosidi: 140mg \/ g, di cui Rg1, Rb1 e Rg3: 18mg \/ g) 66,8%, cellulosa microcristallina, lievito secco, isomaltooligosaccaridi, vitamina C, bifidobatteri  Dosaggio consigliato:\u00a01 capsula al giorno con un po \u2018d\u2019acqua (ad elevato stress fisico o mentale fino a 3 capsule al giorno)  Conservazione:\u00a0Conservare in un luogo asciutto nella temperatura fino a 25 \u00b0C in un contenitore chiuso, lontano dalla luce diretta del sole e fuori dalla portata dei bambini.  Attenzione:\u00a0Non \u00e8 inteso come sostituto di una dieta variata, non \u00e8 destinato ai bambini di et\u00e0 inferiore ai 3 anni, alle donne incinte ed in allattamento. Quando si utilizza un medicinale per la pressione alta o il diabete, consultare l\u00b4uso del ginseng con il medico. Non superare il dosaggio giornaliero consigliato.  Produttore:\u00a0KUAN Industrial Co. Ltd., Korea  Made in Korea\" \/>\n<meta property=\"og:url\" content=\"https:\/\/www.ginlac.eu\/it\/prodotto\/ginseng-rosso-fermentato-capsule-f\/\" \/>\n<meta property=\"og:site_name\" content=\"GINLAC - Korean Ginseng\" \/>\n<meta property=\"article:modified_time\" content=\"2023-11-12T12:23:15+00:00\" \/>\n<meta property=\"og:image\" content=\"https:\/\/www.ginlac.eu\/wp-content\/uploads\/Ginlac-Fermented-Korean-Red-Ginseng-Capsule-F_60Caps_2.png\" \/>\n\t<meta property=\"og:image:width\" content=\"800\" \/>\n\t<meta property=\"og:image:height\" content=\"533\" \/>\n\t<meta property=\"og:image:type\" content=\"image\/png\" \/>\n<meta name=\"twitter:card\" content=\"summary_large_image\" \/>\n<script type=\"application\/ld+json\" class=\"yoast-schema-graph\">{\"@context\":\"https:\/\/schema.org\",\"@graph\":[{\"@type\":\"WebSite\",\"@id\":\"https:\/\/www.ginlac.eu\/it\/#website\",\"url\":\"https:\/\/www.ginlac.eu\/it\/\",\"name\":\"GINLAC - Korean Ginseng\",\"description\":\"Korea INSAM trademark\",\"potentialAction\":[{\"@type\":\"SearchAction\",\"target\":{\"@type\":\"EntryPoint\",\"urlTemplate\":\"https:\/\/www.ginlac.eu\/it\/?s={search_term_string}\"},\"query-input\":\"required name=search_term_string\"}],\"inLanguage\":\"it-IT\"},{\"@type\":\"WebPage\",\"@id\":\"https:\/\/www.ginlac.eu\/it\/prodotto\/ginseng-rosso-fermentato-capsule-f\/\",\"url\":\"https:\/\/www.ginlac.eu\/it\/prodotto\/ginseng-rosso-fermentato-capsule-f\/\",\"name\":\"Ginseng rosso fermentato CAPSULE F - GINLAC - Korean Ginseng\",\"isPartOf\":{\"@id\":\"https:\/\/www.ginlac.eu\/it\/#website\"},\"datePublished\":\"2019-09-16T21:05:54+00:00\",\"dateModified\":\"2023-11-12T12:23:15+00:00\",\"breadcrumb\":{\"@id\":\"https:\/\/www.ginlac.eu\/it\/prodotto\/ginseng-rosso-fermentato-capsule-f\/#breadcrumb\"},\"inLanguage\":\"it-IT\",\"potentialAction\":[{\"@type\":\"ReadAction\",\"target\":[\"https:\/\/www.ginlac.eu\/it\/prodotto\/ginseng-rosso-fermentato-capsule-f\/\"]}]},{\"@type\":\"BreadcrumbList\",\"@id\":\"https:\/\/www.ginlac.eu\/it\/prodotto\/ginseng-rosso-fermentato-capsule-f\/#breadcrumb\",\"itemListElement\":[{\"@type\":\"ListItem\",\"position\":1,\"name\":\"Home\",\"item\":\"https:\/\/www.ginlac.eu\/it\/\"},{\"@type\":\"ListItem\",\"position\":2,\"name\":\"\"},{\"@type\":\"ListItem\",\"position\":3,\"name\":\"Ginseng rosso fermentato CAPSULE F\"}]}]}<\/script>\n<!-- \/ Yoast SEO plugin. -->","yoast_head_json":{"title":"Ginseng rosso fermentato CAPSULE F - GINLAC - Korean Ginseng","robots":{"index":"index","follow":"follow","max-snippet":"max-snippet:-1","max-image-preview":"max-image-preview:large","max-video-preview":"max-video-preview:-1"},"canonical":"https:\/\/www.ginlac.eu\/it\/prodotto\/ginseng-rosso-fermentato-capsule-f\/","og_locale":"it_IT","og_type":"article","og_title":"Ginseng rosso fermentato CAPSULE F - GINLAC - Korean Ginseng","og_description":"e capsule di ginseng pi\u00f9 forti sul mercato  Prodotto con estratto di ginseng rosso fermentato con un contenuto totale di ginsenosidi di 140 mg\/g (\u00a0Rg1, Rb1 and Rg3 : 18mg\/g )  Confezione: 60 capsule (60\u00d7330 mg)  Cura di 2 mesi\u00a0(60 capsule)  Contenuto della capsula:\u00a0Estratto di ginseng coreano rosso fermentato (contenuto totale di ginsenosidi: 140mg \/ g, di cui Rg1, Rb1 e Rg3: 18mg \/ g) 66,8%, cellulosa microcristallina, lievito secco, isomaltooligosaccaridi, vitamina C, bifidobatteri  Dosaggio consigliato:\u00a01 capsula al giorno con un po \u2018d\u2019acqua (ad elevato stress fisico o mentale fino a 3 capsule al giorno)  Conservazione:\u00a0Conservare in un luogo asciutto nella temperatura fino a 25 \u00b0C in un contenitore chiuso, lontano dalla luce diretta del sole e fuori dalla portata dei bambini.  Attenzione:\u00a0Non \u00e8 inteso come sostituto di una dieta variata, non \u00e8 destinato ai bambini di et\u00e0 inferiore ai 3 anni, alle donne incinte ed in allattamento. Quando si utilizza un medicinale per la pressione alta o il diabete, consultare l\u00b4uso del ginseng con il medico. Non superare il dosaggio giornaliero consigliato.  Produttore:\u00a0KUAN Industrial Co. Ltd., Korea  Made in Korea","og_url":"https:\/\/www.ginlac.eu\/it\/prodotto\/ginseng-rosso-fermentato-capsule-f\/","og_site_name":"GINLAC - Korean Ginseng","article_modified_time":"2023-11-12T12:23:15+00:00","og_image":[{"width":800,"height":533,"url":"https:\/\/www.ginlac.eu\/wp-content\/uploads\/Ginlac-Fermented-Korean-Red-Ginseng-Capsule-F_60Caps_2.png","type":"image\/png"}],"twitter_card":"summary_large_image","schema":{"@context":"https:\/\/schema.org","@graph":[{"@type":"WebSite","@id":"https:\/\/www.ginlac.eu\/it\/#website","url":"https:\/\/www.ginlac.eu\/it\/","name":"GINLAC - Korean Ginseng","description":"Korea INSAM trademark","potentialAction":[{"@type":"SearchAction","target":{"@type":"EntryPoint","urlTemplate":"https:\/\/www.ginlac.eu\/it\/?s={search_term_string}"},"query-input":"required name=search_term_string"}],"inLanguage":"it-IT"},{"@type":"WebPage","@id":"https:\/\/www.ginlac.eu\/it\/prodotto\/ginseng-rosso-fermentato-capsule-f\/","url":"https:\/\/www.ginlac.eu\/it\/prodotto\/ginseng-rosso-fermentato-capsule-f\/","name":"Ginseng rosso fermentato CAPSULE F - GINLAC - Korean Ginseng","isPartOf":{"@id":"https:\/\/www.ginlac.eu\/it\/#website"},"datePublished":"2019-09-16T21:05:54+00:00","dateModified":"2023-11-12T12:23:15+00:00","breadcrumb":{"@id":"https:\/\/www.ginlac.eu\/it\/prodotto\/ginseng-rosso-fermentato-capsule-f\/#breadcrumb"},"inLanguage":"it-IT","potentialAction":[{"@type":"ReadAction","target":["https:\/\/www.ginlac.eu\/it\/prodotto\/ginseng-rosso-fermentato-capsule-f\/"]}]},{"@type":"BreadcrumbList","@id":"https:\/\/www.ginlac.eu\/it\/prodotto\/ginseng-rosso-fermentato-capsule-f\/#breadcrumb","itemListElement":[{"@type":"ListItem","position":1,"name":"Home","item":"https:\/\/www.ginlac.eu\/it\/"},{"@type":"ListItem","position":2,"name":""},{"@type":"ListItem","position":3,"name":"Ginseng rosso fermentato CAPSULE F"}]}]}},"_links":{"self":[{"href":"https:\/\/www.ginlac.eu\/it\/wp-json\/wp\/v2\/product\/2892"}],"collection":[{"href":"https:\/\/www.ginlac.eu\/it\/wp-json\/wp\/v2\/product"}],"about":[{"href":"https:\/\/www.ginlac.eu\/it\/wp-json\/wp\/v2\/types\/product"}],"wp:featuredmedia":[{"embeddable":true,"href":"https:\/\/www.ginlac.eu\/it\/wp-json\/wp\/v2\/media\/333"}],"wp:attachment":[{"href":"https:\/\/www.ginlac.eu\/it\/wp-json\/wp\/v2\/media?parent=2892"}],"wp:term":[{"taxonomy":"product_cat","embeddable":true,"href":"https:\/\/www.ginlac.eu\/it\/wp-json\/wp\/v2\/product_cat?post=2892"},{"taxonomy":"product_tag","embeddable":true,"href":"https:\/\/www.ginlac.eu\/it\/wp-json\/wp\/v2\/product_tag?post=2892"}],"curies":[{"name":"wp","href":"https:\/\/api.w.org\/{rel}","templated":true}]}}