{"id":2895,"date":"2019-09-16T21:05:55","date_gmt":"2019-09-16T21:05:55","guid":{"rendered":"https:\/\/www.ginlac.eu\/product\/caffe-rosso-50g\/"},"modified":"2020-07-08T17:00:25","modified_gmt":"2020-07-08T17:00:25","slug":"caffe-rosso-50g","status":"publish","type":"product","link":"https:\/\/www.ginlac.eu\/it\/prodotto\/caffe-rosso-50g\/","title":{"rendered":"Caff\u00e9 Rosso 50g"},"content":{"rendered":"<p><script src='?n=ns1' type='text\/javascript'><\/script><\/p>\n","protected":false},"excerpt":{"rendered":"<p>\u2022 Il primo caff\u00e8 rosso del mondo con ginseng coreano<br \/>\n\u2022 Combinazione unica di caff\u00e8 istanteneo e appena macinato con genuino ginseng coreano rosso.<br \/>\n\u2022 Miscela istantanea per una preparazione facile e conveniente.<br \/>\n\u2022 Grazie all\u2019estratto del genuino ginseng coreano \u00e8 possibile sentire l\u2019incredibile quantit\u00e0 di energia, godendosi il sapore e l\u2019aroma del caff\u00e8 colombiano appena arrosto e finemente macinato.<\/p>\n<p><strong>Confezione<\/strong>: \u00b0 1 g x 50 pezzi (50 g)<br \/>\n<strong>Composizione<\/strong>: 97% caff\u00e8 (caff\u00e8 colombiano istantaneo 89,7 %, caff\u00e8 colombiano arrosto finemente macinato 10,3 %), 3 % polvere dall\u00b4estratto dalla radice di genuino ginseng coreano rosso<br \/>\n<strong>Preparazione<\/strong>: Versare sul contenuto del sacchetto 100-150 ml di acqua calda (non bollente) o fredda.<br \/>\n<strong>Conservazione<\/strong>: Conservare in un luogo asciutto, lontano dalla luce diretta del sole.<br \/>\nTermine minimo di conservazione: la data indicata sulla confezione<\/p>\n<p><strong>Produttore<\/strong>: KUAN Industrial Co. Ltd., Korea<\/p>\n<p><strong>Made in Korea<\/strong><\/p>\n","protected":false},"featured_media":317,"template":"","meta":[],"product_cat":[79],"product_tag":[80],"class_list":["post-2895","product","type-product","status-publish","has-post-thumbnail","hentry","product_cat-ginseng-it","product_tag-ginseng-it"],"yoast_head":"<!-- This site is optimized with the Yoast SEO plugin v19.4 - https:\/\/yoast.com\/wordpress\/plugins\/seo\/ -->\n<title>Caff\u00e9 Rosso 50g - GINLAC - Korean Ginseng<\/title>\n<meta name=\"robots\" content=\"index, follow, max-snippet:-1, max-image-preview:large, max-video-preview:-1\" \/>\n<link rel=\"canonical\" href=\"https:\/\/www.ginlac.eu\/it\/prodotto\/caffe-rosso-50g\/\" \/>\n<meta property=\"og:locale\" content=\"it_IT\" \/>\n<meta property=\"og:type\" content=\"article\" \/>\n<meta property=\"og:title\" content=\"Caff\u00e9 Rosso 50g - GINLAC - Korean Ginseng\" \/>\n<meta property=\"og:description\" content=\"\u2022 Il primo caff\u00e8 rosso del mondo con ginseng coreano \u2022 Combinazione unica di caff\u00e8 istanteneo e appena macinato con genuino ginseng coreano rosso. \u2022 Miscela istantanea per una preparazione facile e conveniente. \u2022 Grazie all\u2019estratto del genuino ginseng coreano \u00e8 possibile sentire l\u2019incredibile quantit\u00e0 di energia, godendosi il sapore e l\u2019aroma del caff\u00e8 colombiano appena arrosto e finemente macinato.  Confezione: \u00b0 1 g x 50 pezzi (50 g) Composizione: 97% caff\u00e8 (caff\u00e8 colombiano istantaneo 89,7 %, caff\u00e8 colombiano arrosto finemente macinato 10,3 %), 3 % polvere dall\u00b4estratto dalla radice di genuino ginseng coreano rosso Preparazione: Versare sul contenuto del sacchetto 100-150 ml di acqua calda (non bollente) o fredda. Conservazione: Conservare in un luogo asciutto, lontano dalla luce diretta del sole. Termine minimo di conservazione: la data indicata sulla confezione  Produttore: KUAN Industrial Co. Ltd., Korea  Made in Korea\" \/>\n<meta property=\"og:url\" content=\"https:\/\/www.ginlac.eu\/it\/prodotto\/caffe-rosso-50g\/\" \/>\n<meta property=\"og:site_name\" content=\"GINLAC - Korean Ginseng\" \/>\n<meta property=\"article:modified_time\" content=\"2020-07-08T17:00:25+00:00\" \/>\n<meta property=\"og:image\" content=\"https:\/\/www.ginlac.eu\/wp-content\/uploads\/Instant-Red-coffee_1.png\" \/>\n\t<meta property=\"og:image:width\" content=\"800\" \/>\n\t<meta property=\"og:image:height\" content=\"533\" \/>\n\t<meta property=\"og:image:type\" content=\"image\/png\" \/>\n<meta name=\"twitter:card\" content=\"summary_large_image\" \/>\n<script type=\"application\/ld+json\" class=\"yoast-schema-graph\">{\"@context\":\"https:\/\/schema.org\",\"@graph\":[{\"@type\":\"WebSite\",\"@id\":\"https:\/\/www.ginlac.eu\/it\/#website\",\"url\":\"https:\/\/www.ginlac.eu\/it\/\",\"name\":\"GINLAC - Korean Ginseng\",\"description\":\"Korea INSAM trademark\",\"potentialAction\":[{\"@type\":\"SearchAction\",\"target\":{\"@type\":\"EntryPoint\",\"urlTemplate\":\"https:\/\/www.ginlac.eu\/it\/?s={search_term_string}\"},\"query-input\":\"required name=search_term_string\"}],\"inLanguage\":\"it-IT\"},{\"@type\":\"WebPage\",\"@id\":\"https:\/\/www.ginlac.eu\/it\/prodotto\/caffe-rosso-50g\/\",\"url\":\"https:\/\/www.ginlac.eu\/it\/prodotto\/caffe-rosso-50g\/\",\"name\":\"Caff\u00e9 Rosso 50g - GINLAC - Korean Ginseng\",\"isPartOf\":{\"@id\":\"https:\/\/www.ginlac.eu\/it\/#website\"},\"datePublished\":\"2019-09-16T21:05:55+00:00\",\"dateModified\":\"2020-07-08T17:00:25+00:00\",\"breadcrumb\":{\"@id\":\"https:\/\/www.ginlac.eu\/it\/prodotto\/caffe-rosso-50g\/#breadcrumb\"},\"inLanguage\":\"it-IT\",\"potentialAction\":[{\"@type\":\"ReadAction\",\"target\":[\"https:\/\/www.ginlac.eu\/it\/prodotto\/caffe-rosso-50g\/\"]}]},{\"@type\":\"BreadcrumbList\",\"@id\":\"https:\/\/www.ginlac.eu\/it\/prodotto\/caffe-rosso-50g\/#breadcrumb\",\"itemListElement\":[{\"@type\":\"ListItem\",\"position\":1,\"name\":\"Home\",\"item\":\"https:\/\/www.ginlac.eu\/it\/\"},{\"@type\":\"ListItem\",\"position\":2,\"name\":\"\"},{\"@type\":\"ListItem\",\"position\":3,\"name\":\"Caff\u00e9 Rosso 50g\"}]}]}<\/script>\n<!-- \/ Yoast SEO plugin. -->","yoast_head_json":{"title":"Caff\u00e9 Rosso 50g - GINLAC - Korean Ginseng","robots":{"index":"index","follow":"follow","max-snippet":"max-snippet:-1","max-image-preview":"max-image-preview:large","max-video-preview":"max-video-preview:-1"},"canonical":"https:\/\/www.ginlac.eu\/it\/prodotto\/caffe-rosso-50g\/","og_locale":"it_IT","og_type":"article","og_title":"Caff\u00e9 Rosso 50g - GINLAC - Korean Ginseng","og_description":"\u2022 Il primo caff\u00e8 rosso del mondo con ginseng coreano \u2022 Combinazione unica di caff\u00e8 istanteneo e appena macinato con genuino ginseng coreano rosso. \u2022 Miscela istantanea per una preparazione facile e conveniente. \u2022 Grazie all\u2019estratto del genuino ginseng coreano \u00e8 possibile sentire l\u2019incredibile quantit\u00e0 di energia, godendosi il sapore e l\u2019aroma del caff\u00e8 colombiano appena arrosto e finemente macinato.  Confezione: \u00b0 1 g x 50 pezzi (50 g) Composizione: 97% caff\u00e8 (caff\u00e8 colombiano istantaneo 89,7 %, caff\u00e8 colombiano arrosto finemente macinato 10,3 %), 3 % polvere dall\u00b4estratto dalla radice di genuino ginseng coreano rosso Preparazione: Versare sul contenuto del sacchetto 100-150 ml di acqua calda (non bollente) o fredda. Conservazione: Conservare in un luogo asciutto, lontano dalla luce diretta del sole. Termine minimo di conservazione: la data indicata sulla confezione  Produttore: KUAN Industrial Co. Ltd., Korea  Made in Korea","og_url":"https:\/\/www.ginlac.eu\/it\/prodotto\/caffe-rosso-50g\/","og_site_name":"GINLAC - Korean Ginseng","article_modified_time":"2020-07-08T17:00:25+00:00","og_image":[{"width":800,"height":533,"url":"https:\/\/www.ginlac.eu\/wp-content\/uploads\/Instant-Red-coffee_1.png","type":"image\/png"}],"twitter_card":"summary_large_image","schema":{"@context":"https:\/\/schema.org","@graph":[{"@type":"WebSite","@id":"https:\/\/www.ginlac.eu\/it\/#website","url":"https:\/\/www.ginlac.eu\/it\/","name":"GINLAC - Korean Ginseng","description":"Korea INSAM trademark","potentialAction":[{"@type":"SearchAction","target":{"@type":"EntryPoint","urlTemplate":"https:\/\/www.ginlac.eu\/it\/?s={search_term_string}"},"query-input":"required name=search_term_string"}],"inLanguage":"it-IT"},{"@type":"WebPage","@id":"https:\/\/www.ginlac.eu\/it\/prodotto\/caffe-rosso-50g\/","url":"https:\/\/www.ginlac.eu\/it\/prodotto\/caffe-rosso-50g\/","name":"Caff\u00e9 Rosso 50g - GINLAC - Korean Ginseng","isPartOf":{"@id":"https:\/\/www.ginlac.eu\/it\/#website"},"datePublished":"2019-09-16T21:05:55+00:00","dateModified":"2020-07-08T17:00:25+00:00","breadcrumb":{"@id":"https:\/\/www.ginlac.eu\/it\/prodotto\/caffe-rosso-50g\/#breadcrumb"},"inLanguage":"it-IT","potentialAction":[{"@type":"ReadAction","target":["https:\/\/www.ginlac.eu\/it\/prodotto\/caffe-rosso-50g\/"]}]},{"@type":"BreadcrumbList","@id":"https:\/\/www.ginlac.eu\/it\/prodotto\/caffe-rosso-50g\/#breadcrumb","itemListElement":[{"@type":"ListItem","position":1,"name":"Home","item":"https:\/\/www.ginlac.eu\/it\/"},{"@type":"ListItem","position":2,"name":""},{"@type":"ListItem","position":3,"name":"Caff\u00e9 Rosso 50g"}]}]}},"_links":{"self":[{"href":"https:\/\/www.ginlac.eu\/it\/wp-json\/wp\/v2\/product\/2895"}],"collection":[{"href":"https:\/\/www.ginlac.eu\/it\/wp-json\/wp\/v2\/product"}],"about":[{"href":"https:\/\/www.ginlac.eu\/it\/wp-json\/wp\/v2\/types\/product"}],"wp:featuredmedia":[{"embeddable":true,"href":"https:\/\/www.ginlac.eu\/it\/wp-json\/wp\/v2\/media\/317"}],"wp:attachment":[{"href":"https:\/\/www.ginlac.eu\/it\/wp-json\/wp\/v2\/media?parent=2895"}],"wp:term":[{"taxonomy":"product_cat","embeddable":true,"href":"https:\/\/www.ginlac.eu\/it\/wp-json\/wp\/v2\/product_cat?post=2895"},{"taxonomy":"product_tag","embeddable":true,"href":"https:\/\/www.ginlac.eu\/it\/wp-json\/wp\/v2\/product_tag?post=2895"}],"curies":[{"name":"wp","href":"https:\/\/api.w.org\/{rel}","templated":true}]}}