{"id":2120,"date":"2019-09-23T10:29:49","date_gmt":"2019-09-23T10:29:49","guid":{"rendered":"http:\/\/www.ginlac2019.cz.uvirt84.active24.cz\/o-nas\/"},"modified":"2021-08-20T14:57:44","modified_gmt":"2021-08-20T14:57:44","slug":"o-nas","status":"publish","type":"page","link":"https:\/\/www.ginlac.eu\/pl\/o-nas\/","title":{"rendered":"O nas"},"content":{"rendered":"\t\t<div data-elementor-type=\"wp-page\" data-elementor-id=\"2120\" class=\"elementor elementor-2120 elementor-2084\">\n\t\t\t\t\t\t<div class=\"elementor-inner\">\n\t\t\t\t<div class=\"elementor-section-wrap\">\n\t\t\t\t\t\t\t\t\t<section class=\"elementor-section elementor-top-section elementor-element elementor-element-e37a3f5 elementor-section-boxed elementor-section-height-default elementor-section-height-default\" data-id=\"e37a3f5\" data-element_type=\"section\">\n\t\t\t\t\t\t<div class=\"elementor-container elementor-column-gap-default\">\n\t\t\t\t\t\t\t<div class=\"elementor-row\">\n\t\t\t\t\t<div class=\"elementor-column elementor-col-100 elementor-top-column elementor-element elementor-element-a31b305\" data-id=\"a31b305\" data-element_type=\"column\">\n\t\t\t<div class=\"elementor-column-wrap elementor-element-populated\">\n\t\t\t\t\t\t\t<div class=\"elementor-widget-wrap\">\n\t\t\t\t\t\t<div class=\"elementor-element elementor-element-f6c3956 elementor-widget elementor-widget-heading\" data-id=\"f6c3956\" data-element_type=\"widget\" data-widget_type=\"heading.default\">\n\t\t\t\t<div class=\"elementor-widget-container\">\n\t\t\t<h1 class=\"elementor-heading-title elementor-size-xl\">O nas<\/h1>\t\t<\/div>\n\t\t\t\t<\/div>\n\t\t\t\t<div class=\"elementor-element elementor-element-bf7d0fd elementor-widget-divider--view-line elementor-widget elementor-widget-divider\" data-id=\"bf7d0fd\" data-element_type=\"widget\" data-widget_type=\"divider.default\">\n\t\t\t\t<div class=\"elementor-widget-container\">\n\t\t\t\t\t<div class=\"elementor-divider\">\n\t\t\t<span class=\"elementor-divider-separator\">\n\t\t\t\t\t\t<\/span>\n\t\t<\/div>\n\t\t\t\t<\/div>\n\t\t\t\t<\/div>\n\t\t\t\t\t\t<\/div>\n\t\t\t\t\t<\/div>\n\t\t<\/div>\n\t\t\t\t\t\t\t\t<\/div>\n\t\t\t\t\t<\/div>\n\t\t<\/section>\n\t\t\t\t<section class=\"elementor-section elementor-top-section elementor-element elementor-element-2864486 elementor-section-boxed elementor-section-height-default elementor-section-height-default\" data-id=\"2864486\" data-element_type=\"section\">\n\t\t\t\t\t\t<div class=\"elementor-container elementor-column-gap-default\">\n\t\t\t\t\t\t\t<div class=\"elementor-row\">\n\t\t\t\t\t<div class=\"elementor-column elementor-col-50 elementor-top-column elementor-element elementor-element-0af329d\" data-id=\"0af329d\" data-element_type=\"column\">\n\t\t\t<div class=\"elementor-column-wrap elementor-element-populated\">\n\t\t\t\t\t\t\t<div class=\"elementor-widget-wrap\">\n\t\t\t\t\t\t<div class=\"elementor-element elementor-element-7e8ff40 elementor-widget elementor-widget-text-editor\" data-id=\"7e8ff40\" data-element_type=\"widget\" data-widget_type=\"text-editor.default\">\n\t\t\t\t<div class=\"elementor-widget-container\">\n\t\t\t\t\t\t\t\t<div class=\"elementor-text-editor elementor-clearfix\">\n\t\t\t\t<p>GINLAC zajmuje si\u0119 przetw\u00f3rstwem \u017ce\u0144szeniu od <span style=\"font-weight: bold;\">27-ciu lat<\/span>. W Korei Po\u0142udniowej nale\u017cy ona mi\u0119dzy <span style=\"font-weight: bold;\">najbardziej znacz\u0105cych producent\u00f3w<\/span> z szerok\u0105 ofert\u0105 produkt\u00f3w nios\u0105cych znak jako\u015bci <span style=\"font-weight: bold;\">Korea INSAM<\/span>. Tym znakiem mog\u0105 si\u0119 prezentowa\u0107 tylko ci producenci korea\u0144scy, kt\u00f3rzy przetwarzaj\u0105 tylko prawdziwy \u017ce\u0144sze\u0144 korea\u0144ski (Panax Ginseng) pochodz\u0105cy od hodowc\u00f3w certyfikowanych a podczas przetwarzania korzenia dotrzymuj\u0105 scis\u0142e standardy i procesy produkcyjne.<\/p>\n\t\t\t\t\t<\/div>\n\t\t\t\t\t\t<\/div>\n\t\t\t\t<\/div>\n\t\t\t\t<div class=\"elementor-element elementor-element-48a3467 elementor-widget elementor-widget-text-editor\" data-id=\"48a3467\" data-element_type=\"widget\" data-widget_type=\"text-editor.default\">\n\t\t\t\t<div class=\"elementor-widget-container\">\n\t\t\t\t\t\t\t\t<div class=\"elementor-text-editor elementor-clearfix\">\n\t\t\t\t<p>Nast\u0119pnie zajmuje si\u0119 firma GINLAC rozwojem nowych technologii i posiada kilka patent\u00f3w. Tym najwa\u017cniejszym jest <span style=\"font-weight: bold;\">patent do fermentacji<\/span> wyci\u0105gu z \u017ce\u0144szeniu czerwonego. Dzi\u0119ki tej unikalnej technologii jest organizm cz\u0142owieka zdolny przyj\u0105\u0107 maksymaln\u0105 ilo\u015b\u0107 ginsenozyd\u00f3w (substancji czynnych), kt\u00f3re bez fermentacji cia\u0142o cz\u0142owieka cz\u0119\u015bciowo wydali bez wykorzystania.<\/p>\n\t\t\t\t\t<\/div>\n\t\t\t\t\t\t<\/div>\n\t\t\t\t<\/div>\n\t\t\t\t<div class=\"elementor-element elementor-element-8219daa elementor-widget elementor-widget-text-editor\" data-id=\"8219daa\" data-element_type=\"widget\" data-widget_type=\"text-editor.default\">\n\t\t\t\t<div class=\"elementor-widget-container\">\n\t\t\t\t\t\t\t\t<div class=\"elementor-text-editor elementor-clearfix\">\n\t\t\t\t<p>Swoje produkty eksportuje firma Ginlac do Stan\u00f3w Zjednoczonych, Kanady, Japonii, Hong Kongu, Singapuru, niekt\u00f3rych pa\u0144stw Ameryki Po\u0142udniowej, Chin, Rosji, Australii, Nowej Zelandii a od roku 2015 dzi\u0119ki sp\u00f3\u0142ce KGI, r\u00f3wnie\u017c do Europy. Sp\u00f3\u0142ka KGI (Korean Ginseng Import) jest wy\u0142\u0105cznym importerem produkt\u00f3w firmy GINLAC na rynek europejski z siedzib\u0105 w Pradze, Republika Czeska.<\/p>\n\t\t\t\t\t<\/div>\n\t\t\t\t\t\t<\/div>\n\t\t\t\t<\/div>\n\t\t\t\t\t\t<\/div>\n\t\t\t\t\t<\/div>\n\t\t<\/div>\n\t\t\t\t<div class=\"elementor-column elementor-col-50 elementor-top-column elementor-element elementor-element-48d2a0e\" data-id=\"48d2a0e\" data-element_type=\"column\">\n\t\t\t<div class=\"elementor-column-wrap elementor-element-populated\">\n\t\t\t\t\t\t\t<div class=\"elementor-widget-wrap\">\n\t\t\t\t\t\t<div class=\"elementor-element elementor-element-901b6b0 elementor-widget elementor-widget-image\" data-id=\"901b6b0\" data-element_type=\"widget\" data-widget_type=\"image.default\">\n\t\t\t\t<div class=\"elementor-widget-container\">\n\t\t\t\t\t\t\t\t<div class=\"elementor-image\">\n\t\t\t\t\t\t\t\t\t\t\t\t<img loading=\"lazy\" decoding=\"async\" width=\"180\" height=\"177\" src=\"https:\/\/www.ginlac.eu\/wp-content\/uploads\/certifications-insam-logo.png\" class=\"attachment-large size-large\" alt=\"\" \/>\t\t\t\t\t\t\t\t\t\t\t\t\t\t<\/div>\n\t\t\t\t\t\t<\/div>\n\t\t\t\t<\/div>\n\t\t\t\t\t\t<\/div>\n\t\t\t\t\t<\/div>\n\t\t<\/div>\n\t\t\t\t\t\t\t\t<\/div>\n\t\t\t\t\t<\/div>\n\t\t<\/section>\n\t\t\t\t<section class=\"elementor-section elementor-top-section elementor-element elementor-element-92cb8c7 elementor-section-full_width elementor-section-height-default elementor-section-height-default\" data-id=\"92cb8c7\" data-element_type=\"section\">\n\t\t\t\t\t\t<div class=\"elementor-container elementor-column-gap-no\">\n\t\t\t\t\t\t\t<div class=\"elementor-row\">\n\t\t\t\t\t<div class=\"elementor-column elementor-col-100 elementor-top-column elementor-element elementor-element-59f2f0d\" data-id=\"59f2f0d\" data-element_type=\"column\">\n\t\t\t<div class=\"elementor-column-wrap elementor-element-populated\">\n\t\t\t\t\t\t\t<div class=\"elementor-widget-wrap\">\n\t\t\t\t\t\t<div class=\"elementor-element elementor-element-04e6339 elementor-widget elementor-widget-template\" data-id=\"04e6339\" data-element_type=\"widget\" data-widget_type=\"template.default\">\n\t\t\t\t<div class=\"elementor-widget-container\">\n\t\t\t\t\t<div class=\"elementor-template\">\n\t\t\t\t\t<div data-elementor-type=\"section\" data-elementor-id=\"2330\" class=\"elementor elementor-2330 elementor-2046\">\n\t\t\t\t\t<div class=\"elementor-section-wrap\">\n\t\t\t\t\t\t\t\t<section class=\"elementor-section elementor-top-section elementor-element elementor-element-1437aeb elementor-section-height-min-height elementor-section-boxed elementor-section-height-default elementor-section-items-middle\" data-id=\"1437aeb\" data-element_type=\"section\" data-settings=\"{&quot;background_background&quot;:&quot;classic&quot;}\">\n\t\t\t\t\t\t\t<div class=\"elementor-background-overlay\"><\/div>\n\t\t\t\t\t\t\t<div class=\"elementor-container elementor-column-gap-default\">\n\t\t\t\t\t\t\t<div class=\"elementor-row\">\n\t\t\t\t\t<div class=\"elementor-column elementor-col-100 elementor-top-column elementor-element elementor-element-5387ab33\" data-id=\"5387ab33\" data-element_type=\"column\">\n\t\t\t<div class=\"elementor-column-wrap elementor-element-populated\">\n\t\t\t\t\t\t\t<div class=\"elementor-widget-wrap\">\n\t\t\t\t\t\t<div class=\"elementor-element elementor-element-2fd8bc35 elementor-widget elementor-widget-heading\" data-id=\"2fd8bc35\" data-element_type=\"widget\" data-widget_type=\"heading.default\">\n\t\t\t\t<div class=\"elementor-widget-container\">\n\t\t\t<h2 class=\"elementor-heading-title elementor-size-xl\">Pozosta\u0144 z nami w kontakcie<\/h2>\t\t<\/div>\n\t\t\t\t<\/div>\n\t\t\t\t<div class=\"elementor-element elementor-element-3263f7d3 elementor-widget elementor-widget-text-editor\" data-id=\"3263f7d3\" data-element_type=\"widget\" data-widget_type=\"text-editor.default\">\n\t\t\t\t<div class=\"elementor-widget-container\">\n\t\t\t\t\t\t\t\t<div class=\"elementor-text-editor elementor-clearfix\">\n\t\t\t\t<p>Zapisz si\u0119 do naszego newslettera<\/p>\n\t\t\t\t\t<\/div>\n\t\t\t\t\t\t<\/div>\n\t\t\t\t<\/div>\n\t\t\t\t<div class=\"elementor-element elementor-element-6edd71b4 elementor-button-align-stretch elementor-widget elementor-widget-form\" data-id=\"6edd71b4\" data-element_type=\"widget\" data-settings=\"{&quot;button_width&quot;:&quot;25&quot;,&quot;step_next_label&quot;:&quot;Next&quot;,&quot;step_previous_label&quot;:&quot;Previous&quot;,&quot;step_type&quot;:&quot;number_text&quot;,&quot;step_icon_shape&quot;:&quot;circle&quot;}\" data-widget_type=\"form.default\">\n\t\t\t\t<div class=\"elementor-widget-container\">\n\t\t\t\t\t<form class=\"elementor-form\" method=\"post\" name=\"Nova forma\">\n\t\t\t<input type=\"hidden\" name=\"post_id\" value=\"2330\"\/>\n\t\t\t<input type=\"hidden\" name=\"form_id\" value=\"6edd71b4\"\/>\n\t\t\t<input type=\"hidden\" name=\"referer_title\" value=\"GINLAC &#8211; Korean Ginseng\" \/>\n\n\t\t\t\n\t\t\t<div class=\"elementor-form-fields-wrapper elementor-labels-\">\n\t\t\t\t\t\t\t\t<div class=\"elementor-field-type-email elementor-field-group elementor-column elementor-field-group-email elementor-col-75 elementor-field-required\">\n\t\t\t\t\t\t\t\t\t\t\t\t<label for=\"form-field-email\" class=\"elementor-field-label elementor-screen-only\">\n\t\t\t\t\t\t\t\tEmail Address\t\t\t\t\t\t\t<\/label>\n\t\t\t\t\t\t\t\t\t\t\t\t\t\t<input size=\"1\" type=\"email\" name=\"form_fields[email]\" id=\"form-field-email\" class=\"elementor-field elementor-size-sm  elementor-field-textual\" placeholder=\"Wpisz sw\u00f3j adres e-mail\" required=\"required\" aria-required=\"true\">\n\t\t\t\t\t\t\t\t\t\t\t<\/div>\n\t\t\t\t\t\t\t\t<div class=\"elementor-field-group elementor-column elementor-field-type-submit elementor-col-25 e-form__buttons\">\n\t\t\t\t\t<button type=\"submit\" class=\"elementor-button elementor-size-sm\">\n\t\t\t\t\t\t<span >\n\t\t\t\t\t\t\t\t\t\t\t\t\t\t\t<span class=\"elementor-align-icon-right elementor-button-icon\">\n\t\t\t\t\t\t\t\t\t<i aria-hidden=\"true\" class=\"fas fa-arrow-right\"><\/i>\t\t\t\t\t\t\t\t\t\t\t\t\t\t\t\t\t<\/span>\n\t\t\t\t\t\t\t\t\t\t\t\t\t\t\t\t\t\t\t\t\t\t<span class=\"elementor-button-text\">Zapisz si\u0119<\/span>\n\t\t\t\t\t\t\t\t\t\t\t\t\t<\/span>\n\t\t\t\t\t<\/button>\n\t\t\t\t<\/div>\n\t\t\t<\/div>\n\t\t<\/form>\n\t\t\t\t<\/div>\n\t\t\t\t<\/div>\n\t\t\t\t<div class=\"elementor-element elementor-element-26a623f0 elementor-widget elementor-widget-text-editor\" data-id=\"26a623f0\" data-element_type=\"widget\" data-widget_type=\"text-editor.default\">\n\t\t\t\t<div class=\"elementor-widget-container\">\n\t\t\t\t\t\t\t\t<div class=\"elementor-text-editor elementor-clearfix\">\n\t\t\t\t<p>Nie martw si\u0119, mo\u017cesz zrezygnowa\u0107 z subskrypcji w dowolnym momencie.<\/p>\n\t\t\t\t\t<\/div>\n\t\t\t\t\t\t<\/div>\n\t\t\t\t<\/div>\n\t\t\t\t\t\t<\/div>\n\t\t\t\t\t<\/div>\n\t\t<\/div>\n\t\t\t\t\t\t\t\t<\/div>\n\t\t\t\t\t<\/div>\n\t\t<\/section>\n\t\t\t\t\t\t\t<\/div>\n\t\t\t\t<\/div>\n\t\t\t\t<\/div>\n\t\t\t\t<\/div>\n\t\t\t\t<\/div>\n\t\t\t\t<div class=\"elementor-element elementor-element-5ce7da0 elementor-widget elementor-widget-counter\" data-id=\"5ce7da0\" data-element_type=\"widget\" data-widget_type=\"counter.default\">\n\t\t\t\t<div class=\"elementor-widget-container\">\n\t\t\t\t\t<div class=\"elementor-counter\">\n\t\t\t<div class=\"elementor-counter-number-wrapper\">\n\t\t\t\t<span class=\"elementor-counter-number-prefix\"><\/span>\n\t\t\t\t<span class=\"elementor-counter-number\" data-duration=\"2000\" data-to-value=\"100\" data-from-value=\"0\" data-delimiter=\",\">0<\/span>\n\t\t\t\t<span class=\"elementor-counter-number-suffix\"> %<\/span>\n\t\t\t<\/div>\n\t\t\t\t\t\t\t<div class=\"elementor-counter-title\">naturalny ekstrakt<\/div>\n\t\t\t\t\t<\/div>\n\t\t\t\t<\/div>\n\t\t\t\t<\/div>\n\t\t\t\t\t\t<\/div>\n\t\t\t\t\t<\/div>\n\t\t<\/div>\n\t\t\t\t\t\t\t\t<\/div>\n\t\t\t\t\t<\/div>\n\t\t<\/section>\n\t\t\t\t\t\t\t\t\t<\/div>\n\t\t\t<\/div>\n\t\t\t\t\t<\/div>\n\t\t","protected":false},"excerpt":{"rendered":"<p>O nas GINLAC zajmuje si\u0119 przetw\u00f3rstwem \u017ce\u0144szeniu od 27-ciu lat. W Korei Po\u0142udniowej nale\u017cy ona mi\u0119dzy najbardziej znacz\u0105cych producent\u00f3w z szerok\u0105 ofert\u0105 produkt\u00f3w nios\u0105cych znak jako\u015bci Korea INSAM. Tym znakiem mog\u0105 si\u0119 prezentowa\u0107 tylko ci producenci korea\u0144scy, kt\u00f3rzy przetwarzaj\u0105 tylko prawdziwy \u017ce\u0144sze\u0144 korea\u0144ski (Panax Ginseng) pochodz\u0105cy od hodowc\u00f3w certyfikowanych a podczas przetwarzania korzenia dotrzymuj\u0105 scis\u0142e [&hellip;]<\/p>\n","protected":false},"author":1,"featured_media":0,"parent":0,"menu_order":0,"comment_status":"closed","ping_status":"closed","template":"elementor_header_footer","meta":{"footnotes":""},"class_list":["post-2120","page","type-page","status-publish","hentry"],"yoast_head":"<!-- This site is optimized with the Yoast SEO plugin v19.4 - https:\/\/yoast.com\/wordpress\/plugins\/seo\/ -->\n<title>O nas - GINLAC - Korean Ginseng<\/title>\n<meta name=\"robots\" content=\"index, follow, max-snippet:-1, max-image-preview:large, max-video-preview:-1\" \/>\n<link rel=\"canonical\" href=\"https:\/\/www.ginlac.eu\/pl\/o-nas\/\" \/>\n<meta property=\"og:locale\" content=\"pl_PL\" \/>\n<meta property=\"og:type\" content=\"article\" \/>\n<meta property=\"og:title\" content=\"O nas - GINLAC - Korean Ginseng\" \/>\n<meta property=\"og:description\" content=\"O nas GINLAC zajmuje si\u0119 przetw\u00f3rstwem \u017ce\u0144szeniu od 27-ciu lat. W Korei Po\u0142udniowej nale\u017cy ona mi\u0119dzy najbardziej znacz\u0105cych producent\u00f3w z szerok\u0105 ofert\u0105 produkt\u00f3w nios\u0105cych znak jako\u015bci Korea INSAM. Tym znakiem mog\u0105 si\u0119 prezentowa\u0107 tylko ci producenci korea\u0144scy, kt\u00f3rzy przetwarzaj\u0105 tylko prawdziwy \u017ce\u0144sze\u0144 korea\u0144ski (Panax Ginseng) pochodz\u0105cy od hodowc\u00f3w certyfikowanych a podczas przetwarzania korzenia dotrzymuj\u0105 scis\u0142e [&hellip;]\" \/>\n<meta property=\"og:url\" content=\"https:\/\/www.ginlac.eu\/pl\/o-nas\/\" \/>\n<meta property=\"og:site_name\" content=\"GINLAC - Korean Ginseng\" \/>\n<meta property=\"article:modified_time\" content=\"2021-08-20T14:57:44+00:00\" \/>\n<meta property=\"og:image\" content=\"https:\/\/www.ginlac.eu\/wp-content\/uploads\/certifications-insam-logo.png\" \/>\n<meta name=\"twitter:card\" content=\"summary_large_image\" \/>\n<meta name=\"twitter:label1\" content=\"Szacowany czas czytania\" \/>\n\t<meta name=\"twitter:data1\" content=\"1 minuta\" \/>\n<script type=\"application\/ld+json\" class=\"yoast-schema-graph\">{\"@context\":\"https:\/\/schema.org\",\"@graph\":[{\"@type\":\"WebSite\",\"@id\":\"https:\/\/www.ginlac.eu\/pl\/#website\",\"url\":\"https:\/\/www.ginlac.eu\/pl\/\",\"name\":\"GINLAC - Korean Ginseng\",\"description\":\"Korea INSAM trademark\",\"potentialAction\":[{\"@type\":\"SearchAction\",\"target\":{\"@type\":\"EntryPoint\",\"urlTemplate\":\"https:\/\/www.ginlac.eu\/pl\/?s={search_term_string}\"},\"query-input\":\"required name=search_term_string\"}],\"inLanguage\":\"pl-PL\"},{\"@type\":\"WebPage\",\"@id\":\"https:\/\/www.ginlac.eu\/pl\/o-nas\/\",\"url\":\"https:\/\/www.ginlac.eu\/pl\/o-nas\/\",\"name\":\"O nas - GINLAC - Korean Ginseng\",\"isPartOf\":{\"@id\":\"https:\/\/www.ginlac.eu\/pl\/#website\"},\"datePublished\":\"2019-09-23T10:29:49+00:00\",\"dateModified\":\"2021-08-20T14:57:44+00:00\",\"breadcrumb\":{\"@id\":\"https:\/\/www.ginlac.eu\/pl\/o-nas\/#breadcrumb\"},\"inLanguage\":\"pl-PL\",\"potentialAction\":[{\"@type\":\"ReadAction\",\"target\":[\"https:\/\/www.ginlac.eu\/pl\/o-nas\/\"]}]},{\"@type\":\"BreadcrumbList\",\"@id\":\"https:\/\/www.ginlac.eu\/pl\/o-nas\/#breadcrumb\",\"itemListElement\":[{\"@type\":\"ListItem\",\"position\":1,\"name\":\"Home\",\"item\":\"https:\/\/www.ginlac.eu\/pl\/\"},{\"@type\":\"ListItem\",\"position\":2,\"name\":\"O nas\"}]}]}<\/script>\n<!-- \/ Yoast SEO plugin. -->","yoast_head_json":{"title":"O nas - GINLAC - Korean Ginseng","robots":{"index":"index","follow":"follow","max-snippet":"max-snippet:-1","max-image-preview":"max-image-preview:large","max-video-preview":"max-video-preview:-1"},"canonical":"https:\/\/www.ginlac.eu\/pl\/o-nas\/","og_locale":"pl_PL","og_type":"article","og_title":"O nas - GINLAC - Korean Ginseng","og_description":"O nas GINLAC zajmuje si\u0119 przetw\u00f3rstwem \u017ce\u0144szeniu od 27-ciu lat. W Korei Po\u0142udniowej nale\u017cy ona mi\u0119dzy najbardziej znacz\u0105cych producent\u00f3w z szerok\u0105 ofert\u0105 produkt\u00f3w nios\u0105cych znak jako\u015bci Korea INSAM. Tym znakiem mog\u0105 si\u0119 prezentowa\u0107 tylko ci producenci korea\u0144scy, kt\u00f3rzy przetwarzaj\u0105 tylko prawdziwy \u017ce\u0144sze\u0144 korea\u0144ski (Panax Ginseng) pochodz\u0105cy od hodowc\u00f3w certyfikowanych a podczas przetwarzania korzenia dotrzymuj\u0105 scis\u0142e [&hellip;]","og_url":"https:\/\/www.ginlac.eu\/pl\/o-nas\/","og_site_name":"GINLAC - Korean Ginseng","article_modified_time":"2021-08-20T14:57:44+00:00","og_image":[{"url":"https:\/\/www.ginlac.eu\/wp-content\/uploads\/certifications-insam-logo.png"}],"twitter_card":"summary_large_image","twitter_misc":{"Szacowany czas czytania":"1 minuta"},"schema":{"@context":"https:\/\/schema.org","@graph":[{"@type":"WebSite","@id":"https:\/\/www.ginlac.eu\/pl\/#website","url":"https:\/\/www.ginlac.eu\/pl\/","name":"GINLAC - Korean Ginseng","description":"Korea INSAM trademark","potentialAction":[{"@type":"SearchAction","target":{"@type":"EntryPoint","urlTemplate":"https:\/\/www.ginlac.eu\/pl\/?s={search_term_string}"},"query-input":"required name=search_term_string"}],"inLanguage":"pl-PL"},{"@type":"WebPage","@id":"https:\/\/www.ginlac.eu\/pl\/o-nas\/","url":"https:\/\/www.ginlac.eu\/pl\/o-nas\/","name":"O nas - GINLAC - Korean Ginseng","isPartOf":{"@id":"https:\/\/www.ginlac.eu\/pl\/#website"},"datePublished":"2019-09-23T10:29:49+00:00","dateModified":"2021-08-20T14:57:44+00:00","breadcrumb":{"@id":"https:\/\/www.ginlac.eu\/pl\/o-nas\/#breadcrumb"},"inLanguage":"pl-PL","potentialAction":[{"@type":"ReadAction","target":["https:\/\/www.ginlac.eu\/pl\/o-nas\/"]}]},{"@type":"BreadcrumbList","@id":"https:\/\/www.ginlac.eu\/pl\/o-nas\/#breadcrumb","itemListElement":[{"@type":"ListItem","position":1,"name":"Home","item":"https:\/\/www.ginlac.eu\/pl\/"},{"@type":"ListItem","position":2,"name":"O nas"}]}]}},"_links":{"self":[{"href":"https:\/\/www.ginlac.eu\/pl\/wp-json\/wp\/v2\/pages\/2120"}],"collection":[{"href":"https:\/\/www.ginlac.eu\/pl\/wp-json\/wp\/v2\/pages"}],"about":[{"href":"https:\/\/www.ginlac.eu\/pl\/wp-json\/wp\/v2\/types\/page"}],"author":[{"embeddable":true,"href":"https:\/\/www.ginlac.eu\/pl\/wp-json\/wp\/v2\/users\/1"}],"replies":[{"embeddable":true,"href":"https:\/\/www.ginlac.eu\/pl\/wp-json\/wp\/v2\/comments?post=2120"}],"version-history":[{"count":9,"href":"https:\/\/www.ginlac.eu\/pl\/wp-json\/wp\/v2\/pages\/2120\/revisions"}],"predecessor-version":[{"id":3273,"href":"https:\/\/www.ginlac.eu\/pl\/wp-json\/wp\/v2\/pages\/2120\/revisions\/3273"}],"wp:attachment":[{"href":"https:\/\/www.ginlac.eu\/pl\/wp-json\/wp\/v2\/media?parent=2120"}],"curies":[{"name":"wp","href":"https:\/\/api.w.org\/{rel}","templated":true}]}}