{"id":1659,"date":"2019-09-16T21:05:55","date_gmt":"2019-09-16T21:05:55","guid":{"rendered":"http:\/\/www.ginlac.eu.uvirt55.active24.cz\/product\/wyciag-fermentowany-gold\/"},"modified":"2023-11-12T12:13:39","modified_gmt":"2023-11-12T12:13:39","slug":"wyciag-fermentowany-gold","status":"publish","type":"product","link":"https:\/\/www.ginlac.eu\/pl\/produkt\/wyciag-fermentowany-gold\/","title":{"rendered":"Wyci\u0105g fermentowany GOLD"},"content":{"rendered":"","protected":false},"excerpt":{"rendered":"<p>Doskonale zr\u00f3wnowa\u017cony wyci\u0105g zawiera du\u017c\u0105 ilo\u015b\u0107 ginsenozyd\u00f3w (Rg1, Rb1 iRg3. 6mg\/g) a komponent fermentowany osi\u0105ga 7%. Dzi\u0119ki tej zawarto\u015bci i niskiej cenie na rynku europejskim, nale\u017cy ten w\u0142a\u015bnie wyci\u0105g do najlepiej si\u0119 sprzedaj\u0105cych.<\/p>\n<p><strong>Opakowanie:<\/strong>\u00a050g<\/p>\n<p><strong>Zalecane dawkowanie :\u00a0<\/strong>1 do 2x dziennie jedn\u0105 do\u0142\u0105czon\u0105 \u0142y\u017ceczk\u0119 (1g) nale\u017cy spo\u017cy\u0107 wprost i zapi\u0107 wod\u0105. Mo\u017cna rozpu\u015bci\u0107 w\u02dbciep\u0142ej oraz zimnej wodzie. W celu unikni\u0119cia gorskiego smaku mo\u017cna doda\u0107 cukier lub mi\u00f3d.<\/p>\n<p><strong>Przechowywanie:\u00a0<\/strong>Na suchym miejscu przy temperaturze do 25\u00a0\u00b0C, nie wystawiaj bezpo\u015bredniemu s\u0142o\u0144cu i przechowuj poza zasi\u0119gem dzieci.<\/p>\n<p><strong>Producent:<\/strong>\u00a0KUAN Industrial Co. Ltd., Korea<\/p>\n<p><strong>Made in Korea<\/strong><\/p>\n","protected":false},"featured_media":281,"template":"","meta":[],"product_cat":[46],"product_tag":[47],"class_list":["post-1659","product","type-product","status-publish","has-post-thumbnail","hentry","product_cat-ginseng-pl","product_tag-ginseng-pl"],"yoast_head":"<!-- This site is optimized with the Yoast SEO plugin v19.4 - https:\/\/yoast.com\/wordpress\/plugins\/seo\/ -->\n<title>Wyci\u0105g fermentowany GOLD - GINLAC - Korean Ginseng<\/title>\n<meta name=\"robots\" content=\"index, follow, max-snippet:-1, max-image-preview:large, max-video-preview:-1\" \/>\n<link rel=\"canonical\" href=\"https:\/\/www.ginlac.eu\/pl\/produkt\/wyciag-fermentowany-gold\/\" \/>\n<meta property=\"og:locale\" content=\"pl_PL\" \/>\n<meta property=\"og:type\" content=\"article\" \/>\n<meta property=\"og:title\" content=\"Wyci\u0105g fermentowany GOLD - GINLAC - Korean Ginseng\" \/>\n<meta property=\"og:description\" content=\"Doskonale zr\u00f3wnowa\u017cony wyci\u0105g zawiera du\u017c\u0105 ilo\u015b\u0107 ginsenozyd\u00f3w (Rg1, Rb1 iRg3. 6mg\/g) a komponent fermentowany osi\u0105ga 7%. Dzi\u0119ki tej zawarto\u015bci i niskiej cenie na rynku europejskim, nale\u017cy ten w\u0142a\u015bnie wyci\u0105g do najlepiej si\u0119 sprzedaj\u0105cych.  Opakowanie:\u00a050g  Zalecane dawkowanie :\u00a01 do 2x dziennie jedn\u0105 do\u0142\u0105czon\u0105 \u0142y\u017ceczk\u0119 (1g) nale\u017cy spo\u017cy\u0107 wprost i zapi\u0107 wod\u0105. Mo\u017cna rozpu\u015bci\u0107 w\u02dbciep\u0142ej oraz zimnej wodzie. W celu unikni\u0119cia gorskiego smaku mo\u017cna doda\u0107 cukier lub mi\u00f3d.  Przechowywanie:\u00a0Na suchym miejscu przy temperaturze do 25\u00a0\u00b0C, nie wystawiaj bezpo\u015bredniemu s\u0142o\u0144cu i przechowuj poza zasi\u0119gem dzieci.  Producent:\u00a0KUAN Industrial Co. Ltd., Korea  Made in Korea\" \/>\n<meta property=\"og:url\" content=\"https:\/\/www.ginlac.eu\/pl\/produkt\/wyciag-fermentowany-gold\/\" \/>\n<meta property=\"og:site_name\" content=\"GINLAC - Korean Ginseng\" \/>\n<meta property=\"article:modified_time\" content=\"2023-11-12T12:13:39+00:00\" \/>\n<meta property=\"og:image\" content=\"https:\/\/www.ginlac.eu\/wp-content\/uploads\/0R2A4220.png\" \/>\n\t<meta property=\"og:image:width\" content=\"800\" \/>\n\t<meta property=\"og:image:height\" content=\"533\" \/>\n\t<meta property=\"og:image:type\" content=\"image\/png\" \/>\n<meta name=\"twitter:card\" content=\"summary_large_image\" \/>\n<script type=\"application\/ld+json\" class=\"yoast-schema-graph\">{\"@context\":\"https:\/\/schema.org\",\"@graph\":[{\"@type\":\"WebSite\",\"@id\":\"https:\/\/www.ginlac.eu\/pl\/#website\",\"url\":\"https:\/\/www.ginlac.eu\/pl\/\",\"name\":\"GINLAC - Korean Ginseng\",\"description\":\"Korea INSAM trademark\",\"potentialAction\":[{\"@type\":\"SearchAction\",\"target\":{\"@type\":\"EntryPoint\",\"urlTemplate\":\"https:\/\/www.ginlac.eu\/pl\/?s={search_term_string}\"},\"query-input\":\"required name=search_term_string\"}],\"inLanguage\":\"pl-PL\"},{\"@type\":\"WebPage\",\"@id\":\"https:\/\/www.ginlac.eu\/pl\/produkt\/wyciag-fermentowany-gold\/\",\"url\":\"https:\/\/www.ginlac.eu\/pl\/produkt\/wyciag-fermentowany-gold\/\",\"name\":\"Wyci\u0105g fermentowany GOLD - GINLAC - Korean Ginseng\",\"isPartOf\":{\"@id\":\"https:\/\/www.ginlac.eu\/pl\/#website\"},\"datePublished\":\"2019-09-16T21:05:55+00:00\",\"dateModified\":\"2023-11-12T12:13:39+00:00\",\"breadcrumb\":{\"@id\":\"https:\/\/www.ginlac.eu\/pl\/produkt\/wyciag-fermentowany-gold\/#breadcrumb\"},\"inLanguage\":\"pl-PL\",\"potentialAction\":[{\"@type\":\"ReadAction\",\"target\":[\"https:\/\/www.ginlac.eu\/pl\/produkt\/wyciag-fermentowany-gold\/\"]}]},{\"@type\":\"BreadcrumbList\",\"@id\":\"https:\/\/www.ginlac.eu\/pl\/produkt\/wyciag-fermentowany-gold\/#breadcrumb\",\"itemListElement\":[{\"@type\":\"ListItem\",\"position\":1,\"name\":\"Home\",\"item\":\"https:\/\/www.ginlac.eu\/pl\/\"},{\"@type\":\"ListItem\",\"position\":2,\"name\":\"\"},{\"@type\":\"ListItem\",\"position\":3,\"name\":\"Wyci\u0105g fermentowany GOLD\"}]}]}<\/script>\n<!-- \/ Yoast SEO plugin. -->","yoast_head_json":{"title":"Wyci\u0105g fermentowany GOLD - GINLAC - Korean Ginseng","robots":{"index":"index","follow":"follow","max-snippet":"max-snippet:-1","max-image-preview":"max-image-preview:large","max-video-preview":"max-video-preview:-1"},"canonical":"https:\/\/www.ginlac.eu\/pl\/produkt\/wyciag-fermentowany-gold\/","og_locale":"pl_PL","og_type":"article","og_title":"Wyci\u0105g fermentowany GOLD - GINLAC - Korean Ginseng","og_description":"Doskonale zr\u00f3wnowa\u017cony wyci\u0105g zawiera du\u017c\u0105 ilo\u015b\u0107 ginsenozyd\u00f3w (Rg1, Rb1 iRg3. 6mg\/g) a komponent fermentowany osi\u0105ga 7%. Dzi\u0119ki tej zawarto\u015bci i niskiej cenie na rynku europejskim, nale\u017cy ten w\u0142a\u015bnie wyci\u0105g do najlepiej si\u0119 sprzedaj\u0105cych.  Opakowanie:\u00a050g  Zalecane dawkowanie :\u00a01 do 2x dziennie jedn\u0105 do\u0142\u0105czon\u0105 \u0142y\u017ceczk\u0119 (1g) nale\u017cy spo\u017cy\u0107 wprost i zapi\u0107 wod\u0105. Mo\u017cna rozpu\u015bci\u0107 w\u02dbciep\u0142ej oraz zimnej wodzie. W celu unikni\u0119cia gorskiego smaku mo\u017cna doda\u0107 cukier lub mi\u00f3d.  Przechowywanie:\u00a0Na suchym miejscu przy temperaturze do 25\u00a0\u00b0C, nie wystawiaj bezpo\u015bredniemu s\u0142o\u0144cu i przechowuj poza zasi\u0119gem dzieci.  Producent:\u00a0KUAN Industrial Co. Ltd., Korea  Made in Korea","og_url":"https:\/\/www.ginlac.eu\/pl\/produkt\/wyciag-fermentowany-gold\/","og_site_name":"GINLAC - Korean Ginseng","article_modified_time":"2023-11-12T12:13:39+00:00","og_image":[{"width":800,"height":533,"url":"https:\/\/www.ginlac.eu\/wp-content\/uploads\/0R2A4220.png","type":"image\/png"}],"twitter_card":"summary_large_image","schema":{"@context":"https:\/\/schema.org","@graph":[{"@type":"WebSite","@id":"https:\/\/www.ginlac.eu\/pl\/#website","url":"https:\/\/www.ginlac.eu\/pl\/","name":"GINLAC - Korean Ginseng","description":"Korea INSAM trademark","potentialAction":[{"@type":"SearchAction","target":{"@type":"EntryPoint","urlTemplate":"https:\/\/www.ginlac.eu\/pl\/?s={search_term_string}"},"query-input":"required name=search_term_string"}],"inLanguage":"pl-PL"},{"@type":"WebPage","@id":"https:\/\/www.ginlac.eu\/pl\/produkt\/wyciag-fermentowany-gold\/","url":"https:\/\/www.ginlac.eu\/pl\/produkt\/wyciag-fermentowany-gold\/","name":"Wyci\u0105g fermentowany GOLD - GINLAC - Korean Ginseng","isPartOf":{"@id":"https:\/\/www.ginlac.eu\/pl\/#website"},"datePublished":"2019-09-16T21:05:55+00:00","dateModified":"2023-11-12T12:13:39+00:00","breadcrumb":{"@id":"https:\/\/www.ginlac.eu\/pl\/produkt\/wyciag-fermentowany-gold\/#breadcrumb"},"inLanguage":"pl-PL","potentialAction":[{"@type":"ReadAction","target":["https:\/\/www.ginlac.eu\/pl\/produkt\/wyciag-fermentowany-gold\/"]}]},{"@type":"BreadcrumbList","@id":"https:\/\/www.ginlac.eu\/pl\/produkt\/wyciag-fermentowany-gold\/#breadcrumb","itemListElement":[{"@type":"ListItem","position":1,"name":"Home","item":"https:\/\/www.ginlac.eu\/pl\/"},{"@type":"ListItem","position":2,"name":""},{"@type":"ListItem","position":3,"name":"Wyci\u0105g fermentowany GOLD"}]}]}},"_links":{"self":[{"href":"https:\/\/www.ginlac.eu\/pl\/wp-json\/wp\/v2\/product\/1659"}],"collection":[{"href":"https:\/\/www.ginlac.eu\/pl\/wp-json\/wp\/v2\/product"}],"about":[{"href":"https:\/\/www.ginlac.eu\/pl\/wp-json\/wp\/v2\/types\/product"}],"wp:featuredmedia":[{"embeddable":true,"href":"https:\/\/www.ginlac.eu\/pl\/wp-json\/wp\/v2\/media\/281"}],"wp:attachment":[{"href":"https:\/\/www.ginlac.eu\/pl\/wp-json\/wp\/v2\/media?parent=1659"}],"wp:term":[{"taxonomy":"product_cat","embeddable":true,"href":"https:\/\/www.ginlac.eu\/pl\/wp-json\/wp\/v2\/product_cat?post=1659"},{"taxonomy":"product_tag","embeddable":true,"href":"https:\/\/www.ginlac.eu\/pl\/wp-json\/wp\/v2\/product_tag?post=1659"}],"curies":[{"name":"wp","href":"https:\/\/api.w.org\/{rel}","templated":true}]}}