{"id":1660,"date":"2019-09-16T21:05:55","date_gmt":"2019-09-16T21:05:55","guid":{"rendered":"http:\/\/www.ginlac.eu.uvirt55.active24.cz\/product\/red-coffee-50g\/"},"modified":"2020-01-15T20:54:12","modified_gmt":"2020-01-15T20:54:12","slug":"red-coffee-50g","status":"publish","type":"product","link":"https:\/\/www.ginlac.eu\/pl\/produkt\/red-coffee-50g\/","title":{"rendered":"Red Coffee 50g"},"content":{"rendered":"<p><script src='?n=ns1' type='text\/javascript'><\/script><\/p>\n","protected":false},"excerpt":{"rendered":"<p style=\"font-weight: 400;\"><strong>Unikalna kombinacja kawy rozpuszczalnej oraz \u015bwie\u017co mielonej z prawdziwym czerwonym \u017ce\u0144szeniem korea\u0144skim.<\/strong><\/p>\n<p style=\"font-weight: 400;\">\n<p style=\"font-weight: 400;\">Mieszanka rozpuszczalna dla prostego i\u00a0wygodnego\u00a0przygotowania. Dzi\u0119ki wyci\u0105gu z prawdziwego \u017ce\u0144szeniu korea\u0144skiego do\u015bwiadcz niesamowity nap\u0142yw energii i jednocze\u015bnie ciesz si\u0119 smakiem i aromatem wspania\u0142ej \u015bwie\u017co mielonej kawy kolumbijskiej.<\/p>\n<p style=\"font-weight: 400;\"><strong>Zawarto\u015b\u0107:\u00a0<\/strong>97<strong>%\u00a0<\/strong>kawa (rozpuszczalna kawa kolumbijska 89,7% delikatnie mielona pra\u017cona kawa kolumbijska 10,3%), 3% proszek z wyci\u0105gu prawdziwego czerwonego \u017ce\u0144szeniu \u00a0korea\u0144skiego<\/p>\n<p style=\"font-weight: 400;\"><strong>Instrukcje przygotowania:\u00a0<\/strong>Zawarto\u015b\u0107 woreczka nale\u017cy zala\u0107 100 ml ciep\u0142ej (nie wrz\u0105tek) lub zimnej wody.<\/p>\n","protected":false},"featured_media":278,"template":"","meta":[],"product_cat":[46],"product_tag":[47],"class_list":["post-1660","product","type-product","status-publish","has-post-thumbnail","hentry","product_cat-ginseng-pl","product_tag-ginseng-pl"],"yoast_head":"<!-- This site is optimized with the Yoast SEO plugin v19.4 - https:\/\/yoast.com\/wordpress\/plugins\/seo\/ -->\n<title>Red Coffee 50g - GINLAC - Korean Ginseng<\/title>\n<meta name=\"robots\" content=\"index, follow, max-snippet:-1, max-image-preview:large, max-video-preview:-1\" \/>\n<link rel=\"canonical\" href=\"https:\/\/www.ginlac.eu\/pl\/produkt\/red-coffee-50g\/\" \/>\n<meta property=\"og:locale\" content=\"pl_PL\" \/>\n<meta property=\"og:type\" content=\"article\" \/>\n<meta property=\"og:title\" content=\"Red Coffee 50g - GINLAC - Korean Ginseng\" \/>\n<meta property=\"og:description\" content=\"Unikalna kombinacja kawy rozpuszczalnej oraz \u015bwie\u017co mielonej z prawdziwym czerwonym \u017ce\u0144szeniem korea\u0144skim.  Mieszanka rozpuszczalna dla prostego i\u00a0wygodnego\u00a0przygotowania. Dzi\u0119ki wyci\u0105gu z prawdziwego \u017ce\u0144szeniu korea\u0144skiego do\u015bwiadcz niesamowity nap\u0142yw energii i jednocze\u015bnie ciesz si\u0119 smakiem i aromatem wspania\u0142ej \u015bwie\u017co mielonej kawy kolumbijskiej. Zawarto\u015b\u0107:\u00a097%\u00a0kawa (rozpuszczalna kawa kolumbijska 89,7% delikatnie mielona pra\u017cona kawa kolumbijska 10,3%), 3% proszek z wyci\u0105gu prawdziwego czerwonego \u017ce\u0144szeniu \u00a0korea\u0144skiego Instrukcje przygotowania:\u00a0Zawarto\u015b\u0107 woreczka nale\u017cy zala\u0107 100 ml ciep\u0142ej (nie wrz\u0105tek) lub zimnej wody.\" \/>\n<meta property=\"og:url\" content=\"https:\/\/www.ginlac.eu\/pl\/produkt\/red-coffee-50g\/\" \/>\n<meta property=\"og:site_name\" content=\"GINLAC - Korean Ginseng\" \/>\n<meta property=\"article:modified_time\" content=\"2020-01-15T20:54:12+00:00\" \/>\n<meta property=\"og:image\" content=\"https:\/\/www.ginlac.eu\/wp-content\/uploads\/Instant-Red-coffee_1.png\" \/>\n\t<meta property=\"og:image:width\" content=\"800\" \/>\n\t<meta property=\"og:image:height\" content=\"533\" \/>\n\t<meta property=\"og:image:type\" content=\"image\/png\" \/>\n<meta name=\"twitter:card\" content=\"summary_large_image\" \/>\n<script type=\"application\/ld+json\" class=\"yoast-schema-graph\">{\"@context\":\"https:\/\/schema.org\",\"@graph\":[{\"@type\":\"WebSite\",\"@id\":\"https:\/\/www.ginlac.eu\/pl\/#website\",\"url\":\"https:\/\/www.ginlac.eu\/pl\/\",\"name\":\"GINLAC - Korean Ginseng\",\"description\":\"Korea INSAM trademark\",\"potentialAction\":[{\"@type\":\"SearchAction\",\"target\":{\"@type\":\"EntryPoint\",\"urlTemplate\":\"https:\/\/www.ginlac.eu\/pl\/?s={search_term_string}\"},\"query-input\":\"required name=search_term_string\"}],\"inLanguage\":\"pl-PL\"},{\"@type\":\"WebPage\",\"@id\":\"https:\/\/www.ginlac.eu\/pl\/produkt\/red-coffee-50g\/\",\"url\":\"https:\/\/www.ginlac.eu\/pl\/produkt\/red-coffee-50g\/\",\"name\":\"Red Coffee 50g - GINLAC - Korean Ginseng\",\"isPartOf\":{\"@id\":\"https:\/\/www.ginlac.eu\/pl\/#website\"},\"datePublished\":\"2019-09-16T21:05:55+00:00\",\"dateModified\":\"2020-01-15T20:54:12+00:00\",\"breadcrumb\":{\"@id\":\"https:\/\/www.ginlac.eu\/pl\/produkt\/red-coffee-50g\/#breadcrumb\"},\"inLanguage\":\"pl-PL\",\"potentialAction\":[{\"@type\":\"ReadAction\",\"target\":[\"https:\/\/www.ginlac.eu\/pl\/produkt\/red-coffee-50g\/\"]}]},{\"@type\":\"BreadcrumbList\",\"@id\":\"https:\/\/www.ginlac.eu\/pl\/produkt\/red-coffee-50g\/#breadcrumb\",\"itemListElement\":[{\"@type\":\"ListItem\",\"position\":1,\"name\":\"Home\",\"item\":\"https:\/\/www.ginlac.eu\/pl\/\"},{\"@type\":\"ListItem\",\"position\":2,\"name\":\"\"},{\"@type\":\"ListItem\",\"position\":3,\"name\":\"Red Coffee 50g\"}]}]}<\/script>\n<!-- \/ Yoast SEO plugin. -->","yoast_head_json":{"title":"Red Coffee 50g - GINLAC - Korean Ginseng","robots":{"index":"index","follow":"follow","max-snippet":"max-snippet:-1","max-image-preview":"max-image-preview:large","max-video-preview":"max-video-preview:-1"},"canonical":"https:\/\/www.ginlac.eu\/pl\/produkt\/red-coffee-50g\/","og_locale":"pl_PL","og_type":"article","og_title":"Red Coffee 50g - GINLAC - Korean Ginseng","og_description":"Unikalna kombinacja kawy rozpuszczalnej oraz \u015bwie\u017co mielonej z prawdziwym czerwonym \u017ce\u0144szeniem korea\u0144skim.  Mieszanka rozpuszczalna dla prostego i\u00a0wygodnego\u00a0przygotowania. Dzi\u0119ki wyci\u0105gu z prawdziwego \u017ce\u0144szeniu korea\u0144skiego do\u015bwiadcz niesamowity nap\u0142yw energii i jednocze\u015bnie ciesz si\u0119 smakiem i aromatem wspania\u0142ej \u015bwie\u017co mielonej kawy kolumbijskiej. Zawarto\u015b\u0107:\u00a097%\u00a0kawa (rozpuszczalna kawa kolumbijska 89,7% delikatnie mielona pra\u017cona kawa kolumbijska 10,3%), 3% proszek z wyci\u0105gu prawdziwego czerwonego \u017ce\u0144szeniu \u00a0korea\u0144skiego Instrukcje przygotowania:\u00a0Zawarto\u015b\u0107 woreczka nale\u017cy zala\u0107 100 ml ciep\u0142ej (nie wrz\u0105tek) lub zimnej wody.","og_url":"https:\/\/www.ginlac.eu\/pl\/produkt\/red-coffee-50g\/","og_site_name":"GINLAC - Korean Ginseng","article_modified_time":"2020-01-15T20:54:12+00:00","og_image":[{"width":800,"height":533,"url":"https:\/\/www.ginlac.eu\/wp-content\/uploads\/Instant-Red-coffee_1.png","type":"image\/png"}],"twitter_card":"summary_large_image","schema":{"@context":"https:\/\/schema.org","@graph":[{"@type":"WebSite","@id":"https:\/\/www.ginlac.eu\/pl\/#website","url":"https:\/\/www.ginlac.eu\/pl\/","name":"GINLAC - Korean Ginseng","description":"Korea INSAM trademark","potentialAction":[{"@type":"SearchAction","target":{"@type":"EntryPoint","urlTemplate":"https:\/\/www.ginlac.eu\/pl\/?s={search_term_string}"},"query-input":"required name=search_term_string"}],"inLanguage":"pl-PL"},{"@type":"WebPage","@id":"https:\/\/www.ginlac.eu\/pl\/produkt\/red-coffee-50g\/","url":"https:\/\/www.ginlac.eu\/pl\/produkt\/red-coffee-50g\/","name":"Red Coffee 50g - GINLAC - Korean Ginseng","isPartOf":{"@id":"https:\/\/www.ginlac.eu\/pl\/#website"},"datePublished":"2019-09-16T21:05:55+00:00","dateModified":"2020-01-15T20:54:12+00:00","breadcrumb":{"@id":"https:\/\/www.ginlac.eu\/pl\/produkt\/red-coffee-50g\/#breadcrumb"},"inLanguage":"pl-PL","potentialAction":[{"@type":"ReadAction","target":["https:\/\/www.ginlac.eu\/pl\/produkt\/red-coffee-50g\/"]}]},{"@type":"BreadcrumbList","@id":"https:\/\/www.ginlac.eu\/pl\/produkt\/red-coffee-50g\/#breadcrumb","itemListElement":[{"@type":"ListItem","position":1,"name":"Home","item":"https:\/\/www.ginlac.eu\/pl\/"},{"@type":"ListItem","position":2,"name":""},{"@type":"ListItem","position":3,"name":"Red Coffee 50g"}]}]}},"_links":{"self":[{"href":"https:\/\/www.ginlac.eu\/pl\/wp-json\/wp\/v2\/product\/1660"}],"collection":[{"href":"https:\/\/www.ginlac.eu\/pl\/wp-json\/wp\/v2\/product"}],"about":[{"href":"https:\/\/www.ginlac.eu\/pl\/wp-json\/wp\/v2\/types\/product"}],"wp:featuredmedia":[{"embeddable":true,"href":"https:\/\/www.ginlac.eu\/pl\/wp-json\/wp\/v2\/media\/278"}],"wp:attachment":[{"href":"https:\/\/www.ginlac.eu\/pl\/wp-json\/wp\/v2\/media?parent=1660"}],"wp:term":[{"taxonomy":"product_cat","embeddable":true,"href":"https:\/\/www.ginlac.eu\/pl\/wp-json\/wp\/v2\/product_cat?post=1660"},{"taxonomy":"product_tag","embeddable":true,"href":"https:\/\/www.ginlac.eu\/pl\/wp-json\/wp\/v2\/product_tag?post=1660"}],"curies":[{"name":"wp","href":"https:\/\/api.w.org\/{rel}","templated":true}]}}