{"id":1661,"date":"2019-09-16T21:05:54","date_gmt":"2019-09-16T21:05:54","guid":{"rendered":"http:\/\/www.ginlac.eu.uvirt55.active24.cz\/product\/kapsulki-zenszeniowe-f\/"},"modified":"2023-11-12T12:24:10","modified_gmt":"2023-11-12T12:24:10","slug":"kapsulki-zenszeniowe-f","status":"publish","type":"product","link":"https:\/\/www.ginlac.eu\/pl\/produkt\/kapsulki-zenszeniowe-f\/","title":{"rendered":"Kapsu\u0142ki \u017ce\u0144szeniowe F"},"content":{"rendered":"","protected":false},"excerpt":{"rendered":"<p>Dla tych osob, kt\u00f3re nie lubi\u0105 gorzkiego smaku wyci\u0105gu \u017ce\u0144szeniowego, lub ch\u0119tnie by wzi\u0119\u0142y swoj\u0105 prawid\u0142ow\u0105 dawk\u0119 \u017ce\u0144szeniu wygodnie do biura czy na urlop, s\u0105 kapsu\u0142ki najlepszym wyborem. Pomog\u0105 z eliminacj\u0105 codziennego stresu i zm\u0119czenia a ju\u017c po dwutygodniowym u\u017cywaniu mo\u017cna odczu\u0107 korzystny wp\u0142yw \u017ce\u0144szeniu korea\u0144skiego.<\/p>\n<p>Kapsu\u0142ki zawieraj\u0105ce wyci\u0105g z czerwonego \u017ce\u0144szeniu sze\u015bcioletniego, ustanowi\u0105 w ciele ca\u0142kowity bilans, kt\u00f3ry zapewni r\u00f3wnowag\u0119 fizyczn\u0105 i psychiczn\u0105.<\/p>\n<p><strong>Zawarto\u015b\u0107 kapsu\u0142ki:\u00a0<\/strong>proszek fermentowany z wyci\u0105gu z czerwonego \u017ce\u0144szeniu korea\u0144skiego (ca\u0142kowita zawarto\u015b\u0107 ginsenosyd\u00f3w:\u00a0<strong>140 mg\/g\u00a0<\/strong>w tym Rg1, Rb1 oraz Rg3, 18 mg\/g) 66,8%, celuloza mikrokrystaliczna, dro\u017cd\u017ce suszone, beta-cyklodekstrin, isomaltooligosacharydy, dwutlenek krzemu, magnez stearynian, witamina C, bifidobakterie.<\/p>\n<p><strong>Opakowanie:<\/strong>\u00a060 kapsu\u0142ek<\/p>\n<p><strong>Zalecane dawkowanie:\u00a0<\/strong>1 kapsu\u0142k\u0119 dziennie zapi\u0107 wod\u0105 (podczas wysokiego obci\u0105\u017cenia fizycznego i psychicznego nawet 3 kapsu\u0142ki dziennie.<\/p>\n<p><strong>Przechowywanie:\u00a0<\/strong>Na suchym miejscu przy temperaturze do 25\u00a0\u00b0C, nie wystawiaj bezpo\u015bredniemu s\u0142o\u0144cu i przechowuj poza zasi\u0119gem dzieci.<\/p>\n<p><strong>Producent:<\/strong>\u00a0KUAN Industrial Co. Ltd., Korea<\/p>\n<p><strong>Made in Korea<\/strong><\/p>\n","protected":false},"featured_media":271,"template":"","meta":[],"product_cat":[46],"product_tag":[47],"class_list":["post-1661","product","type-product","status-publish","has-post-thumbnail","hentry","product_cat-ginseng-pl","product_tag-ginseng-pl"],"yoast_head":"<!-- This site is optimized with the Yoast SEO plugin v19.4 - https:\/\/yoast.com\/wordpress\/plugins\/seo\/ -->\n<title>Kapsu\u0142ki \u017ce\u0144szeniowe F - GINLAC - Korean Ginseng<\/title>\n<meta name=\"robots\" content=\"index, follow, max-snippet:-1, max-image-preview:large, max-video-preview:-1\" \/>\n<link rel=\"canonical\" href=\"https:\/\/www.ginlac.eu\/pl\/produkt\/kapsulki-zenszeniowe-f\/\" \/>\n<meta property=\"og:locale\" content=\"pl_PL\" \/>\n<meta property=\"og:type\" content=\"article\" \/>\n<meta property=\"og:title\" content=\"Kapsu\u0142ki \u017ce\u0144szeniowe F - GINLAC - Korean Ginseng\" \/>\n<meta property=\"og:description\" content=\"Dla tych osob, kt\u00f3re nie lubi\u0105 gorzkiego smaku wyci\u0105gu \u017ce\u0144szeniowego, lub ch\u0119tnie by wzi\u0119\u0142y swoj\u0105 prawid\u0142ow\u0105 dawk\u0119 \u017ce\u0144szeniu wygodnie do biura czy na urlop, s\u0105 kapsu\u0142ki najlepszym wyborem. Pomog\u0105 z eliminacj\u0105 codziennego stresu i zm\u0119czenia a ju\u017c po dwutygodniowym u\u017cywaniu mo\u017cna odczu\u0107 korzystny wp\u0142yw \u017ce\u0144szeniu korea\u0144skiego.  Kapsu\u0142ki zawieraj\u0105ce wyci\u0105g z czerwonego \u017ce\u0144szeniu sze\u015bcioletniego, ustanowi\u0105 w ciele ca\u0142kowity bilans, kt\u00f3ry zapewni r\u00f3wnowag\u0119 fizyczn\u0105 i psychiczn\u0105.  Zawarto\u015b\u0107 kapsu\u0142ki:\u00a0proszek fermentowany z wyci\u0105gu z czerwonego \u017ce\u0144szeniu korea\u0144skiego (ca\u0142kowita zawarto\u015b\u0107 ginsenosyd\u00f3w:\u00a0140 mg\/g\u00a0w tym Rg1, Rb1 oraz Rg3, 18 mg\/g) 66,8%, celuloza mikrokrystaliczna, dro\u017cd\u017ce suszone, beta-cyklodekstrin, isomaltooligosacharydy, dwutlenek krzemu, magnez stearynian, witamina C, bifidobakterie.  Opakowanie:\u00a060 kapsu\u0142ek  Zalecane dawkowanie:\u00a01 kapsu\u0142k\u0119 dziennie zapi\u0107 wod\u0105 (podczas wysokiego obci\u0105\u017cenia fizycznego i psychicznego nawet 3 kapsu\u0142ki dziennie.  Przechowywanie:\u00a0Na suchym miejscu przy temperaturze do 25\u00a0\u00b0C, nie wystawiaj bezpo\u015bredniemu s\u0142o\u0144cu i przechowuj poza zasi\u0119gem dzieci.  Producent:\u00a0KUAN Industrial Co. Ltd., Korea  Made in Korea\" \/>\n<meta property=\"og:url\" content=\"https:\/\/www.ginlac.eu\/pl\/produkt\/kapsulki-zenszeniowe-f\/\" \/>\n<meta property=\"og:site_name\" content=\"GINLAC - Korean Ginseng\" \/>\n<meta property=\"article:modified_time\" content=\"2023-11-12T12:24:10+00:00\" \/>\n<meta property=\"og:image\" content=\"https:\/\/www.ginlac.eu\/wp-content\/uploads\/Ginlac-Fermented-Korean-Red-Ginseng-Capsule-F_60Caps_2.png\" \/>\n\t<meta property=\"og:image:width\" content=\"800\" \/>\n\t<meta property=\"og:image:height\" content=\"533\" \/>\n\t<meta property=\"og:image:type\" content=\"image\/png\" \/>\n<meta name=\"twitter:card\" content=\"summary_large_image\" \/>\n<script type=\"application\/ld+json\" class=\"yoast-schema-graph\">{\"@context\":\"https:\/\/schema.org\",\"@graph\":[{\"@type\":\"WebSite\",\"@id\":\"https:\/\/www.ginlac.eu\/pl\/#website\",\"url\":\"https:\/\/www.ginlac.eu\/pl\/\",\"name\":\"GINLAC - Korean Ginseng\",\"description\":\"Korea INSAM trademark\",\"potentialAction\":[{\"@type\":\"SearchAction\",\"target\":{\"@type\":\"EntryPoint\",\"urlTemplate\":\"https:\/\/www.ginlac.eu\/pl\/?s={search_term_string}\"},\"query-input\":\"required name=search_term_string\"}],\"inLanguage\":\"pl-PL\"},{\"@type\":\"WebPage\",\"@id\":\"https:\/\/www.ginlac.eu\/pl\/produkt\/kapsulki-zenszeniowe-f\/\",\"url\":\"https:\/\/www.ginlac.eu\/pl\/produkt\/kapsulki-zenszeniowe-f\/\",\"name\":\"Kapsu\u0142ki \u017ce\u0144szeniowe F - GINLAC - Korean Ginseng\",\"isPartOf\":{\"@id\":\"https:\/\/www.ginlac.eu\/pl\/#website\"},\"datePublished\":\"2019-09-16T21:05:54+00:00\",\"dateModified\":\"2023-11-12T12:24:10+00:00\",\"breadcrumb\":{\"@id\":\"https:\/\/www.ginlac.eu\/pl\/produkt\/kapsulki-zenszeniowe-f\/#breadcrumb\"},\"inLanguage\":\"pl-PL\",\"potentialAction\":[{\"@type\":\"ReadAction\",\"target\":[\"https:\/\/www.ginlac.eu\/pl\/produkt\/kapsulki-zenszeniowe-f\/\"]}]},{\"@type\":\"BreadcrumbList\",\"@id\":\"https:\/\/www.ginlac.eu\/pl\/produkt\/kapsulki-zenszeniowe-f\/#breadcrumb\",\"itemListElement\":[{\"@type\":\"ListItem\",\"position\":1,\"name\":\"Home\",\"item\":\"https:\/\/www.ginlac.eu\/pl\/\"},{\"@type\":\"ListItem\",\"position\":2,\"name\":\"\"},{\"@type\":\"ListItem\",\"position\":3,\"name\":\"Kapsu\u0142ki \u017ce\u0144szeniowe F\"}]}]}<\/script>\n<!-- \/ Yoast SEO plugin. -->","yoast_head_json":{"title":"Kapsu\u0142ki \u017ce\u0144szeniowe F - GINLAC - Korean Ginseng","robots":{"index":"index","follow":"follow","max-snippet":"max-snippet:-1","max-image-preview":"max-image-preview:large","max-video-preview":"max-video-preview:-1"},"canonical":"https:\/\/www.ginlac.eu\/pl\/produkt\/kapsulki-zenszeniowe-f\/","og_locale":"pl_PL","og_type":"article","og_title":"Kapsu\u0142ki \u017ce\u0144szeniowe F - GINLAC - Korean Ginseng","og_description":"Dla tych osob, kt\u00f3re nie lubi\u0105 gorzkiego smaku wyci\u0105gu \u017ce\u0144szeniowego, lub ch\u0119tnie by wzi\u0119\u0142y swoj\u0105 prawid\u0142ow\u0105 dawk\u0119 \u017ce\u0144szeniu wygodnie do biura czy na urlop, s\u0105 kapsu\u0142ki najlepszym wyborem. Pomog\u0105 z eliminacj\u0105 codziennego stresu i zm\u0119czenia a ju\u017c po dwutygodniowym u\u017cywaniu mo\u017cna odczu\u0107 korzystny wp\u0142yw \u017ce\u0144szeniu korea\u0144skiego.  Kapsu\u0142ki zawieraj\u0105ce wyci\u0105g z czerwonego \u017ce\u0144szeniu sze\u015bcioletniego, ustanowi\u0105 w ciele ca\u0142kowity bilans, kt\u00f3ry zapewni r\u00f3wnowag\u0119 fizyczn\u0105 i psychiczn\u0105.  Zawarto\u015b\u0107 kapsu\u0142ki:\u00a0proszek fermentowany z wyci\u0105gu z czerwonego \u017ce\u0144szeniu korea\u0144skiego (ca\u0142kowita zawarto\u015b\u0107 ginsenosyd\u00f3w:\u00a0140 mg\/g\u00a0w tym Rg1, Rb1 oraz Rg3, 18 mg\/g) 66,8%, celuloza mikrokrystaliczna, dro\u017cd\u017ce suszone, beta-cyklodekstrin, isomaltooligosacharydy, dwutlenek krzemu, magnez stearynian, witamina C, bifidobakterie.  Opakowanie:\u00a060 kapsu\u0142ek  Zalecane dawkowanie:\u00a01 kapsu\u0142k\u0119 dziennie zapi\u0107 wod\u0105 (podczas wysokiego obci\u0105\u017cenia fizycznego i psychicznego nawet 3 kapsu\u0142ki dziennie.  Przechowywanie:\u00a0Na suchym miejscu przy temperaturze do 25\u00a0\u00b0C, nie wystawiaj bezpo\u015bredniemu s\u0142o\u0144cu i przechowuj poza zasi\u0119gem dzieci.  Producent:\u00a0KUAN Industrial Co. Ltd., Korea  Made in Korea","og_url":"https:\/\/www.ginlac.eu\/pl\/produkt\/kapsulki-zenszeniowe-f\/","og_site_name":"GINLAC - Korean Ginseng","article_modified_time":"2023-11-12T12:24:10+00:00","og_image":[{"width":800,"height":533,"url":"https:\/\/www.ginlac.eu\/wp-content\/uploads\/Ginlac-Fermented-Korean-Red-Ginseng-Capsule-F_60Caps_2.png","type":"image\/png"}],"twitter_card":"summary_large_image","schema":{"@context":"https:\/\/schema.org","@graph":[{"@type":"WebSite","@id":"https:\/\/www.ginlac.eu\/pl\/#website","url":"https:\/\/www.ginlac.eu\/pl\/","name":"GINLAC - Korean Ginseng","description":"Korea INSAM trademark","potentialAction":[{"@type":"SearchAction","target":{"@type":"EntryPoint","urlTemplate":"https:\/\/www.ginlac.eu\/pl\/?s={search_term_string}"},"query-input":"required name=search_term_string"}],"inLanguage":"pl-PL"},{"@type":"WebPage","@id":"https:\/\/www.ginlac.eu\/pl\/produkt\/kapsulki-zenszeniowe-f\/","url":"https:\/\/www.ginlac.eu\/pl\/produkt\/kapsulki-zenszeniowe-f\/","name":"Kapsu\u0142ki \u017ce\u0144szeniowe F - GINLAC - Korean Ginseng","isPartOf":{"@id":"https:\/\/www.ginlac.eu\/pl\/#website"},"datePublished":"2019-09-16T21:05:54+00:00","dateModified":"2023-11-12T12:24:10+00:00","breadcrumb":{"@id":"https:\/\/www.ginlac.eu\/pl\/produkt\/kapsulki-zenszeniowe-f\/#breadcrumb"},"inLanguage":"pl-PL","potentialAction":[{"@type":"ReadAction","target":["https:\/\/www.ginlac.eu\/pl\/produkt\/kapsulki-zenszeniowe-f\/"]}]},{"@type":"BreadcrumbList","@id":"https:\/\/www.ginlac.eu\/pl\/produkt\/kapsulki-zenszeniowe-f\/#breadcrumb","itemListElement":[{"@type":"ListItem","position":1,"name":"Home","item":"https:\/\/www.ginlac.eu\/pl\/"},{"@type":"ListItem","position":2,"name":""},{"@type":"ListItem","position":3,"name":"Kapsu\u0142ki \u017ce\u0144szeniowe F"}]}]}},"_links":{"self":[{"href":"https:\/\/www.ginlac.eu\/pl\/wp-json\/wp\/v2\/product\/1661"}],"collection":[{"href":"https:\/\/www.ginlac.eu\/pl\/wp-json\/wp\/v2\/product"}],"about":[{"href":"https:\/\/www.ginlac.eu\/pl\/wp-json\/wp\/v2\/types\/product"}],"wp:featuredmedia":[{"embeddable":true,"href":"https:\/\/www.ginlac.eu\/pl\/wp-json\/wp\/v2\/media\/271"}],"wp:attachment":[{"href":"https:\/\/www.ginlac.eu\/pl\/wp-json\/wp\/v2\/media?parent=1661"}],"wp:term":[{"taxonomy":"product_cat","embeddable":true,"href":"https:\/\/www.ginlac.eu\/pl\/wp-json\/wp\/v2\/product_cat?post=1661"},{"taxonomy":"product_tag","embeddable":true,"href":"https:\/\/www.ginlac.eu\/pl\/wp-json\/wp\/v2\/product_tag?post=1661"}],"curies":[{"name":"wp","href":"https:\/\/api.w.org\/{rel}","templated":true}]}}