{"id":3643,"date":"2023-01-05T10:53:54","date_gmt":"2023-01-05T10:53:54","guid":{"rendered":"https:\/\/www.ginlac.eu\/product\/maska-na-twarz-z-zen-szenia\/"},"modified":"2023-01-05T10:53:54","modified_gmt":"2023-01-05T10:53:54","slug":"maska-na-twarz-z-zen-szenia","status":"publish","type":"product","link":"https:\/\/www.ginlac.eu\/pl\/produkt\/maska-na-twarz-z-zen-szenia\/","title":{"rendered":"Maska na twarz z \u017ce\u0144-szenia"},"content":{"rendered":"<p><strong>Nawil\u017caj\u0105ca maska \u200b\u200bz tkaniny premium z \u017ce\u0144-szeniem korea\u0144skim.<\/strong><\/p>\n<p>Dzi\u0119ki wysokiej zawarto\u015bci saponin pomaga wyg\u0142adzi\u0107 zmarszczki, od\u017cywia, nawil\u017ca i rozja\u015bnia zm\u0119czon\u0105 sk\u00f3r\u0119.<\/p>\n<p>Ju\u017c po pierwszym u\u017cyciu poczujesz dzia\u0142anie ekstrakt\u00f3w z prawdziwego \u017ce\u0144-szenia korea\u0144skiego, aloesu iportulaki pospolitej.<\/p>\n<ul>\n<li>prosty i przyjemny w u\u017cyciu<\/li>\n<li>najwy\u017cszej jako\u015bci sk\u0142adniki prosto z Korei<\/li>\n<li>tkanina z certyfikatem Oeko-Tex\u00ae Standard 100<\/li>\n<\/ul>\n<p>Zawiera ekstrakty z korzenia \u017ce\u0144-szenia korea\u0144skiego, aloesu i portulaki pospolitej, wod\u0119, gliceryn\u0119, kolagen i pantenol<\/p>\n<p>Kosmetyki korea\u0144skie zaliczane s\u0105 do najlepszych na \u015bwiecie, dzi\u0119ki zastosowaniu najnowocze\u015bniejszych technologii w przetwarzaniu szerokiej gamy ro\u015blin leczniczych. W\u015br\u00f3d najpopularniejszych produkt\u00f3w znajduj\u0105 si\u0119 maseczki do twarzy, szczeg\u00f3lnie ze wzgl\u0119du na ich \u0142atw\u0105 aplikacj\u0119 i szybko widoczne efekty.<\/p>\n<p>Po ponad 30-letnim do\u015bwiadczeniu w przetwarzaniu prawdziwego \u017ce\u0144-szenia korea\u0144skiego firma Ginlac przedstawia w\u0142a\u015bnie tak\u0105 mask\u0119. To nawil\u017caj\u0105ca maska \u200b\u200btkaninowa premium o wyj\u0105tkowym sk\u0142adzie i dobroczynnym dzia\u0142aniu na Twoj\u0105 sk\u00f3r\u0119.<\/p>\n","protected":false},"excerpt":{"rendered":"<p><strong>Nawil\u017caj\u0105ca maska \u200b\u200bz tkaniny premium z \u017ce\u0144-szeniem korea\u0144skim.<\/strong><\/p>\n<p>Dzi\u0119ki wysokiej zawarto\u015bci saponin pomaga wyg\u0142adzi\u0107 zmarszczki, od\u017cywia, nawil\u017ca i rozja\u015bnia zm\u0119czon\u0105 sk\u00f3r\u0119.<\/p>\n<p>Ju\u017c po pierwszym u\u017cyciu poczujesz dzia\u0142anie ekstrakt\u00f3w z prawdziwego \u017ce\u0144-szenia korea\u0144skiego, aloesu iportulaki pospolitej.<\/p>\n<ul>\n<li>prosty i przyjemny w u\u017cyciu<\/li>\n<li>najwy\u017cszej jako\u015bci sk\u0142adniki prosto z Korei<\/li>\n<li>tkanina z certyfikatem Oeko-Tex\u00ae Standard 100<\/li>\n<\/ul>\n<p>Zawiera ekstrakty z korzenia \u017ce\u0144-szenia korea\u0144skiego, aloesu i portulaki pospolitej, wod\u0119, gliceryn\u0119, kolagen i pantenol<\/p>\n<p>Kosmetyki korea\u0144skie zaliczane s\u0105 do najlepszych na \u015bwiecie, dzi\u0119ki zastosowaniu najnowocze\u015bniejszych technologii w przetwarzaniu szerokiej gamy ro\u015blin leczniczych. W\u015br\u00f3d najpopularniejszych produkt\u00f3w znajduj\u0105 si\u0119 maseczki do twarzy, szczeg\u00f3lnie ze wzgl\u0119du na ich \u0142atw\u0105 aplikacj\u0119 i szybko widoczne efekty.<\/p>\n<p>Po ponad 30-letnim do\u015bwiadczeniu w przetwarzaniu prawdziwego \u017ce\u0144-szenia korea\u0144skiego firma Ginlac przedstawia w\u0142a\u015bnie tak\u0105 mask\u0119. To nawil\u017caj\u0105ca maska \u200b\u200btkaninowa premium o wyj\u0105tkowym sk\u0142adzie i dobroczynnym dzia\u0142aniu na Twoj\u0105 sk\u00f3r\u0119.<\/p>\n","protected":false},"featured_media":3631,"template":"","meta":[],"product_cat":[15],"product_tag":[],"class_list":["post-3643","product","type-product","status-publish","has-post-thumbnail","hentry","product_cat-uncategorized"],"yoast_head":"<!-- This site is optimized with the Yoast SEO plugin v19.4 - https:\/\/yoast.com\/wordpress\/plugins\/seo\/ -->\n<title>Maska na twarz z \u017ce\u0144-szenia - GINLAC - Korean Ginseng<\/title>\n<meta name=\"robots\" content=\"index, follow, max-snippet:-1, max-image-preview:large, max-video-preview:-1\" \/>\n<link rel=\"canonical\" href=\"https:\/\/www.ginlac.eu\/pl\/produkt\/maska-na-twarz-z-zen-szenia\/\" \/>\n<meta property=\"og:locale\" content=\"pl_PL\" \/>\n<meta property=\"og:type\" content=\"article\" \/>\n<meta property=\"og:title\" content=\"Maska na twarz z \u017ce\u0144-szenia - GINLAC - Korean Ginseng\" \/>\n<meta property=\"og:description\" content=\"Nawil\u017caj\u0105ca maska \u200b\u200bz tkaniny premium z \u017ce\u0144-szeniem korea\u0144skim.  Dzi\u0119ki wysokiej zawarto\u015bci saponin pomaga wyg\u0142adzi\u0107 zmarszczki, od\u017cywia, nawil\u017ca i rozja\u015bnia zm\u0119czon\u0105 sk\u00f3r\u0119.  Ju\u017c po pierwszym u\u017cyciu poczujesz dzia\u0142anie ekstrakt\u00f3w z prawdziwego \u017ce\u0144-szenia korea\u0144skiego, aloesu iportulaki pospolitej.   prosty i przyjemny w u\u017cyciu  najwy\u017cszej jako\u015bci sk\u0142adniki prosto z Korei  tkanina z certyfikatem Oeko-Tex\u00ae Standard 100  Zawiera ekstrakty z korzenia \u017ce\u0144-szenia korea\u0144skiego, aloesu i portulaki pospolitej, wod\u0119, gliceryn\u0119, kolagen i pantenol  Kosmetyki korea\u0144skie zaliczane s\u0105 do najlepszych na \u015bwiecie, dzi\u0119ki zastosowaniu najnowocze\u015bniejszych technologii w przetwarzaniu szerokiej gamy ro\u015blin leczniczych. W\u015br\u00f3d najpopularniejszych produkt\u00f3w znajduj\u0105 si\u0119 maseczki do twarzy, szczeg\u00f3lnie ze wzgl\u0119du na ich \u0142atw\u0105 aplikacj\u0119 i szybko widoczne efekty.  Po ponad 30-letnim do\u015bwiadczeniu w przetwarzaniu prawdziwego \u017ce\u0144-szenia korea\u0144skiego firma Ginlac przedstawia w\u0142a\u015bnie tak\u0105 mask\u0119. To nawil\u017caj\u0105ca maska \u200b\u200btkaninowa premium o wyj\u0105tkowym sk\u0142adzie i dobroczynnym dzia\u0142aniu na Twoj\u0105 sk\u00f3r\u0119.\" \/>\n<meta property=\"og:url\" content=\"https:\/\/www.ginlac.eu\/pl\/produkt\/maska-na-twarz-z-zen-szenia\/\" \/>\n<meta property=\"og:site_name\" content=\"GINLAC - Korean Ginseng\" \/>\n<meta property=\"og:image\" content=\"https:\/\/www.ginlac.eu\/wp-content\/uploads\/pletova-maska-2.jpg\" \/>\n\t<meta property=\"og:image:width\" content=\"800\" \/>\n\t<meta property=\"og:image:height\" content=\"800\" \/>\n\t<meta property=\"og:image:type\" content=\"image\/jpeg\" \/>\n<meta name=\"twitter:card\" content=\"summary_large_image\" \/>\n<meta name=\"twitter:label1\" content=\"Szacowany czas czytania\" \/>\n\t<meta name=\"twitter:data1\" content=\"1 minuta\" \/>\n<script type=\"application\/ld+json\" class=\"yoast-schema-graph\">{\"@context\":\"https:\/\/schema.org\",\"@graph\":[{\"@type\":\"WebSite\",\"@id\":\"https:\/\/www.ginlac.eu\/pl\/#website\",\"url\":\"https:\/\/www.ginlac.eu\/pl\/\",\"name\":\"GINLAC - Korean Ginseng\",\"description\":\"Korea INSAM trademark\",\"potentialAction\":[{\"@type\":\"SearchAction\",\"target\":{\"@type\":\"EntryPoint\",\"urlTemplate\":\"https:\/\/www.ginlac.eu\/pl\/?s={search_term_string}\"},\"query-input\":\"required name=search_term_string\"}],\"inLanguage\":\"pl-PL\"},{\"@type\":\"WebPage\",\"@id\":\"https:\/\/www.ginlac.eu\/pl\/produkt\/maska-na-twarz-z-zen-szenia\/\",\"url\":\"https:\/\/www.ginlac.eu\/pl\/produkt\/maska-na-twarz-z-zen-szenia\/\",\"name\":\"Maska na twarz z \u017ce\u0144-szenia - GINLAC - Korean Ginseng\",\"isPartOf\":{\"@id\":\"https:\/\/www.ginlac.eu\/pl\/#website\"},\"datePublished\":\"2023-01-05T10:53:54+00:00\",\"dateModified\":\"2023-01-05T10:53:54+00:00\",\"breadcrumb\":{\"@id\":\"https:\/\/www.ginlac.eu\/pl\/produkt\/maska-na-twarz-z-zen-szenia\/#breadcrumb\"},\"inLanguage\":\"pl-PL\",\"potentialAction\":[{\"@type\":\"ReadAction\",\"target\":[\"https:\/\/www.ginlac.eu\/pl\/produkt\/maska-na-twarz-z-zen-szenia\/\"]}]},{\"@type\":\"BreadcrumbList\",\"@id\":\"https:\/\/www.ginlac.eu\/pl\/produkt\/maska-na-twarz-z-zen-szenia\/#breadcrumb\",\"itemListElement\":[{\"@type\":\"ListItem\",\"position\":1,\"name\":\"Home\",\"item\":\"https:\/\/www.ginlac.eu\/pl\/\"},{\"@type\":\"ListItem\",\"position\":2,\"name\":\"\"},{\"@type\":\"ListItem\",\"position\":3,\"name\":\"Maska na twarz z \u017ce\u0144-szenia\"}]}]}<\/script>\n<!-- \/ Yoast SEO plugin. -->","yoast_head_json":{"title":"Maska na twarz z \u017ce\u0144-szenia - GINLAC - Korean Ginseng","robots":{"index":"index","follow":"follow","max-snippet":"max-snippet:-1","max-image-preview":"max-image-preview:large","max-video-preview":"max-video-preview:-1"},"canonical":"https:\/\/www.ginlac.eu\/pl\/produkt\/maska-na-twarz-z-zen-szenia\/","og_locale":"pl_PL","og_type":"article","og_title":"Maska na twarz z \u017ce\u0144-szenia - GINLAC - Korean Ginseng","og_description":"Nawil\u017caj\u0105ca maska \u200b\u200bz tkaniny premium z \u017ce\u0144-szeniem korea\u0144skim.  Dzi\u0119ki wysokiej zawarto\u015bci saponin pomaga wyg\u0142adzi\u0107 zmarszczki, od\u017cywia, nawil\u017ca i rozja\u015bnia zm\u0119czon\u0105 sk\u00f3r\u0119.  Ju\u017c po pierwszym u\u017cyciu poczujesz dzia\u0142anie ekstrakt\u00f3w z prawdziwego \u017ce\u0144-szenia korea\u0144skiego, aloesu iportulaki pospolitej.   prosty i przyjemny w u\u017cyciu  najwy\u017cszej jako\u015bci sk\u0142adniki prosto z Korei  tkanina z certyfikatem Oeko-Tex\u00ae Standard 100  Zawiera ekstrakty z korzenia \u017ce\u0144-szenia korea\u0144skiego, aloesu i portulaki pospolitej, wod\u0119, gliceryn\u0119, kolagen i pantenol  Kosmetyki korea\u0144skie zaliczane s\u0105 do najlepszych na \u015bwiecie, dzi\u0119ki zastosowaniu najnowocze\u015bniejszych technologii w przetwarzaniu szerokiej gamy ro\u015blin leczniczych. W\u015br\u00f3d najpopularniejszych produkt\u00f3w znajduj\u0105 si\u0119 maseczki do twarzy, szczeg\u00f3lnie ze wzgl\u0119du na ich \u0142atw\u0105 aplikacj\u0119 i szybko widoczne efekty.  Po ponad 30-letnim do\u015bwiadczeniu w przetwarzaniu prawdziwego \u017ce\u0144-szenia korea\u0144skiego firma Ginlac przedstawia w\u0142a\u015bnie tak\u0105 mask\u0119. To nawil\u017caj\u0105ca maska \u200b\u200btkaninowa premium o wyj\u0105tkowym sk\u0142adzie i dobroczynnym dzia\u0142aniu na Twoj\u0105 sk\u00f3r\u0119.","og_url":"https:\/\/www.ginlac.eu\/pl\/produkt\/maska-na-twarz-z-zen-szenia\/","og_site_name":"GINLAC - Korean Ginseng","og_image":[{"width":800,"height":800,"url":"https:\/\/www.ginlac.eu\/wp-content\/uploads\/pletova-maska-2.jpg","type":"image\/jpeg"}],"twitter_card":"summary_large_image","twitter_misc":{"Szacowany czas czytania":"1 minuta"},"schema":{"@context":"https:\/\/schema.org","@graph":[{"@type":"WebSite","@id":"https:\/\/www.ginlac.eu\/pl\/#website","url":"https:\/\/www.ginlac.eu\/pl\/","name":"GINLAC - Korean Ginseng","description":"Korea INSAM trademark","potentialAction":[{"@type":"SearchAction","target":{"@type":"EntryPoint","urlTemplate":"https:\/\/www.ginlac.eu\/pl\/?s={search_term_string}"},"query-input":"required name=search_term_string"}],"inLanguage":"pl-PL"},{"@type":"WebPage","@id":"https:\/\/www.ginlac.eu\/pl\/produkt\/maska-na-twarz-z-zen-szenia\/","url":"https:\/\/www.ginlac.eu\/pl\/produkt\/maska-na-twarz-z-zen-szenia\/","name":"Maska na twarz z \u017ce\u0144-szenia - GINLAC - Korean Ginseng","isPartOf":{"@id":"https:\/\/www.ginlac.eu\/pl\/#website"},"datePublished":"2023-01-05T10:53:54+00:00","dateModified":"2023-01-05T10:53:54+00:00","breadcrumb":{"@id":"https:\/\/www.ginlac.eu\/pl\/produkt\/maska-na-twarz-z-zen-szenia\/#breadcrumb"},"inLanguage":"pl-PL","potentialAction":[{"@type":"ReadAction","target":["https:\/\/www.ginlac.eu\/pl\/produkt\/maska-na-twarz-z-zen-szenia\/"]}]},{"@type":"BreadcrumbList","@id":"https:\/\/www.ginlac.eu\/pl\/produkt\/maska-na-twarz-z-zen-szenia\/#breadcrumb","itemListElement":[{"@type":"ListItem","position":1,"name":"Home","item":"https:\/\/www.ginlac.eu\/pl\/"},{"@type":"ListItem","position":2,"name":""},{"@type":"ListItem","position":3,"name":"Maska na twarz z \u017ce\u0144-szenia"}]}]}},"_links":{"self":[{"href":"https:\/\/www.ginlac.eu\/pl\/wp-json\/wp\/v2\/product\/3643"}],"collection":[{"href":"https:\/\/www.ginlac.eu\/pl\/wp-json\/wp\/v2\/product"}],"about":[{"href":"https:\/\/www.ginlac.eu\/pl\/wp-json\/wp\/v2\/types\/product"}],"wp:featuredmedia":[{"embeddable":true,"href":"https:\/\/www.ginlac.eu\/pl\/wp-json\/wp\/v2\/media\/3631"}],"wp:attachment":[{"href":"https:\/\/www.ginlac.eu\/pl\/wp-json\/wp\/v2\/media?parent=3643"}],"wp:term":[{"taxonomy":"product_cat","embeddable":true,"href":"https:\/\/www.ginlac.eu\/pl\/wp-json\/wp\/v2\/product_cat?post=3643"},{"taxonomy":"product_tag","embeddable":true,"href":"https:\/\/www.ginlac.eu\/pl\/wp-json\/wp\/v2\/product_tag?post=3643"}],"curies":[{"name":"wp","href":"https:\/\/api.w.org\/{rel}","templated":true}]}}